{"id":1828,"date":"2022-08-23T19:23:33","date_gmt":"2022-08-23T23:23:33","guid":{"rendered":"https:\/\/staging.cmcelectronics.activ.is\/nouvelles-et-evenements\/events\/"},"modified":"2023-09-14T10:17:15","modified_gmt":"2023-09-14T14:17:15","slug":"evenements","status":"publish","type":"page","link":"https:\/\/staging.cmcelectronics.activ.is\/fr\/nouvelles-et-evenements\/evenements\/","title":{"rendered":"\u00c9v\u00e9nements"},"content":{"rendered":"\n<div class=\"wp-block-cover alignfull is-light is-style-title-banner\"><span aria-hidden=\"true\" class=\"wp-block-cover__background has-background-dim\"><\/span><img decoding=\"async\" width=\"1930\" height=\"360\" class=\"wp-block-cover__image-background wp-image-1006\" alt=\"\" src=\"https:\/\/staging.cmcelectronics.activ.is\/wp-content\/uploads\/2022\/10\/8.2-CMC_WEB_Top-banners_1920X360_bandeau_EVENTS.jpg\" data-object-fit=\"cover\" srcset=\"https:\/\/staging.cmcelectronics.activ.is\/wp-content\/uploads\/2022\/10\/8.2-CMC_WEB_Top-banners_1920X360_bandeau_EVENTS.jpg 1930w, https:\/\/staging.cmcelectronics.activ.is\/wp-content\/uploads\/2022\/10\/8.2-CMC_WEB_Top-banners_1920X360_bandeau_EVENTS-300x56.jpg 300w, https:\/\/staging.cmcelectronics.activ.is\/wp-content\/uploads\/2022\/10\/8.2-CMC_WEB_Top-banners_1920X360_bandeau_EVENTS-1024x191.jpg 1024w, https:\/\/staging.cmcelectronics.activ.is\/wp-content\/uploads\/2022\/10\/8.2-CMC_WEB_Top-banners_1920X360_bandeau_EVENTS-768x143.jpg 768w, https:\/\/staging.cmcelectronics.activ.is\/wp-content\/uploads\/2022\/10\/8.2-CMC_WEB_Top-banners_1920X360_bandeau_EVENTS-1536x287.jpg 1536w\" sizes=\"(max-width: 1930px) 100vw, 1930px\" \/><div class=\"wp-block-cover__inner-container\"><h3 class=\"wp-block-post-title\">\u00c9v\u00e9nements<\/h3><\/div><\/div>\n\n\n\n<div class=\"wp-block-group alignfull has-padding-y-large has-accent-background-color has-background\"><div class=\"yoast-breadcrumbs alignwide \"><span class=\"breadcrumbs\"><a href=\"https:\/\/staging.cmcelectronics.activ.is\/fr\/\" class=\"breadcrumbs__element\">Accueil<\/a> <span class=\"breadcrumbs__separator\">\n        <svg class=\"icon icon-breadcrumb__separator\"><use xlink:href=\"#icon-breadcrumb__separator\"><\/use><\/svg>\n    <\/span> <a href=\"https:\/\/staging.cmcelectronics.activ.is\/fr\/nouvelles-et-evenements\/\" class=\"breadcrumbs__element\">Nouvelles et \u00e9v\u00e9nements<\/a> <span class=\"breadcrumbs__separator\">\n        <svg class=\"icon icon-breadcrumb__separator\"><use xlink:href=\"#icon-breadcrumb__separator\"><\/use><\/svg>\n    <\/span> <span class=\"breadcrumbs__element breadcrumbs__element-current\">\u00c9v\u00e9nements<\/span><\/span><\/div><\/div>\n\n\n\n<h1 class=\"wp-block-heading\">\u00c9v\u00e9nements \u00e0 venir<\/h1>\n\n\n\n<p class=\"wp-block-paragraph\">Rencontrez les experts de CMC \u00e0 ces \u00e9v\u00e9nements:<\/p>\n\n\n\n<ul class=\"wp-block-list\">\n<li><a href=\"https:\/\/www.helicopter-china-expo.com\/\">China Helicopter Exposition, 14-17 septembre, Tianjin. Venez rencontrer notre repr\u00e9sentant au pavillon du Canada <\/a><\/li>\n\n\n\n<li><a href=\"https:\/\/events.techconnect.org\/MOSA_2023\/\">MOSA Industry and Government Summit and Expo, Atlanta, GA, 18-19 septembre, stand 438<\/a><\/li>\n\n\n\n<li><strong>2024<\/strong><\/li>\n\n\n\n<li><a href=\"https:\/\/www.singaporeairshow.com\/trade\">Singapore Airshow, Changi Exhibition Centre, 20-25 f\u00e9vrier, stand C-U99<\/a><\/li>\n\n\n\n<li><a href=\"https:\/\/heliexpo.com\/\">HAI Heli-Expo, Anaheim Convention Center,  Anaheim, CA, 27-29 f\u00e9vrier, stand 1536<\/a><\/li>\n\n\n\n<li><a href=\"https:\/\/s7.goeshow.com\/aaaa\/missionsolutions\/2024\/index.cfm\">Army Aviation Mission Solutions Summit, Gaylord Hotel and Convention Center, Denver, CO,<\/a> <a href=\"https:\/\/s7.goeshow.com\/aaaa\/missionsolutions\/2024\/index.cfm\">24-26 avril,  stand 3708<\/a><\/li>\n\n\n\n<li><a href=\"https:\/\/www.defenceandsecurity.ca\/CANSEC\/\">CANSEC, EY Centre, Ottawa, ON, 29-30 mai, stand 905<\/a><\/li>\n<\/ul>\n\n\n\n<p class=\"wp-block-paragraph\">Ne manquez pas nos webinaires:<\/p>\n\n\n\n<p class=\"wp-block-paragraph\"><a href=\"https:\/\/event.on24.com\/wcc\/r\/4308225\/03CD0E550CD20EBC634611C361C4D012?partnerref=INTCMCWEBSITE\">T\u00e9l\u00e9chargez sans frais notre webinaire sur l&rsquo;<\/a><strong><a href=\"https:\/\/event.on24.com\/wcc\/r\/4308225\/03CD0E550CD20EBC634611C361C4D012?partnerref=EXTCMCOD\">Importance of an Open Architecture Approach in Aviation<\/a><\/strong><a href=\"https:\/\/event.on24.com\/wcc\/r\/4308225\/03CD0E550CD20EBC634611C361C4D012?partnerref=INTCMCWEBSITE\"> <\/a><\/p>\n\n\n\n<p class=\"wp-block-paragraph\"><a href=\"https:\/\/event.on24.com\/wcc\/r\/4171675\/3BA80011D7E73A3BBB7AB4CC81ED2384?partnerref=EXTCMC\">T\u00e9l\u00e9chargez sans frais notre webinaire sur les <strong>Optical Detectors for Atmospheric and Airborne LiDAR<\/strong> <\/a><\/p>\n","protected":false},"excerpt":{"rendered":"<p>\u00c9v\u00e9nements \u00e0 venir Rencontrez les experts de CMC \u00e0 ces \u00e9v\u00e9nements: Ne manquez pas nos webinaires: T\u00e9l\u00e9chargez sans frais notre webinaire sur l&rsquo;Importance of an Open Architecture Approach in Aviation T\u00e9l\u00e9chargez sans frais notre webinaire sur les Optical Detectors for Atmospheric and Airborne LiDAR<\/p>\n","protected":false},"author":1,"featured_media":0,"parent":1825,"menu_order":0,"comment_status":"closed","ping_status":"closed","template":"","meta":{"_acf_changed":false,"_gspb_post_css":"","_crdt_document":"","content-type":"","inline_featured_image":false,"footnotes":""},"class_list":["post-1828","page","type-page","status-publish","hentry"],"acf":[],"yoast_head":"<!-- This site is optimized with the Yoast SEO plugin v27.4 - https:\/\/yoast.com\/product\/yoast-seo-wordpress\/ -->\n<title>\u00c9v\u00e9nements - CMC \u00c9lectronique<\/title>\n<meta name=\"robots\" content=\"index, follow, max-snippet:-1, max-image-preview:large, max-video-preview:-1\" \/>\n<link rel=\"canonical\" href=\"https:\/\/staging.cmcelectronics.activ.is\/fr\/nouvelles-et-evenements\/evenements\/\" \/>\n<meta property=\"og:locale\" content=\"fr_FR\" \/>\n<meta property=\"og:type\" content=\"article\" \/>\n<meta property=\"og:title\" content=\"\u00c9v\u00e9nements - CMC \u00c9lectronique\" \/>\n<meta property=\"og:description\" content=\"\u00c9v\u00e9nements \u00e0 venir Rencontrez les experts de CMC \u00e0 ces \u00e9v\u00e9nements: Ne manquez pas nos webinaires: T\u00e9l\u00e9chargez sans frais notre webinaire sur l&rsquo;Importance of an Open Architecture Approach in Aviation T\u00e9l\u00e9chargez sans frais notre webinaire sur les Optical Detectors for Atmospheric and Airborne LiDAR\" \/>\n<meta property=\"og:url\" content=\"https:\/\/staging.cmcelectronics.activ.is\/fr\/nouvelles-et-evenements\/evenements\/\" \/>\n<meta property=\"og:site_name\" content=\"CMC \u00c9lectronique\" \/>\n<meta property=\"article:publisher\" content=\"https:\/\/www.facebook.com\/CMC-lectronique-334109967145086\" \/>\n<meta property=\"article:modified_time\" content=\"2023-09-14T14:17:15+00:00\" \/>\n<meta property=\"og:image\" content=\"https:\/\/staging.cmcelectronics.activ.is\/wp-content\/uploads\/2022\/10\/8.2-CMC_WEB_Top-banners_1920X360_bandeau_EVENTS.jpg\" \/>\n<meta name=\"twitter:card\" content=\"summary_large_image\" \/>\n<meta name=\"twitter:label1\" content=\"Dur\u00e9e de lecture estim\u00e9e\" \/>\n\t<meta name=\"twitter:data1\" content=\"1 minute\" \/>\n<script type=\"application\/ld+json\" class=\"yoast-schema-graph\">{\"@context\":\"https:\\\/\\\/schema.org\",\"@graph\":[{\"@type\":\"WebPage\",\"@id\":\"https:\\\/\\\/staging.cmcelectronics.activ.is\\\/fr\\\/nouvelles-et-evenements\\\/evenements\\\/\",\"url\":\"https:\\\/\\\/staging.cmcelectronics.activ.is\\\/fr\\\/nouvelles-et-evenements\\\/evenements\\\/\",\"name\":\"\u00c9v\u00e9nements - CMC \u00c9lectronique\",\"isPartOf\":{\"@id\":\"https:\\\/\\\/staging.cmcelectronics.activ.is\\\/fr\\\/#website\"},\"primaryImageOfPage\":{\"@id\":\"https:\\\/\\\/staging.cmcelectronics.activ.is\\\/fr\\\/nouvelles-et-evenements\\\/evenements\\\/#primaryimage\"},\"image\":{\"@id\":\"https:\\\/\\\/staging.cmcelectronics.activ.is\\\/fr\\\/nouvelles-et-evenements\\\/evenements\\\/#primaryimage\"},\"thumbnailUrl\":\"https:\\\/\\\/staging.cmcelectronics.activ.is\\\/wp-content\\\/uploads\\\/2022\\\/10\\\/8.2-CMC_WEB_Top-banners_1920X360_bandeau_EVENTS.jpg\",\"datePublished\":\"2022-08-23T23:23:33+00:00\",\"dateModified\":\"2023-09-14T14:17:15+00:00\",\"breadcrumb\":{\"@id\":\"https:\\\/\\\/staging.cmcelectronics.activ.is\\\/fr\\\/nouvelles-et-evenements\\\/evenements\\\/#breadcrumb\"},\"inLanguage\":\"fr-FR\",\"potentialAction\":[{\"@type\":\"ReadAction\",\"target\":[\"https:\\\/\\\/staging.cmcelectronics.activ.is\\\/fr\\\/nouvelles-et-evenements\\\/evenements\\\/\"]}]},{\"@type\":\"ImageObject\",\"inLanguage\":\"fr-FR\",\"@id\":\"https:\\\/\\\/staging.cmcelectronics.activ.is\\\/fr\\\/nouvelles-et-evenements\\\/evenements\\\/#primaryimage\",\"url\":\"https:\\\/\\\/staging.cmcelectronics.activ.is\\\/wp-content\\\/uploads\\\/2022\\\/10\\\/8.2-CMC_WEB_Top-banners_1920X360_bandeau_EVENTS.jpg\",\"contentUrl\":\"https:\\\/\\\/staging.cmcelectronics.activ.is\\\/wp-content\\\/uploads\\\/2022\\\/10\\\/8.2-CMC_WEB_Top-banners_1920X360_bandeau_EVENTS.jpg\"},{\"@type\":\"BreadcrumbList\",\"@id\":\"https:\\\/\\\/staging.cmcelectronics.activ.is\\\/fr\\\/nouvelles-et-evenements\\\/evenements\\\/#breadcrumb\",\"itemListElement\":[{\"@type\":\"ListItem\",\"position\":1,\"name\":\"Accueil\",\"item\":\"https:\\\/\\\/staging.cmcelectronics.activ.is\\\/fr\\\/\"},{\"@type\":\"ListItem\",\"position\":2,\"name\":\"Nouvelles et \u00e9v\u00e9nements\",\"item\":\"https:\\\/\\\/staging.cmcelectronics.activ.is\\\/fr\\\/nouvelles-et-evenements\\\/\"},{\"@type\":\"ListItem\",\"position\":3,\"name\":\"\u00c9v\u00e9nements\"}]},{\"@type\":\"WebSite\",\"@id\":\"https:\\\/\\\/staging.cmcelectronics.activ.is\\\/fr\\\/#website\",\"url\":\"https:\\\/\\\/staging.cmcelectronics.activ.is\\\/fr\\\/\",\"name\":\"CMC \u00c9lectronique\",\"description\":\"\",\"publisher\":{\"@id\":\"https:\\\/\\\/staging.cmcelectronics.activ.is\\\/fr\\\/#organization\"},\"potentialAction\":[{\"@type\":\"SearchAction\",\"target\":{\"@type\":\"EntryPoint\",\"urlTemplate\":\"https:\\\/\\\/staging.cmcelectronics.activ.is\\\/fr\\\/?s={search_term_string}\"},\"query-input\":{\"@type\":\"PropertyValueSpecification\",\"valueRequired\":true,\"valueName\":\"search_term_string\"}}],\"inLanguage\":\"fr-FR\"},{\"@type\":\"Organization\",\"@id\":\"https:\\\/\\\/staging.cmcelectronics.activ.is\\\/fr\\\/#organization\",\"name\":\"CMC \u00c9lectronique\",\"url\":\"https:\\\/\\\/staging.cmcelectronics.activ.is\\\/fr\\\/\",\"logo\":{\"@type\":\"ImageObject\",\"inLanguage\":\"fr-FR\",\"@id\":\"https:\\\/\\\/staging.cmcelectronics.activ.is\\\/fr\\\/#\\\/schema\\\/logo\\\/image\\\/\",\"url\":\"https:\\\/\\\/staging.cmcelectronics.activ.is\\\/wp-content\\\/uploads\\\/2022\\\/08\\\/logo-CMC_black.svg\",\"contentUrl\":\"https:\\\/\\\/staging.cmcelectronics.activ.is\\\/wp-content\\\/uploads\\\/2022\\\/08\\\/logo-CMC_black.svg\",\"width\":180,\"height\":57,\"caption\":\"CMC \u00c9lectronique\"},\"image\":{\"@id\":\"https:\\\/\\\/staging.cmcelectronics.activ.is\\\/fr\\\/#\\\/schema\\\/logo\\\/image\\\/\"},\"sameAs\":[\"https:\\\/\\\/www.facebook.com\\\/CMC-lectronique-334109967145086\",\"https:\\\/\\\/www.linkedin.com\\\/company\\\/cmc-electronics\"]}]}<\/script>\n<!-- \/ Yoast SEO plugin. -->","yoast_head_json":{"title":"\u00c9v\u00e9nements - CMC \u00c9lectronique","robots":{"index":"index","follow":"follow","max-snippet":"max-snippet:-1","max-image-preview":"max-image-preview:large","max-video-preview":"max-video-preview:-1"},"canonical":"https:\/\/staging.cmcelectronics.activ.is\/fr\/nouvelles-et-evenements\/evenements\/","og_locale":"fr_FR","og_type":"article","og_title":"\u00c9v\u00e9nements - CMC \u00c9lectronique","og_description":"\u00c9v\u00e9nements \u00e0 venir Rencontrez les experts de CMC \u00e0 ces \u00e9v\u00e9nements: Ne manquez pas nos webinaires: T\u00e9l\u00e9chargez sans frais notre webinaire sur l&rsquo;Importance of an Open Architecture Approach in Aviation T\u00e9l\u00e9chargez sans frais notre webinaire sur les Optical Detectors for Atmospheric and Airborne LiDAR","og_url":"https:\/\/staging.cmcelectronics.activ.is\/fr\/nouvelles-et-evenements\/evenements\/","og_site_name":"CMC \u00c9lectronique","article_publisher":"https:\/\/www.facebook.com\/CMC-lectronique-334109967145086","article_modified_time":"2023-09-14T14:17:15+00:00","og_image":[{"url":"https:\/\/staging.cmcelectronics.activ.is\/wp-content\/uploads\/2022\/10\/8.2-CMC_WEB_Top-banners_1920X360_bandeau_EVENTS.jpg","type":"","width":"","height":""}],"twitter_card":"summary_large_image","twitter_misc":{"Dur\u00e9e de lecture estim\u00e9e":"1 minute"},"schema":{"@context":"https:\/\/schema.org","@graph":[{"@type":"WebPage","@id":"https:\/\/staging.cmcelectronics.activ.is\/fr\/nouvelles-et-evenements\/evenements\/","url":"https:\/\/staging.cmcelectronics.activ.is\/fr\/nouvelles-et-evenements\/evenements\/","name":"\u00c9v\u00e9nements - CMC \u00c9lectronique","isPartOf":{"@id":"https:\/\/staging.cmcelectronics.activ.is\/fr\/#website"},"primaryImageOfPage":{"@id":"https:\/\/staging.cmcelectronics.activ.is\/fr\/nouvelles-et-evenements\/evenements\/#primaryimage"},"image":{"@id":"https:\/\/staging.cmcelectronics.activ.is\/fr\/nouvelles-et-evenements\/evenements\/#primaryimage"},"thumbnailUrl":"https:\/\/staging.cmcelectronics.activ.is\/wp-content\/uploads\/2022\/10\/8.2-CMC_WEB_Top-banners_1920X360_bandeau_EVENTS.jpg","datePublished":"2022-08-23T23:23:33+00:00","dateModified":"2023-09-14T14:17:15+00:00","breadcrumb":{"@id":"https:\/\/staging.cmcelectronics.activ.is\/fr\/nouvelles-et-evenements\/evenements\/#breadcrumb"},"inLanguage":"fr-FR","potentialAction":[{"@type":"ReadAction","target":["https:\/\/staging.cmcelectronics.activ.is\/fr\/nouvelles-et-evenements\/evenements\/"]}]},{"@type":"ImageObject","inLanguage":"fr-FR","@id":"https:\/\/staging.cmcelectronics.activ.is\/fr\/nouvelles-et-evenements\/evenements\/#primaryimage","url":"https:\/\/staging.cmcelectronics.activ.is\/wp-content\/uploads\/2022\/10\/8.2-CMC_WEB_Top-banners_1920X360_bandeau_EVENTS.jpg","contentUrl":"https:\/\/staging.cmcelectronics.activ.is\/wp-content\/uploads\/2022\/10\/8.2-CMC_WEB_Top-banners_1920X360_bandeau_EVENTS.jpg"},{"@type":"BreadcrumbList","@id":"https:\/\/staging.cmcelectronics.activ.is\/fr\/nouvelles-et-evenements\/evenements\/#breadcrumb","itemListElement":[{"@type":"ListItem","position":1,"name":"Accueil","item":"https:\/\/staging.cmcelectronics.activ.is\/fr\/"},{"@type":"ListItem","position":2,"name":"Nouvelles et \u00e9v\u00e9nements","item":"https:\/\/staging.cmcelectronics.activ.is\/fr\/nouvelles-et-evenements\/"},{"@type":"ListItem","position":3,"name":"\u00c9v\u00e9nements"}]},{"@type":"WebSite","@id":"https:\/\/staging.cmcelectronics.activ.is\/fr\/#website","url":"https:\/\/staging.cmcelectronics.activ.is\/fr\/","name":"CMC \u00c9lectronique","description":"","publisher":{"@id":"https:\/\/staging.cmcelectronics.activ.is\/fr\/#organization"},"potentialAction":[{"@type":"SearchAction","target":{"@type":"EntryPoint","urlTemplate":"https:\/\/staging.cmcelectronics.activ.is\/fr\/?s={search_term_string}"},"query-input":{"@type":"PropertyValueSpecification","valueRequired":true,"valueName":"search_term_string"}}],"inLanguage":"fr-FR"},{"@type":"Organization","@id":"https:\/\/staging.cmcelectronics.activ.is\/fr\/#organization","name":"CMC \u00c9lectronique","url":"https:\/\/staging.cmcelectronics.activ.is\/fr\/","logo":{"@type":"ImageObject","inLanguage":"fr-FR","@id":"https:\/\/staging.cmcelectronics.activ.is\/fr\/#\/schema\/logo\/image\/","url":"https:\/\/staging.cmcelectronics.activ.is\/wp-content\/uploads\/2022\/08\/logo-CMC_black.svg","contentUrl":"https:\/\/staging.cmcelectronics.activ.is\/wp-content\/uploads\/2022\/08\/logo-CMC_black.svg","width":180,"height":57,"caption":"CMC \u00c9lectronique"},"image":{"@id":"https:\/\/staging.cmcelectronics.activ.is\/fr\/#\/schema\/logo\/image\/"},"sameAs":["https:\/\/www.facebook.com\/CMC-lectronique-334109967145086","https:\/\/www.linkedin.com\/company\/cmc-electronics"]}]}},"_links":{"self":[{"href":"https:\/\/staging.cmcelectronics.activ.is\/fr\/wp-json\/wp\/v2\/pages\/1828","targetHints":{"allow":["GET"]}}],"collection":[{"href":"https:\/\/staging.cmcelectronics.activ.is\/fr\/wp-json\/wp\/v2\/pages"}],"about":[{"href":"https:\/\/staging.cmcelectronics.activ.is\/fr\/wp-json\/wp\/v2\/types\/page"}],"author":[{"embeddable":true,"href":"https:\/\/staging.cmcelectronics.activ.is\/fr\/wp-json\/wp\/v2\/users\/1"}],"replies":[{"embeddable":true,"href":"https:\/\/staging.cmcelectronics.activ.is\/fr\/wp-json\/wp\/v2\/comments?post=1828"}],"version-history":[{"count":12,"href":"https:\/\/staging.cmcelectronics.activ.is\/fr\/wp-json\/wp\/v2\/pages\/1828\/revisions"}],"predecessor-version":[{"id":3122,"href":"https:\/\/staging.cmcelectronics.activ.is\/fr\/wp-json\/wp\/v2\/pages\/1828\/revisions\/3122"}],"up":[{"embeddable":true,"href":"https:\/\/staging.cmcelectronics.activ.is\/fr\/wp-json\/wp\/v2\/pages\/1825"}],"wp:attachment":[{"href":"https:\/\/staging.cmcelectronics.activ.is\/fr\/wp-json\/wp\/v2\/media?parent=1828"}],"curies":[{"name":"wp","href":"https:\/\/api.w.org\/{rel}","templated":true}]}}