{"id":1796,"date":"2022-08-23T19:23:33","date_gmt":"2022-08-23T23:23:33","guid":{"rendered":"https:\/\/staging.cmcelectronics.activ.is\/soutien-a-la-clientele\/documentation\/"},"modified":"2023-02-14T15:10:56","modified_gmt":"2023-02-14T20:10:56","slug":"documentation","status":"publish","type":"page","link":"https:\/\/staging.cmcelectronics.activ.is\/fr\/soutien-a-la-clientele\/documentation\/","title":{"rendered":"Documentation et bases de donn\u00e9es de navigation"},"content":{"rendered":"\n<div class=\"wp-block-cover alignfull is-light is-style-title-banner\"><span aria-hidden=\"true\" class=\"wp-block-cover__background has-background-dim\"><\/span><img decoding=\"async\" class=\"wp-block-cover__image-background wp-image-2264\" alt=\"\" src=\"https:\/\/staging.cmcelectronics.activ.is\/wp-content\/uploads\/2022\/12\/6.0-CMC-WEB_Top-banners_1920x360-customer-support-6.jpg\" data-object-fit=\"cover\"\/><div class=\"wp-block-cover__inner-container\">\n<h2 class=\"wp-block-heading has-text-align-center wp-block-post-title\">Soutien \u00e0 la client\u00e8le<\/h2>\n<\/div><\/div>\n\n\n\n<div class=\"wp-block-group alignfull has-padding-y-large has-accent-background-color has-background\"><div class=\"yoast-breadcrumbs alignwide \"><span class=\"breadcrumbs\"><a href=\"https:\/\/staging.cmcelectronics.activ.is\/fr\/\" class=\"breadcrumbs__element\">Accueil<\/a> <span class=\"breadcrumbs__separator\">\n        <svg class=\"icon icon-breadcrumb__separator\"><use xlink:href=\"#icon-breadcrumb__separator\"><\/use><\/svg>\n    <\/span> <a href=\"https:\/\/staging.cmcelectronics.activ.is\/fr\/soutien-a-la-clientele\/\" class=\"breadcrumbs__element\">Soutien \u00e0 la client\u00e8le<\/a> <span class=\"breadcrumbs__separator\">\n        <svg class=\"icon icon-breadcrumb__separator\"><use xlink:href=\"#icon-breadcrumb__separator\"><\/use><\/svg>\n    <\/span> <span class=\"breadcrumbs__element breadcrumbs__element-current\">Documentation et bases de donn\u00e9es de navigation<\/span><\/span><\/div><\/div>\n\n\n\n<h1 class=\"wp-block-heading\">Documentation et bases de donn\u00e9es de navigation pour FMS<\/h1>\n\n\n\n<p class=\"wp-block-paragraph\"><\/p>\n\n\n\n<div class=\"wp-block-file\"><a id=\"wp-block-file--media-f46b68ba-f078-413a-bcb5-9dc0fe200d9b\" href=\"https:\/\/staging.cmcelectronics.activ.is\/wp-content\/uploads\/2022\/11\/AIRAC-Cycle-Production-Schedule.pdf\">Affichez les dates de cycle pour les bases de donn\u00e9es de navigation<\/a><\/div>\n\n\n\n<div class=\"wp-block-file\"><a id=\"wp-block-file--media-b838b12a-6b1f-4e7e-ad0f-a80d481f2c86\" href=\"https:\/\/staging.cmcelectronics.activ.is\/wp-content\/uploads\/2022\/11\/Navigation-Database-Subscription-Form.xls.xlsx\" target=\"_blank\" rel=\"noreferrer noopener\">Bases de donn\u00e9es de navigation<\/a><\/div>\n\n\n\n<div class=\"wp-block-buttons\">\n<div class=\"wp-block-button\"><a class=\"wp-block-button__link wp-element-button\" href=\"https:\/\/staging.cmcelectronics.activ.is\/fr\/soutien-a-la-clientele\/documentation\/base-de-donnees-navigation\/\">Demandez du soutien pour les bases de donn\u00e9es de navigation<\/a><\/div>\n<\/div>\n\n\n\n<div class=\"wp-block-buttons\">\n<div class=\"wp-block-button\"><a class=\"wp-block-button__link wp-element-button\" href=\"https:\/\/staging.cmcelectronics.activ.is\/fr\/soutien-a-la-clientele\/documentation\/demander-une-publication-technique\/\">Demandez une publication technique<\/a><\/div>\n<\/div>\n","protected":false},"excerpt":{"rendered":"<p>Documentation et bases de donn\u00e9es de navigation pour FMS<\/p>\n","protected":false},"author":1,"featured_media":0,"parent":1784,"menu_order":0,"comment_status":"closed","ping_status":"closed","template":"","meta":{"_acf_changed":false,"_gspb_post_css":"","_crdt_document":"","content-type":"","inline_featured_image":false,"footnotes":""},"class_list":["post-1796","page","type-page","status-publish","hentry"],"acf":[],"yoast_head":"<!-- This site is optimized with the Yoast SEO plugin v27.4 - https:\/\/yoast.com\/product\/yoast-seo-wordpress\/ -->\n<title>Documentation et bases de donn\u00e9es de navigation - CMC \u00c9lectronique<\/title>\n<meta name=\"robots\" content=\"index, follow, max-snippet:-1, max-image-preview:large, max-video-preview:-1\" \/>\n<link rel=\"canonical\" href=\"https:\/\/staging.cmcelectronics.activ.is\/fr\/soutien-a-la-clientele\/documentation\/\" \/>\n<meta property=\"og:locale\" content=\"fr_FR\" \/>\n<meta property=\"og:type\" content=\"article\" \/>\n<meta property=\"og:title\" content=\"Documentation et bases de donn\u00e9es de navigation - CMC \u00c9lectronique\" \/>\n<meta property=\"og:description\" content=\"Documentation et bases de donn\u00e9es de navigation pour FMS\" \/>\n<meta property=\"og:url\" content=\"https:\/\/staging.cmcelectronics.activ.is\/fr\/soutien-a-la-clientele\/documentation\/\" \/>\n<meta property=\"og:site_name\" content=\"CMC \u00c9lectronique\" \/>\n<meta property=\"article:publisher\" content=\"https:\/\/www.facebook.com\/CMC-lectronique-334109967145086\" \/>\n<meta property=\"article:modified_time\" content=\"2023-02-14T20:10:56+00:00\" \/>\n<meta property=\"og:image\" content=\"https:\/\/staging.cmcelectronics.activ.is\/wp-content\/uploads\/2022\/12\/6.0-CMC-WEB_Top-banners_1920x360-customer-support-6.jpg\" \/>\n<meta name=\"twitter:card\" content=\"summary_large_image\" \/>\n<meta name=\"twitter:label1\" content=\"Dur\u00e9e de lecture estim\u00e9e\" \/>\n\t<meta name=\"twitter:data1\" content=\"1 minute\" \/>\n<script type=\"application\/ld+json\" class=\"yoast-schema-graph\">{\"@context\":\"https:\\\/\\\/schema.org\",\"@graph\":[{\"@type\":\"WebPage\",\"@id\":\"https:\\\/\\\/staging.cmcelectronics.activ.is\\\/fr\\\/soutien-a-la-clientele\\\/documentation\\\/\",\"url\":\"https:\\\/\\\/staging.cmcelectronics.activ.is\\\/fr\\\/soutien-a-la-clientele\\\/documentation\\\/\",\"name\":\"Documentation et bases de donn\u00e9es de navigation - CMC \u00c9lectronique\",\"isPartOf\":{\"@id\":\"https:\\\/\\\/staging.cmcelectronics.activ.is\\\/fr\\\/#website\"},\"primaryImageOfPage\":{\"@id\":\"https:\\\/\\\/staging.cmcelectronics.activ.is\\\/fr\\\/soutien-a-la-clientele\\\/documentation\\\/#primaryimage\"},\"image\":{\"@id\":\"https:\\\/\\\/staging.cmcelectronics.activ.is\\\/fr\\\/soutien-a-la-clientele\\\/documentation\\\/#primaryimage\"},\"thumbnailUrl\":\"https:\\\/\\\/staging.cmcelectronics.activ.is\\\/wp-content\\\/uploads\\\/2022\\\/12\\\/6.0-CMC-WEB_Top-banners_1920x360-customer-support-6.jpg\",\"datePublished\":\"2022-08-23T23:23:33+00:00\",\"dateModified\":\"2023-02-14T20:10:56+00:00\",\"breadcrumb\":{\"@id\":\"https:\\\/\\\/staging.cmcelectronics.activ.is\\\/fr\\\/soutien-a-la-clientele\\\/documentation\\\/#breadcrumb\"},\"inLanguage\":\"fr-FR\",\"potentialAction\":[{\"@type\":\"ReadAction\",\"target\":[\"https:\\\/\\\/staging.cmcelectronics.activ.is\\\/fr\\\/soutien-a-la-clientele\\\/documentation\\\/\"]}]},{\"@type\":\"ImageObject\",\"inLanguage\":\"fr-FR\",\"@id\":\"https:\\\/\\\/staging.cmcelectronics.activ.is\\\/fr\\\/soutien-a-la-clientele\\\/documentation\\\/#primaryimage\",\"url\":\"https:\\\/\\\/staging.cmcelectronics.activ.is\\\/wp-content\\\/uploads\\\/2022\\\/12\\\/6.0-CMC-WEB_Top-banners_1920x360-customer-support-6.jpg\",\"contentUrl\":\"https:\\\/\\\/staging.cmcelectronics.activ.is\\\/wp-content\\\/uploads\\\/2022\\\/12\\\/6.0-CMC-WEB_Top-banners_1920x360-customer-support-6.jpg\"},{\"@type\":\"BreadcrumbList\",\"@id\":\"https:\\\/\\\/staging.cmcelectronics.activ.is\\\/fr\\\/soutien-a-la-clientele\\\/documentation\\\/#breadcrumb\",\"itemListElement\":[{\"@type\":\"ListItem\",\"position\":1,\"name\":\"Accueil\",\"item\":\"https:\\\/\\\/staging.cmcelectronics.activ.is\\\/fr\\\/\"},{\"@type\":\"ListItem\",\"position\":2,\"name\":\"Soutien \u00e0 la client\u00e8le\",\"item\":\"https:\\\/\\\/staging.cmcelectronics.activ.is\\\/fr\\\/soutien-a-la-clientele\\\/\"},{\"@type\":\"ListItem\",\"position\":3,\"name\":\"Documentation et bases de donn\u00e9es de navigation\"}]},{\"@type\":\"WebSite\",\"@id\":\"https:\\\/\\\/staging.cmcelectronics.activ.is\\\/fr\\\/#website\",\"url\":\"https:\\\/\\\/staging.cmcelectronics.activ.is\\\/fr\\\/\",\"name\":\"CMC \u00c9lectronique\",\"description\":\"\",\"publisher\":{\"@id\":\"https:\\\/\\\/staging.cmcelectronics.activ.is\\\/fr\\\/#organization\"},\"potentialAction\":[{\"@type\":\"SearchAction\",\"target\":{\"@type\":\"EntryPoint\",\"urlTemplate\":\"https:\\\/\\\/staging.cmcelectronics.activ.is\\\/fr\\\/?s={search_term_string}\"},\"query-input\":{\"@type\":\"PropertyValueSpecification\",\"valueRequired\":true,\"valueName\":\"search_term_string\"}}],\"inLanguage\":\"fr-FR\"},{\"@type\":\"Organization\",\"@id\":\"https:\\\/\\\/staging.cmcelectronics.activ.is\\\/fr\\\/#organization\",\"name\":\"CMC \u00c9lectronique\",\"url\":\"https:\\\/\\\/staging.cmcelectronics.activ.is\\\/fr\\\/\",\"logo\":{\"@type\":\"ImageObject\",\"inLanguage\":\"fr-FR\",\"@id\":\"https:\\\/\\\/staging.cmcelectronics.activ.is\\\/fr\\\/#\\\/schema\\\/logo\\\/image\\\/\",\"url\":\"https:\\\/\\\/staging.cmcelectronics.activ.is\\\/wp-content\\\/uploads\\\/2022\\\/08\\\/logo-CMC_black.svg\",\"contentUrl\":\"https:\\\/\\\/staging.cmcelectronics.activ.is\\\/wp-content\\\/uploads\\\/2022\\\/08\\\/logo-CMC_black.svg\",\"width\":180,\"height\":57,\"caption\":\"CMC \u00c9lectronique\"},\"image\":{\"@id\":\"https:\\\/\\\/staging.cmcelectronics.activ.is\\\/fr\\\/#\\\/schema\\\/logo\\\/image\\\/\"},\"sameAs\":[\"https:\\\/\\\/www.facebook.com\\\/CMC-lectronique-334109967145086\",\"https:\\\/\\\/www.linkedin.com\\\/company\\\/cmc-electronics\"]}]}<\/script>\n<!-- \/ Yoast SEO plugin. -->","yoast_head_json":{"title":"Documentation et bases de donn\u00e9es de navigation - CMC \u00c9lectronique","robots":{"index":"index","follow":"follow","max-snippet":"max-snippet:-1","max-image-preview":"max-image-preview:large","max-video-preview":"max-video-preview:-1"},"canonical":"https:\/\/staging.cmcelectronics.activ.is\/fr\/soutien-a-la-clientele\/documentation\/","og_locale":"fr_FR","og_type":"article","og_title":"Documentation et bases de donn\u00e9es de navigation - CMC \u00c9lectronique","og_description":"Documentation et bases de donn\u00e9es de navigation pour FMS","og_url":"https:\/\/staging.cmcelectronics.activ.is\/fr\/soutien-a-la-clientele\/documentation\/","og_site_name":"CMC \u00c9lectronique","article_publisher":"https:\/\/www.facebook.com\/CMC-lectronique-334109967145086","article_modified_time":"2023-02-14T20:10:56+00:00","og_image":[{"url":"https:\/\/staging.cmcelectronics.activ.is\/wp-content\/uploads\/2022\/12\/6.0-CMC-WEB_Top-banners_1920x360-customer-support-6.jpg","type":"","width":"","height":""}],"twitter_card":"summary_large_image","twitter_misc":{"Dur\u00e9e de lecture estim\u00e9e":"1 minute"},"schema":{"@context":"https:\/\/schema.org","@graph":[{"@type":"WebPage","@id":"https:\/\/staging.cmcelectronics.activ.is\/fr\/soutien-a-la-clientele\/documentation\/","url":"https:\/\/staging.cmcelectronics.activ.is\/fr\/soutien-a-la-clientele\/documentation\/","name":"Documentation et bases de donn\u00e9es de navigation - CMC \u00c9lectronique","isPartOf":{"@id":"https:\/\/staging.cmcelectronics.activ.is\/fr\/#website"},"primaryImageOfPage":{"@id":"https:\/\/staging.cmcelectronics.activ.is\/fr\/soutien-a-la-clientele\/documentation\/#primaryimage"},"image":{"@id":"https:\/\/staging.cmcelectronics.activ.is\/fr\/soutien-a-la-clientele\/documentation\/#primaryimage"},"thumbnailUrl":"https:\/\/staging.cmcelectronics.activ.is\/wp-content\/uploads\/2022\/12\/6.0-CMC-WEB_Top-banners_1920x360-customer-support-6.jpg","datePublished":"2022-08-23T23:23:33+00:00","dateModified":"2023-02-14T20:10:56+00:00","breadcrumb":{"@id":"https:\/\/staging.cmcelectronics.activ.is\/fr\/soutien-a-la-clientele\/documentation\/#breadcrumb"},"inLanguage":"fr-FR","potentialAction":[{"@type":"ReadAction","target":["https:\/\/staging.cmcelectronics.activ.is\/fr\/soutien-a-la-clientele\/documentation\/"]}]},{"@type":"ImageObject","inLanguage":"fr-FR","@id":"https:\/\/staging.cmcelectronics.activ.is\/fr\/soutien-a-la-clientele\/documentation\/#primaryimage","url":"https:\/\/staging.cmcelectronics.activ.is\/wp-content\/uploads\/2022\/12\/6.0-CMC-WEB_Top-banners_1920x360-customer-support-6.jpg","contentUrl":"https:\/\/staging.cmcelectronics.activ.is\/wp-content\/uploads\/2022\/12\/6.0-CMC-WEB_Top-banners_1920x360-customer-support-6.jpg"},{"@type":"BreadcrumbList","@id":"https:\/\/staging.cmcelectronics.activ.is\/fr\/soutien-a-la-clientele\/documentation\/#breadcrumb","itemListElement":[{"@type":"ListItem","position":1,"name":"Accueil","item":"https:\/\/staging.cmcelectronics.activ.is\/fr\/"},{"@type":"ListItem","position":2,"name":"Soutien \u00e0 la client\u00e8le","item":"https:\/\/staging.cmcelectronics.activ.is\/fr\/soutien-a-la-clientele\/"},{"@type":"ListItem","position":3,"name":"Documentation et bases de donn\u00e9es de navigation"}]},{"@type":"WebSite","@id":"https:\/\/staging.cmcelectronics.activ.is\/fr\/#website","url":"https:\/\/staging.cmcelectronics.activ.is\/fr\/","name":"CMC \u00c9lectronique","description":"","publisher":{"@id":"https:\/\/staging.cmcelectronics.activ.is\/fr\/#organization"},"potentialAction":[{"@type":"SearchAction","target":{"@type":"EntryPoint","urlTemplate":"https:\/\/staging.cmcelectronics.activ.is\/fr\/?s={search_term_string}"},"query-input":{"@type":"PropertyValueSpecification","valueRequired":true,"valueName":"search_term_string"}}],"inLanguage":"fr-FR"},{"@type":"Organization","@id":"https:\/\/staging.cmcelectronics.activ.is\/fr\/#organization","name":"CMC \u00c9lectronique","url":"https:\/\/staging.cmcelectronics.activ.is\/fr\/","logo":{"@type":"ImageObject","inLanguage":"fr-FR","@id":"https:\/\/staging.cmcelectronics.activ.is\/fr\/#\/schema\/logo\/image\/","url":"https:\/\/staging.cmcelectronics.activ.is\/wp-content\/uploads\/2022\/08\/logo-CMC_black.svg","contentUrl":"https:\/\/staging.cmcelectronics.activ.is\/wp-content\/uploads\/2022\/08\/logo-CMC_black.svg","width":180,"height":57,"caption":"CMC \u00c9lectronique"},"image":{"@id":"https:\/\/staging.cmcelectronics.activ.is\/fr\/#\/schema\/logo\/image\/"},"sameAs":["https:\/\/www.facebook.com\/CMC-lectronique-334109967145086","https:\/\/www.linkedin.com\/company\/cmc-electronics"]}]}},"_links":{"self":[{"href":"https:\/\/staging.cmcelectronics.activ.is\/fr\/wp-json\/wp\/v2\/pages\/1796","targetHints":{"allow":["GET"]}}],"collection":[{"href":"https:\/\/staging.cmcelectronics.activ.is\/fr\/wp-json\/wp\/v2\/pages"}],"about":[{"href":"https:\/\/staging.cmcelectronics.activ.is\/fr\/wp-json\/wp\/v2\/types\/page"}],"author":[{"embeddable":true,"href":"https:\/\/staging.cmcelectronics.activ.is\/fr\/wp-json\/wp\/v2\/users\/1"}],"replies":[{"embeddable":true,"href":"https:\/\/staging.cmcelectronics.activ.is\/fr\/wp-json\/wp\/v2\/comments?post=1796"}],"version-history":[{"count":2,"href":"https:\/\/staging.cmcelectronics.activ.is\/fr\/wp-json\/wp\/v2\/pages\/1796\/revisions"}],"predecessor-version":[{"id":2904,"href":"https:\/\/staging.cmcelectronics.activ.is\/fr\/wp-json\/wp\/v2\/pages\/1796\/revisions\/2904"}],"up":[{"embeddable":true,"href":"https:\/\/staging.cmcelectronics.activ.is\/fr\/wp-json\/wp\/v2\/pages\/1784"}],"wp:attachment":[{"href":"https:\/\/staging.cmcelectronics.activ.is\/fr\/wp-json\/wp\/v2\/media?parent=1796"}],"curies":[{"name":"wp","href":"https:\/\/api.w.org\/{rel}","templated":true}]}}