{"id":1773,"date":"2022-08-23T19:23:32","date_gmt":"2022-08-23T23:23:32","guid":{"rendered":"https:\/\/staging.cmcelectronics.activ.is\/nos-marches\/civil-helicopters\/"},"modified":"2022-12-14T11:41:53","modified_gmt":"2022-12-14T16:41:53","slug":"helicopteres-civils","status":"publish","type":"page","link":"https:\/\/staging.cmcelectronics.activ.is\/fr\/nos-marches\/helicopteres-civils\/","title":{"rendered":"H\u00e9licopt\u00e8res civils"},"content":{"rendered":"\n<div class=\"wp-block-cover alignfull is-light is-style-title-banner\"><span aria-hidden=\"true\" class=\"wp-block-cover__background has-background-dim\"><\/span><img decoding=\"async\" width=\"1930\" height=\"360\" class=\"wp-block-cover__image-background wp-image-988\" alt=\"\" src=\"https:\/\/staging.cmcelectronics.activ.is\/wp-content\/uploads\/2022\/10\/5.3-CMC_WEB_Top-banners_1920X360_bandeau-civil-helicopter.jpg\" style=\"object-position:50% 67%\" data-object-fit=\"cover\" data-object-position=\"50% 67%\" srcset=\"https:\/\/staging.cmcelectronics.activ.is\/wp-content\/uploads\/2022\/10\/5.3-CMC_WEB_Top-banners_1920X360_bandeau-civil-helicopter.jpg 1930w, https:\/\/staging.cmcelectronics.activ.is\/wp-content\/uploads\/2022\/10\/5.3-CMC_WEB_Top-banners_1920X360_bandeau-civil-helicopter-300x56.jpg 300w, https:\/\/staging.cmcelectronics.activ.is\/wp-content\/uploads\/2022\/10\/5.3-CMC_WEB_Top-banners_1920X360_bandeau-civil-helicopter-1024x191.jpg 1024w, https:\/\/staging.cmcelectronics.activ.is\/wp-content\/uploads\/2022\/10\/5.3-CMC_WEB_Top-banners_1920X360_bandeau-civil-helicopter-768x143.jpg 768w, https:\/\/staging.cmcelectronics.activ.is\/wp-content\/uploads\/2022\/10\/5.3-CMC_WEB_Top-banners_1920X360_bandeau-civil-helicopter-1536x287.jpg 1536w\" sizes=\"(max-width: 1930px) 100vw, 1930px\" \/><div class=\"wp-block-cover__inner-container\"><h3 class=\"wp-block-post-title\">H\u00e9licopt\u00e8res civils<\/h3><\/div><\/div>\n\n\n\n<div class=\"wp-block-group alignfull has-padding-y-large has-accent-background-color has-background\"><div class=\"yoast-breadcrumbs alignwide \"><span class=\"breadcrumbs\"><a href=\"https:\/\/staging.cmcelectronics.activ.is\/fr\/\" class=\"breadcrumbs__element\">Accueil<\/a> <span class=\"breadcrumbs__separator\">\n        <svg class=\"icon icon-breadcrumb__separator\"><use xlink:href=\"#icon-breadcrumb__separator\"><\/use><\/svg>\n    <\/span> <a href=\"https:\/\/staging.cmcelectronics.activ.is\/fr\/nos-marches\/\" class=\"breadcrumbs__element\">Nos march\u00e9s<\/a> <span class=\"breadcrumbs__separator\">\n        <svg class=\"icon icon-breadcrumb__separator\"><use xlink:href=\"#icon-breadcrumb__separator\"><\/use><\/svg>\n    <\/span> <span class=\"breadcrumbs__element breadcrumbs__element-current\">H\u00e9licopt\u00e8res civils<\/span><\/span><\/div><\/div>\n\n\n\n\n<p class=\"act-lead wp-block-paragraph\">Les clients qui exploitent des h\u00e9licopt\u00e8res civils se tournent vers l\u2019\u00e9quipe d\u2019experts de CMC pour des avioniques et des postes de pilotage d\u2019h\u00e9licopt\u00e8res personnalis\u00e9s fiables et rentables. Notre avionique \u00e0 architecture ouverte sur mesure prolongera la dur\u00e9e de vie des plateformes existantes, r\u00e9duira les co\u00fbts d\u2019entretien et am\u00e9liorera la connaissance de la situation dans toutes les conditions m\u00e9t\u00e9orologiques et tous les environnements.<\/p>\n\n\n\n\n<p class=\"wp-block-paragraph\"><strong>D\u00e9couvrez nos pages de produits :<\/strong><\/p>\n\n\n\n<ul class=\"wp-block-list\">\n<li><a href=\"https:\/\/staging.cmcelectronics.activ.is\/fr\/nos-produits\/navigation\/systemes-civils-de-gestion-de-vol-fms\/\">Syst\u00e8me de gestion de vol civil<\/a><\/li>\n\n\n\n<li><a href=\"https:\/\/staging.cmcelectronics.activ.is\/fr\/nos-produits\/navigation\/systeme-de-gestion-des-logiciels-de-vols-sw-fms\/?preview_id=1697&amp;preview_nonce=837520e8bc&amp;preview=true&amp;_thumbnail_id=1348\">Logiciel pour syst\u00e8me de gestion de vo<\/a>l<\/li>\n\n\n\n<li><a href=\"https:\/\/staging.cmcelectronics.activ.is\/fr\/nos-produits\/navigation\/recepteurs-gnss\/\">Capteur GNSS<\/a><\/li>\n\n\n\n<li><a href=\"https:\/\/staging.cmcelectronics.activ.is\/fr\/nos-produits\/navigation\/capteurs-de-vitesse-doppler-dvs\/\">Capteur de vitesse Doppler<\/a><\/li>\n\n\n\n<li><a href=\"https:\/\/staging.cmcelectronics.activ.is\/fr\/nos-produits\/integration-des-systemes-de-poste-de-pilotage\/postes-de-pilotage-dhelicopteres\/\">Poste de pilotage d\u2019h\u00e9licopt\u00e8re<\/a><\/li>\n\n\n\n<li><a href=\"https:\/\/staging.cmcelectronics.activ.is\/fr\/nos-produits\/affichages-et-panneaux-de-commande\/affichages-multifonctions-intelligents\/\">Affichage multifonctionnel intelligent<\/a><\/li>\n\n\n\n<li><a href=\"https:\/\/staging.cmcelectronics.activ.is\/fr\/nos-produits\/ordinateurs-avioniques\/ordinateurs-avioniques-multicoeurs\/\">Ordinateurs avioniques multic\u0153urs<\/a><\/li>\n\n\n\n<li><a href=\"https:\/\/staging.cmcelectronics.activ.is\/wp-admin\/post.php?post=77&amp;action=edit&amp;lang=en\">Opto\u00e9lectronique<\/a><\/li>\n<\/ul>\n","protected":false},"excerpt":{"rendered":"<p>D\u00e9couvrez nos pages de produits :<\/p>\n","protected":false},"author":1,"featured_media":0,"parent":1761,"menu_order":0,"comment_status":"closed","ping_status":"closed","template":"","meta":{"_acf_changed":false,"_gspb_post_css":"","_crdt_document":"","content-type":"","inline_featured_image":false,"footnotes":""},"class_list":["post-1773","page","type-page","status-publish","hentry"],"acf":[],"yoast_head":"<!-- This site is optimized with the Yoast SEO plugin v27.4 - https:\/\/yoast.com\/product\/yoast-seo-wordpress\/ -->\n<title>H\u00e9licopt\u00e8res civils - CMC \u00c9lectronique<\/title>\n<meta name=\"robots\" content=\"index, follow, max-snippet:-1, max-image-preview:large, max-video-preview:-1\" \/>\n<link rel=\"canonical\" href=\"https:\/\/staging.cmcelectronics.activ.is\/fr\/nos-marches\/helicopteres-civils\/\" \/>\n<meta property=\"og:locale\" content=\"fr_FR\" \/>\n<meta property=\"og:type\" content=\"article\" \/>\n<meta property=\"og:title\" content=\"H\u00e9licopt\u00e8res civils - CMC \u00c9lectronique\" \/>\n<meta property=\"og:description\" content=\"D\u00e9couvrez nos pages de produits :\" \/>\n<meta property=\"og:url\" content=\"https:\/\/staging.cmcelectronics.activ.is\/fr\/nos-marches\/helicopteres-civils\/\" \/>\n<meta property=\"og:site_name\" content=\"CMC \u00c9lectronique\" \/>\n<meta property=\"article:publisher\" content=\"https:\/\/www.facebook.com\/CMC-lectronique-334109967145086\" \/>\n<meta property=\"article:modified_time\" content=\"2022-12-14T16:41:53+00:00\" \/>\n<meta property=\"og:image\" content=\"https:\/\/staging.cmcelectronics.activ.is\/wp-content\/uploads\/2022\/10\/5.3-CMC_WEB_Top-banners_1920X360_bandeau-civil-helicopter.jpg\" \/>\n<meta name=\"twitter:card\" content=\"summary_large_image\" \/>\n<meta name=\"twitter:label1\" content=\"Dur\u00e9e de lecture estim\u00e9e\" \/>\n\t<meta name=\"twitter:data1\" content=\"1 minute\" \/>\n<script type=\"application\/ld+json\" class=\"yoast-schema-graph\">{\"@context\":\"https:\\\/\\\/schema.org\",\"@graph\":[{\"@type\":\"WebPage\",\"@id\":\"https:\\\/\\\/staging.cmcelectronics.activ.is\\\/fr\\\/nos-marches\\\/helicopteres-civils\\\/\",\"url\":\"https:\\\/\\\/staging.cmcelectronics.activ.is\\\/fr\\\/nos-marches\\\/helicopteres-civils\\\/\",\"name\":\"H\u00e9licopt\u00e8res civils - CMC \u00c9lectronique\",\"isPartOf\":{\"@id\":\"https:\\\/\\\/staging.cmcelectronics.activ.is\\\/fr\\\/#website\"},\"primaryImageOfPage\":{\"@id\":\"https:\\\/\\\/staging.cmcelectronics.activ.is\\\/fr\\\/nos-marches\\\/helicopteres-civils\\\/#primaryimage\"},\"image\":{\"@id\":\"https:\\\/\\\/staging.cmcelectronics.activ.is\\\/fr\\\/nos-marches\\\/helicopteres-civils\\\/#primaryimage\"},\"thumbnailUrl\":\"https:\\\/\\\/staging.cmcelectronics.activ.is\\\/wp-content\\\/uploads\\\/2022\\\/10\\\/5.3-CMC_WEB_Top-banners_1920X360_bandeau-civil-helicopter.jpg\",\"datePublished\":\"2022-08-23T23:23:32+00:00\",\"dateModified\":\"2022-12-14T16:41:53+00:00\",\"breadcrumb\":{\"@id\":\"https:\\\/\\\/staging.cmcelectronics.activ.is\\\/fr\\\/nos-marches\\\/helicopteres-civils\\\/#breadcrumb\"},\"inLanguage\":\"fr-FR\",\"potentialAction\":[{\"@type\":\"ReadAction\",\"target\":[\"https:\\\/\\\/staging.cmcelectronics.activ.is\\\/fr\\\/nos-marches\\\/helicopteres-civils\\\/\"]}]},{\"@type\":\"ImageObject\",\"inLanguage\":\"fr-FR\",\"@id\":\"https:\\\/\\\/staging.cmcelectronics.activ.is\\\/fr\\\/nos-marches\\\/helicopteres-civils\\\/#primaryimage\",\"url\":\"https:\\\/\\\/staging.cmcelectronics.activ.is\\\/wp-content\\\/uploads\\\/2022\\\/10\\\/5.3-CMC_WEB_Top-banners_1920X360_bandeau-civil-helicopter.jpg\",\"contentUrl\":\"https:\\\/\\\/staging.cmcelectronics.activ.is\\\/wp-content\\\/uploads\\\/2022\\\/10\\\/5.3-CMC_WEB_Top-banners_1920X360_bandeau-civil-helicopter.jpg\"},{\"@type\":\"BreadcrumbList\",\"@id\":\"https:\\\/\\\/staging.cmcelectronics.activ.is\\\/fr\\\/nos-marches\\\/helicopteres-civils\\\/#breadcrumb\",\"itemListElement\":[{\"@type\":\"ListItem\",\"position\":1,\"name\":\"Accueil\",\"item\":\"https:\\\/\\\/staging.cmcelectronics.activ.is\\\/fr\\\/\"},{\"@type\":\"ListItem\",\"position\":2,\"name\":\"Nos march\u00e9s\",\"item\":\"https:\\\/\\\/staging.cmcelectronics.activ.is\\\/fr\\\/nos-marches\\\/\"},{\"@type\":\"ListItem\",\"position\":3,\"name\":\"H\u00e9licopt\u00e8res civils\"}]},{\"@type\":\"WebSite\",\"@id\":\"https:\\\/\\\/staging.cmcelectronics.activ.is\\\/fr\\\/#website\",\"url\":\"https:\\\/\\\/staging.cmcelectronics.activ.is\\\/fr\\\/\",\"name\":\"CMC \u00c9lectronique\",\"description\":\"\",\"publisher\":{\"@id\":\"https:\\\/\\\/staging.cmcelectronics.activ.is\\\/fr\\\/#organization\"},\"potentialAction\":[{\"@type\":\"SearchAction\",\"target\":{\"@type\":\"EntryPoint\",\"urlTemplate\":\"https:\\\/\\\/staging.cmcelectronics.activ.is\\\/fr\\\/?s={search_term_string}\"},\"query-input\":{\"@type\":\"PropertyValueSpecification\",\"valueRequired\":true,\"valueName\":\"search_term_string\"}}],\"inLanguage\":\"fr-FR\"},{\"@type\":\"Organization\",\"@id\":\"https:\\\/\\\/staging.cmcelectronics.activ.is\\\/fr\\\/#organization\",\"name\":\"CMC \u00c9lectronique\",\"url\":\"https:\\\/\\\/staging.cmcelectronics.activ.is\\\/fr\\\/\",\"logo\":{\"@type\":\"ImageObject\",\"inLanguage\":\"fr-FR\",\"@id\":\"https:\\\/\\\/staging.cmcelectronics.activ.is\\\/fr\\\/#\\\/schema\\\/logo\\\/image\\\/\",\"url\":\"https:\\\/\\\/staging.cmcelectronics.activ.is\\\/wp-content\\\/uploads\\\/2022\\\/08\\\/logo-CMC_black.svg\",\"contentUrl\":\"https:\\\/\\\/staging.cmcelectronics.activ.is\\\/wp-content\\\/uploads\\\/2022\\\/08\\\/logo-CMC_black.svg\",\"width\":180,\"height\":57,\"caption\":\"CMC \u00c9lectronique\"},\"image\":{\"@id\":\"https:\\\/\\\/staging.cmcelectronics.activ.is\\\/fr\\\/#\\\/schema\\\/logo\\\/image\\\/\"},\"sameAs\":[\"https:\\\/\\\/www.facebook.com\\\/CMC-lectronique-334109967145086\",\"https:\\\/\\\/www.linkedin.com\\\/company\\\/cmc-electronics\"]}]}<\/script>\n<!-- \/ Yoast SEO plugin. -->","yoast_head_json":{"title":"H\u00e9licopt\u00e8res civils - CMC \u00c9lectronique","robots":{"index":"index","follow":"follow","max-snippet":"max-snippet:-1","max-image-preview":"max-image-preview:large","max-video-preview":"max-video-preview:-1"},"canonical":"https:\/\/staging.cmcelectronics.activ.is\/fr\/nos-marches\/helicopteres-civils\/","og_locale":"fr_FR","og_type":"article","og_title":"H\u00e9licopt\u00e8res civils - CMC \u00c9lectronique","og_description":"D\u00e9couvrez nos pages de produits :","og_url":"https:\/\/staging.cmcelectronics.activ.is\/fr\/nos-marches\/helicopteres-civils\/","og_site_name":"CMC \u00c9lectronique","article_publisher":"https:\/\/www.facebook.com\/CMC-lectronique-334109967145086","article_modified_time":"2022-12-14T16:41:53+00:00","og_image":[{"url":"https:\/\/staging.cmcelectronics.activ.is\/wp-content\/uploads\/2022\/10\/5.3-CMC_WEB_Top-banners_1920X360_bandeau-civil-helicopter.jpg","type":"","width":"","height":""}],"twitter_card":"summary_large_image","twitter_misc":{"Dur\u00e9e de lecture estim\u00e9e":"1 minute"},"schema":{"@context":"https:\/\/schema.org","@graph":[{"@type":"WebPage","@id":"https:\/\/staging.cmcelectronics.activ.is\/fr\/nos-marches\/helicopteres-civils\/","url":"https:\/\/staging.cmcelectronics.activ.is\/fr\/nos-marches\/helicopteres-civils\/","name":"H\u00e9licopt\u00e8res civils - CMC \u00c9lectronique","isPartOf":{"@id":"https:\/\/staging.cmcelectronics.activ.is\/fr\/#website"},"primaryImageOfPage":{"@id":"https:\/\/staging.cmcelectronics.activ.is\/fr\/nos-marches\/helicopteres-civils\/#primaryimage"},"image":{"@id":"https:\/\/staging.cmcelectronics.activ.is\/fr\/nos-marches\/helicopteres-civils\/#primaryimage"},"thumbnailUrl":"https:\/\/staging.cmcelectronics.activ.is\/wp-content\/uploads\/2022\/10\/5.3-CMC_WEB_Top-banners_1920X360_bandeau-civil-helicopter.jpg","datePublished":"2022-08-23T23:23:32+00:00","dateModified":"2022-12-14T16:41:53+00:00","breadcrumb":{"@id":"https:\/\/staging.cmcelectronics.activ.is\/fr\/nos-marches\/helicopteres-civils\/#breadcrumb"},"inLanguage":"fr-FR","potentialAction":[{"@type":"ReadAction","target":["https:\/\/staging.cmcelectronics.activ.is\/fr\/nos-marches\/helicopteres-civils\/"]}]},{"@type":"ImageObject","inLanguage":"fr-FR","@id":"https:\/\/staging.cmcelectronics.activ.is\/fr\/nos-marches\/helicopteres-civils\/#primaryimage","url":"https:\/\/staging.cmcelectronics.activ.is\/wp-content\/uploads\/2022\/10\/5.3-CMC_WEB_Top-banners_1920X360_bandeau-civil-helicopter.jpg","contentUrl":"https:\/\/staging.cmcelectronics.activ.is\/wp-content\/uploads\/2022\/10\/5.3-CMC_WEB_Top-banners_1920X360_bandeau-civil-helicopter.jpg"},{"@type":"BreadcrumbList","@id":"https:\/\/staging.cmcelectronics.activ.is\/fr\/nos-marches\/helicopteres-civils\/#breadcrumb","itemListElement":[{"@type":"ListItem","position":1,"name":"Accueil","item":"https:\/\/staging.cmcelectronics.activ.is\/fr\/"},{"@type":"ListItem","position":2,"name":"Nos march\u00e9s","item":"https:\/\/staging.cmcelectronics.activ.is\/fr\/nos-marches\/"},{"@type":"ListItem","position":3,"name":"H\u00e9licopt\u00e8res civils"}]},{"@type":"WebSite","@id":"https:\/\/staging.cmcelectronics.activ.is\/fr\/#website","url":"https:\/\/staging.cmcelectronics.activ.is\/fr\/","name":"CMC \u00c9lectronique","description":"","publisher":{"@id":"https:\/\/staging.cmcelectronics.activ.is\/fr\/#organization"},"potentialAction":[{"@type":"SearchAction","target":{"@type":"EntryPoint","urlTemplate":"https:\/\/staging.cmcelectronics.activ.is\/fr\/?s={search_term_string}"},"query-input":{"@type":"PropertyValueSpecification","valueRequired":true,"valueName":"search_term_string"}}],"inLanguage":"fr-FR"},{"@type":"Organization","@id":"https:\/\/staging.cmcelectronics.activ.is\/fr\/#organization","name":"CMC \u00c9lectronique","url":"https:\/\/staging.cmcelectronics.activ.is\/fr\/","logo":{"@type":"ImageObject","inLanguage":"fr-FR","@id":"https:\/\/staging.cmcelectronics.activ.is\/fr\/#\/schema\/logo\/image\/","url":"https:\/\/staging.cmcelectronics.activ.is\/wp-content\/uploads\/2022\/08\/logo-CMC_black.svg","contentUrl":"https:\/\/staging.cmcelectronics.activ.is\/wp-content\/uploads\/2022\/08\/logo-CMC_black.svg","width":180,"height":57,"caption":"CMC \u00c9lectronique"},"image":{"@id":"https:\/\/staging.cmcelectronics.activ.is\/fr\/#\/schema\/logo\/image\/"},"sameAs":["https:\/\/www.facebook.com\/CMC-lectronique-334109967145086","https:\/\/www.linkedin.com\/company\/cmc-electronics"]}]}},"_links":{"self":[{"href":"https:\/\/staging.cmcelectronics.activ.is\/fr\/wp-json\/wp\/v2\/pages\/1773","targetHints":{"allow":["GET"]}}],"collection":[{"href":"https:\/\/staging.cmcelectronics.activ.is\/fr\/wp-json\/wp\/v2\/pages"}],"about":[{"href":"https:\/\/staging.cmcelectronics.activ.is\/fr\/wp-json\/wp\/v2\/types\/page"}],"author":[{"embeddable":true,"href":"https:\/\/staging.cmcelectronics.activ.is\/fr\/wp-json\/wp\/v2\/users\/1"}],"replies":[{"embeddable":true,"href":"https:\/\/staging.cmcelectronics.activ.is\/fr\/wp-json\/wp\/v2\/comments?post=1773"}],"version-history":[{"count":0,"href":"https:\/\/staging.cmcelectronics.activ.is\/fr\/wp-json\/wp\/v2\/pages\/1773\/revisions"}],"up":[{"embeddable":true,"href":"https:\/\/staging.cmcelectronics.activ.is\/fr\/wp-json\/wp\/v2\/pages\/1761"}],"wp:attachment":[{"href":"https:\/\/staging.cmcelectronics.activ.is\/fr\/wp-json\/wp\/v2\/media?parent=1773"}],"curies":[{"name":"wp","href":"https:\/\/api.w.org\/{rel}","templated":true}]}}