{"id":1754,"date":"2022-08-23T19:23:31","date_gmt":"2022-08-23T23:23:31","guid":{"rendered":"https:\/\/staging.cmcelectronics.activ.is\/nos-produits\/microelectronique\/optoelectronics\/"},"modified":"2024-12-03T13:12:40","modified_gmt":"2024-12-03T18:12:40","slug":"optoelectronique","status":"publish","type":"page","link":"https:\/\/staging.cmcelectronics.activ.is\/fr\/nos-produits\/optoelectronique\/","title":{"rendered":"Opto\u00e9lectronique"},"content":{"rendered":"\n\n<p class=\"act-lead wp-block-paragraph\">CMC est le principal fournisseur de produits opto\u00e9lectroniques et d&rsquo;hybrides micro\u00e9lectroniques sur mesure pour les march\u00e9s de la d\u00e9fense et de l&rsquo;a\u00e9rospatiale dans le monde entier. Notre approche strat\u00e9gique garantit la conception, la fabrication et la qualification de microcircuits hybrides complexes et de dispositifs \u00e9lectro-optiques.<br><br>Notre \u00e9quipe d\u2019ing\u00e9nierie respect\u00e9e et exp\u00e9riment\u00e9e travaille en \u00e9troite collaboration avec les clients pour bien comprendre leurs besoins et leurs priorit\u00e9s. Cette approche se traduit par des conceptions fiables et robustes qui r\u00e9pondent m\u00eame aux sp\u00e9cifications les plus exigeantes des clients.<\/p>\n\n\n\n\n<p class=\"wp-block-paragraph\"><strong><strong>D\u00e9tecteurs et r\u00e9cepteurs optiques<\/strong><\/strong><\/p>\n\n\n\n<p class=\"wp-block-paragraph\">Photodiode \u00e0 avalanche (APD) \u00e0 petit facteur de forme et r\u00e9cepteurs quadrants dans des ensembles herm\u00e9tiques robustes pour d\u00e9tecter les faibles signaux optiques plus rapidement et atteindre de plus longues distances.<\/p>\n\n\n\n<p class=\"wp-block-paragraph\">Assemblages opto\u00e9lectroniques sur mesure comprenant \u00e9metteur, r\u00e9cepteur, interface optique et traitement du signal pour faciliter et acc\u00e9l\u00e9rer les conceptions de syst\u00e8me.<\/p>\n\n\n\n<ul class=\"wp-block-list\">\n<li>Comprend deux longueurs d\u2019onde, permettant des op\u00e9rations tactiques et de formation dans des applications exigeantes et robustes.<\/li>\n\n\n\n<li>Simplifie la conception du syst\u00e8me et r\u00e9duit les co\u00fbts d\u2019exploitation pour les utilisateurs finaux.<\/li>\n\n\n\n<li>Fonctionne \u00e0 une plus grande plage de temp\u00e9ratures et r\u00e9siste \u00e0 une puissance laser \u00e9lev\u00e9e sans dommage.<\/li>\n<\/ul>\n\n\n\n<p class=\"wp-block-paragraph\"><a href=\"https:\/\/event.on24.com\/wcc\/r\/4171675\/3BA80011D7E73A3BBB7AB4CC81ED2384?partnerref=EXTCMC\">T\u00e9l\u00e9chargez notre webinaire sur les \u00ab\u00a0Optical Detectors for Atmospheric and Airborne LiDAR\u00a0\u00bb pr\u00e9sent\u00e9 sur aviationweek.com<\/a><\/p>\n\n\n\n<p class=\"wp-block-paragraph\"><a href=\"https:\/\/staging.cmcelectronics.activ.is\/fr\/contactez-nous\/\">Contactez-nous pour plus d&rsquo;information.<\/a><\/p>\n\n\n\n<hr class=\"wp-block-separator has-alpha-channel-opacity\"\/>\n\n\n\n<h2 class=\"wp-block-heading\" id=\"microcircuits-hybrides-personnalises\">Microcircuits hybrides personnalis\u00e9s<\/h2>\n\n\n\n\n<p class=\"act-lead wp-block-paragraph\">Les microcircuits hybrides de CMC sont dot\u00e9s d\u2019un emballage herm\u00e9tique pour offrir un faible temps moyen entre les d\u00e9faillances (MTBF), une conception plus s\u00fbre contre l\u2019ing\u00e9nierie inverse et la capacit\u00e9 de r\u00e9sister \u00e0 une plage extr\u00eame de temp\u00e9ratures de fonctionnement.<\/p>\n\n\n\n\n<ul class=\"wp-block-list\">\n<li>La technologie modulaire cr\u00e9e un avantage \u00e9conomique pour le d\u00e9veloppement de produits et le prototypage rapide de syst\u00e8mes complexes.<\/li>\n<\/ul>\n\n\n\n<p class=\"wp-block-paragraph\"><a href=\"https:\/\/staging.cmcelectronics.activ.is\/fr\/contactez-nous\/\">Communiquez avec notre \u00e9quipe pour obtenir plus de renseignements.<\/a><\/p>\n\n\n\n<figure class=\"wp-block-image size-full\"><img decoding=\"async\" width=\"519\" height=\"389\" src=\"https:\/\/staging.cmcelectronics.activ.is\/wp-content\/uploads\/2022\/11\/4.5.1-CMC_page-produit-519x389-hybrid-microcircuit_.jpg\" alt=\"\" class=\"wp-image-1344\" srcset=\"https:\/\/staging.cmcelectronics.activ.is\/wp-content\/uploads\/2022\/11\/4.5.1-CMC_page-produit-519x389-hybrid-microcircuit_.jpg 519w, https:\/\/staging.cmcelectronics.activ.is\/wp-content\/uploads\/2022\/11\/4.5.1-CMC_page-produit-519x389-hybrid-microcircuit_-300x225.jpg 300w\" sizes=\"(max-width: 519px) 100vw, 519px\" \/><\/figure>\n","protected":false},"excerpt":{"rendered":"<p>D\u00e9tecteurs et r\u00e9cepteurs optiques Photodiode \u00e0 avalanche (APD) \u00e0 petit facteur de forme et r\u00e9cepteurs quadrants dans des ensembles herm\u00e9tiques robustes pour d\u00e9tecter les faibles signaux optiques plus rapidement et atteindre de plus longues distances. Assemblages opto\u00e9lectroniques sur mesure comprenant \u00e9metteur, r\u00e9cepteur, interface optique et traitement du signal pour faciliter et acc\u00e9l\u00e9rer les conceptions de [&hellip;]<\/p>\n","protected":false},"author":1,"featured_media":1333,"parent":1666,"menu_order":0,"comment_status":"closed","ping_status":"closed","template":"product","meta":{"_acf_changed":false,"_gspb_post_css":"","_crdt_document":"","content-type":"","inline_featured_image":false,"footnotes":""},"class_list":["post-1754","page","type-page","status-publish","has-post-thumbnail","hentry"],"acf":[],"yoast_head":"<!-- This site is optimized with the Yoast SEO plugin v27.4 - https:\/\/yoast.com\/product\/yoast-seo-wordpress\/ -->\n<title>Opto\u00e9lectronique - CMC \u00c9lectronique<\/title>\n<meta name=\"robots\" content=\"index, follow, max-snippet:-1, max-image-preview:large, max-video-preview:-1\" \/>\n<link rel=\"canonical\" href=\"https:\/\/staging.cmcelectronics.activ.is\/fr\/nos-produits\/optoelectronique\/\" \/>\n<meta property=\"og:locale\" content=\"fr_FR\" \/>\n<meta property=\"og:type\" content=\"article\" \/>\n<meta property=\"og:title\" content=\"Opto\u00e9lectronique - CMC \u00c9lectronique\" \/>\n<meta property=\"og:description\" content=\"D\u00e9tecteurs et r\u00e9cepteurs optiques Photodiode \u00e0 avalanche (APD) \u00e0 petit facteur de forme et r\u00e9cepteurs quadrants dans des ensembles herm\u00e9tiques robustes pour d\u00e9tecter les faibles signaux optiques plus rapidement et atteindre de plus longues distances. Assemblages opto\u00e9lectroniques sur mesure comprenant \u00e9metteur, r\u00e9cepteur, interface optique et traitement du signal pour faciliter et acc\u00e9l\u00e9rer les conceptions de [&hellip;]\" \/>\n<meta property=\"og:url\" content=\"https:\/\/staging.cmcelectronics.activ.is\/fr\/nos-produits\/optoelectronique\/\" \/>\n<meta property=\"og:site_name\" content=\"CMC \u00c9lectronique\" \/>\n<meta property=\"article:publisher\" content=\"https:\/\/www.facebook.com\/CMC-lectronique-334109967145086\" \/>\n<meta property=\"article:modified_time\" content=\"2024-12-03T18:12:40+00:00\" \/>\n<meta property=\"og:image\" content=\"https:\/\/staging.cmcelectronics.activ.is\/wp-content\/uploads\/2022\/11\/4.5.2-CMC_pageProduit_519x389_264-339822-APD-receiver.jpg\" \/>\n\t<meta property=\"og:image:width\" content=\"519\" \/>\n\t<meta property=\"og:image:height\" content=\"389\" \/>\n\t<meta property=\"og:image:type\" content=\"image\/jpeg\" \/>\n<meta name=\"twitter:card\" content=\"summary_large_image\" \/>\n<meta name=\"twitter:label1\" content=\"Dur\u00e9e de lecture estim\u00e9e\" \/>\n\t<meta name=\"twitter:data1\" content=\"2 minutes\" \/>\n<script type=\"application\/ld+json\" class=\"yoast-schema-graph\">{\"@context\":\"https:\\\/\\\/schema.org\",\"@graph\":[{\"@type\":\"WebPage\",\"@id\":\"https:\\\/\\\/staging.cmcelectronics.activ.is\\\/fr\\\/nos-produits\\\/optoelectronique\\\/\",\"url\":\"https:\\\/\\\/staging.cmcelectronics.activ.is\\\/fr\\\/nos-produits\\\/optoelectronique\\\/\",\"name\":\"Opto\u00e9lectronique - CMC \u00c9lectronique\",\"isPartOf\":{\"@id\":\"https:\\\/\\\/staging.cmcelectronics.activ.is\\\/fr\\\/#website\"},\"primaryImageOfPage\":{\"@id\":\"https:\\\/\\\/staging.cmcelectronics.activ.is\\\/fr\\\/nos-produits\\\/optoelectronique\\\/#primaryimage\"},\"image\":{\"@id\":\"https:\\\/\\\/staging.cmcelectronics.activ.is\\\/fr\\\/nos-produits\\\/optoelectronique\\\/#primaryimage\"},\"thumbnailUrl\":\"https:\\\/\\\/staging.cmcelectronics.activ.is\\\/wp-content\\\/uploads\\\/2022\\\/11\\\/4.5.2-CMC_pageProduit_519x389_264-339822-APD-receiver.jpg\",\"datePublished\":\"2022-08-23T23:23:31+00:00\",\"dateModified\":\"2024-12-03T18:12:40+00:00\",\"breadcrumb\":{\"@id\":\"https:\\\/\\\/staging.cmcelectronics.activ.is\\\/fr\\\/nos-produits\\\/optoelectronique\\\/#breadcrumb\"},\"inLanguage\":\"fr-FR\",\"potentialAction\":[{\"@type\":\"ReadAction\",\"target\":[\"https:\\\/\\\/staging.cmcelectronics.activ.is\\\/fr\\\/nos-produits\\\/optoelectronique\\\/\"]}]},{\"@type\":\"ImageObject\",\"inLanguage\":\"fr-FR\",\"@id\":\"https:\\\/\\\/staging.cmcelectronics.activ.is\\\/fr\\\/nos-produits\\\/optoelectronique\\\/#primaryimage\",\"url\":\"https:\\\/\\\/staging.cmcelectronics.activ.is\\\/wp-content\\\/uploads\\\/2022\\\/11\\\/4.5.2-CMC_pageProduit_519x389_264-339822-APD-receiver.jpg\",\"contentUrl\":\"https:\\\/\\\/staging.cmcelectronics.activ.is\\\/wp-content\\\/uploads\\\/2022\\\/11\\\/4.5.2-CMC_pageProduit_519x389_264-339822-APD-receiver.jpg\",\"width\":519,\"height\":389},{\"@type\":\"BreadcrumbList\",\"@id\":\"https:\\\/\\\/staging.cmcelectronics.activ.is\\\/fr\\\/nos-produits\\\/optoelectronique\\\/#breadcrumb\",\"itemListElement\":[{\"@type\":\"ListItem\",\"position\":1,\"name\":\"Accueil\",\"item\":\"https:\\\/\\\/staging.cmcelectronics.activ.is\\\/fr\\\/\"},{\"@type\":\"ListItem\",\"position\":2,\"name\":\"Nos produits\",\"item\":\"https:\\\/\\\/staging.cmcelectronics.activ.is\\\/fr\\\/nos-produits\\\/\"},{\"@type\":\"ListItem\",\"position\":3,\"name\":\"Opto\u00e9lectronique\"}]},{\"@type\":\"WebSite\",\"@id\":\"https:\\\/\\\/staging.cmcelectronics.activ.is\\\/fr\\\/#website\",\"url\":\"https:\\\/\\\/staging.cmcelectronics.activ.is\\\/fr\\\/\",\"name\":\"CMC \u00c9lectronique\",\"description\":\"\",\"publisher\":{\"@id\":\"https:\\\/\\\/staging.cmcelectronics.activ.is\\\/fr\\\/#organization\"},\"potentialAction\":[{\"@type\":\"SearchAction\",\"target\":{\"@type\":\"EntryPoint\",\"urlTemplate\":\"https:\\\/\\\/staging.cmcelectronics.activ.is\\\/fr\\\/?s={search_term_string}\"},\"query-input\":{\"@type\":\"PropertyValueSpecification\",\"valueRequired\":true,\"valueName\":\"search_term_string\"}}],\"inLanguage\":\"fr-FR\"},{\"@type\":\"Organization\",\"@id\":\"https:\\\/\\\/staging.cmcelectronics.activ.is\\\/fr\\\/#organization\",\"name\":\"CMC \u00c9lectronique\",\"url\":\"https:\\\/\\\/staging.cmcelectronics.activ.is\\\/fr\\\/\",\"logo\":{\"@type\":\"ImageObject\",\"inLanguage\":\"fr-FR\",\"@id\":\"https:\\\/\\\/staging.cmcelectronics.activ.is\\\/fr\\\/#\\\/schema\\\/logo\\\/image\\\/\",\"url\":\"https:\\\/\\\/staging.cmcelectronics.activ.is\\\/wp-content\\\/uploads\\\/2022\\\/08\\\/logo-CMC_black.svg\",\"contentUrl\":\"https:\\\/\\\/staging.cmcelectronics.activ.is\\\/wp-content\\\/uploads\\\/2022\\\/08\\\/logo-CMC_black.svg\",\"width\":180,\"height\":57,\"caption\":\"CMC \u00c9lectronique\"},\"image\":{\"@id\":\"https:\\\/\\\/staging.cmcelectronics.activ.is\\\/fr\\\/#\\\/schema\\\/logo\\\/image\\\/\"},\"sameAs\":[\"https:\\\/\\\/www.facebook.com\\\/CMC-lectronique-334109967145086\",\"https:\\\/\\\/www.linkedin.com\\\/company\\\/cmc-electronics\"]}]}<\/script>\n<!-- \/ Yoast SEO plugin. -->","yoast_head_json":{"title":"Opto\u00e9lectronique - CMC \u00c9lectronique","robots":{"index":"index","follow":"follow","max-snippet":"max-snippet:-1","max-image-preview":"max-image-preview:large","max-video-preview":"max-video-preview:-1"},"canonical":"https:\/\/staging.cmcelectronics.activ.is\/fr\/nos-produits\/optoelectronique\/","og_locale":"fr_FR","og_type":"article","og_title":"Opto\u00e9lectronique - CMC \u00c9lectronique","og_description":"D\u00e9tecteurs et r\u00e9cepteurs optiques Photodiode \u00e0 avalanche (APD) \u00e0 petit facteur de forme et r\u00e9cepteurs quadrants dans des ensembles herm\u00e9tiques robustes pour d\u00e9tecter les faibles signaux optiques plus rapidement et atteindre de plus longues distances. Assemblages opto\u00e9lectroniques sur mesure comprenant \u00e9metteur, r\u00e9cepteur, interface optique et traitement du signal pour faciliter et acc\u00e9l\u00e9rer les conceptions de [&hellip;]","og_url":"https:\/\/staging.cmcelectronics.activ.is\/fr\/nos-produits\/optoelectronique\/","og_site_name":"CMC \u00c9lectronique","article_publisher":"https:\/\/www.facebook.com\/CMC-lectronique-334109967145086","article_modified_time":"2024-12-03T18:12:40+00:00","og_image":[{"width":519,"height":389,"url":"https:\/\/staging.cmcelectronics.activ.is\/wp-content\/uploads\/2022\/11\/4.5.2-CMC_pageProduit_519x389_264-339822-APD-receiver.jpg","type":"image\/jpeg"}],"twitter_card":"summary_large_image","twitter_misc":{"Dur\u00e9e de lecture estim\u00e9e":"2 minutes"},"schema":{"@context":"https:\/\/schema.org","@graph":[{"@type":"WebPage","@id":"https:\/\/staging.cmcelectronics.activ.is\/fr\/nos-produits\/optoelectronique\/","url":"https:\/\/staging.cmcelectronics.activ.is\/fr\/nos-produits\/optoelectronique\/","name":"Opto\u00e9lectronique - CMC \u00c9lectronique","isPartOf":{"@id":"https:\/\/staging.cmcelectronics.activ.is\/fr\/#website"},"primaryImageOfPage":{"@id":"https:\/\/staging.cmcelectronics.activ.is\/fr\/nos-produits\/optoelectronique\/#primaryimage"},"image":{"@id":"https:\/\/staging.cmcelectronics.activ.is\/fr\/nos-produits\/optoelectronique\/#primaryimage"},"thumbnailUrl":"https:\/\/staging.cmcelectronics.activ.is\/wp-content\/uploads\/2022\/11\/4.5.2-CMC_pageProduit_519x389_264-339822-APD-receiver.jpg","datePublished":"2022-08-23T23:23:31+00:00","dateModified":"2024-12-03T18:12:40+00:00","breadcrumb":{"@id":"https:\/\/staging.cmcelectronics.activ.is\/fr\/nos-produits\/optoelectronique\/#breadcrumb"},"inLanguage":"fr-FR","potentialAction":[{"@type":"ReadAction","target":["https:\/\/staging.cmcelectronics.activ.is\/fr\/nos-produits\/optoelectronique\/"]}]},{"@type":"ImageObject","inLanguage":"fr-FR","@id":"https:\/\/staging.cmcelectronics.activ.is\/fr\/nos-produits\/optoelectronique\/#primaryimage","url":"https:\/\/staging.cmcelectronics.activ.is\/wp-content\/uploads\/2022\/11\/4.5.2-CMC_pageProduit_519x389_264-339822-APD-receiver.jpg","contentUrl":"https:\/\/staging.cmcelectronics.activ.is\/wp-content\/uploads\/2022\/11\/4.5.2-CMC_pageProduit_519x389_264-339822-APD-receiver.jpg","width":519,"height":389},{"@type":"BreadcrumbList","@id":"https:\/\/staging.cmcelectronics.activ.is\/fr\/nos-produits\/optoelectronique\/#breadcrumb","itemListElement":[{"@type":"ListItem","position":1,"name":"Accueil","item":"https:\/\/staging.cmcelectronics.activ.is\/fr\/"},{"@type":"ListItem","position":2,"name":"Nos produits","item":"https:\/\/staging.cmcelectronics.activ.is\/fr\/nos-produits\/"},{"@type":"ListItem","position":3,"name":"Opto\u00e9lectronique"}]},{"@type":"WebSite","@id":"https:\/\/staging.cmcelectronics.activ.is\/fr\/#website","url":"https:\/\/staging.cmcelectronics.activ.is\/fr\/","name":"CMC \u00c9lectronique","description":"","publisher":{"@id":"https:\/\/staging.cmcelectronics.activ.is\/fr\/#organization"},"potentialAction":[{"@type":"SearchAction","target":{"@type":"EntryPoint","urlTemplate":"https:\/\/staging.cmcelectronics.activ.is\/fr\/?s={search_term_string}"},"query-input":{"@type":"PropertyValueSpecification","valueRequired":true,"valueName":"search_term_string"}}],"inLanguage":"fr-FR"},{"@type":"Organization","@id":"https:\/\/staging.cmcelectronics.activ.is\/fr\/#organization","name":"CMC \u00c9lectronique","url":"https:\/\/staging.cmcelectronics.activ.is\/fr\/","logo":{"@type":"ImageObject","inLanguage":"fr-FR","@id":"https:\/\/staging.cmcelectronics.activ.is\/fr\/#\/schema\/logo\/image\/","url":"https:\/\/staging.cmcelectronics.activ.is\/wp-content\/uploads\/2022\/08\/logo-CMC_black.svg","contentUrl":"https:\/\/staging.cmcelectronics.activ.is\/wp-content\/uploads\/2022\/08\/logo-CMC_black.svg","width":180,"height":57,"caption":"CMC \u00c9lectronique"},"image":{"@id":"https:\/\/staging.cmcelectronics.activ.is\/fr\/#\/schema\/logo\/image\/"},"sameAs":["https:\/\/www.facebook.com\/CMC-lectronique-334109967145086","https:\/\/www.linkedin.com\/company\/cmc-electronics"]}]}},"_links":{"self":[{"href":"https:\/\/staging.cmcelectronics.activ.is\/fr\/wp-json\/wp\/v2\/pages\/1754","targetHints":{"allow":["GET"]}}],"collection":[{"href":"https:\/\/staging.cmcelectronics.activ.is\/fr\/wp-json\/wp\/v2\/pages"}],"about":[{"href":"https:\/\/staging.cmcelectronics.activ.is\/fr\/wp-json\/wp\/v2\/types\/page"}],"author":[{"embeddable":true,"href":"https:\/\/staging.cmcelectronics.activ.is\/fr\/wp-json\/wp\/v2\/users\/1"}],"replies":[{"embeddable":true,"href":"https:\/\/staging.cmcelectronics.activ.is\/fr\/wp-json\/wp\/v2\/comments?post=1754"}],"version-history":[{"count":8,"href":"https:\/\/staging.cmcelectronics.activ.is\/fr\/wp-json\/wp\/v2\/pages\/1754\/revisions"}],"predecessor-version":[{"id":3570,"href":"https:\/\/staging.cmcelectronics.activ.is\/fr\/wp-json\/wp\/v2\/pages\/1754\/revisions\/3570"}],"up":[{"embeddable":true,"href":"https:\/\/staging.cmcelectronics.activ.is\/fr\/wp-json\/wp\/v2\/pages\/1666"}],"wp:featuredmedia":[{"embeddable":true,"href":"https:\/\/staging.cmcelectronics.activ.is\/fr\/wp-json\/wp\/v2\/media\/1333"}],"wp:attachment":[{"href":"https:\/\/staging.cmcelectronics.activ.is\/fr\/wp-json\/wp\/v2\/media?parent=1754"}],"curies":[{"name":"wp","href":"https:\/\/api.w.org\/{rel}","templated":true}]}}