{"id":1733,"date":"2022-08-23T19:23:31","date_gmt":"2022-08-23T23:23:31","guid":{"rendered":"https:\/\/staging.cmcelectronics.activ.is\/nos-produits\/affichages-et-panneaux-de-commande\/head-up-display\/"},"modified":"2023-08-30T15:48:22","modified_gmt":"2023-08-30T19:48:22","slug":"collimateurs-tete-haute","status":"publish","type":"page","link":"https:\/\/staging.cmcelectronics.activ.is\/fr\/nos-produits\/affichages-et-panneaux-de-commande\/collimateurs-tete-haute\/","title":{"rendered":"Collimateurs t\u00eate haute"},"content":{"rendered":"\n\n<p class=\"act-lead wp-block-paragraph\">Avec plus de 1 000 unit\u00e9s mises en service et op\u00e9rationnelles sur plus de 30 types d&rsquo;a\u00e9ronefs diff\u00e9rents, CMC a acquis une r\u00e9putation internationale pour ses affichages t\u00eate haute (HUD). Combin\u00e9s \u00e0 nos programmes de vol op\u00e9rationnels, nos HUD peuvent constituer un syst\u00e8me complet de livraison d&rsquo;armes et une solution puissante et rentable pour les a\u00e9ronefs effectuant une vaste gamme de missions.<\/p>\n\n\n\n\n<p class=\"wp-block-paragraph\"><strong>Voici les affichages t\u00eate haute num\u00e9riques de CMC, la nouvelle g\u00e9n\u00e9ration de HUD<\/strong><\/p>\n\n\n\n<ul class=\"wp-block-list\">\n<li>Moteur d&rsquo;\u00e9clairage num\u00e9rique \u00e0 la fine pointe de la technologie offrant une luminosit\u00e9 d&rsquo;affichage plus \u00e9lev\u00e9e et plus durable que celle des anciens HUD.<\/li>\n\n\n\n<li>Fiabilit\u00e9 et facilit\u00e9 d&rsquo;entretien maximales, avec le temps moyen entre les d\u00e9faillances (MTBF) le plus \u00e9lev\u00e9 de sa cat\u00e9gorie.<\/li>\n\n\n\n<li>Performance de trame remarquable et champ de vision total (TFOV) exceptionnel par unit\u00e9 de poids\/taille\/prix pour sa cat\u00e9gorie.<\/li>\n\n\n\n<li>Compact et l\u00e9ger, il offre des capacit\u00e9s d&rsquo;affichage comparables \u00e0 celles d&rsquo;un avion de chasse sur des plates-formes plus petites.<\/li>\n\n\n\n<li>La symbologie configurable offre un aspect et une convivialit\u00e9 communs aux flottes et garantit un impact minimal sur la transition des pilotes d&rsquo;un type d&rsquo;a\u00e9ronef \u00e0 l&rsquo;autre.<\/li>\n\n\n\n<li>Conception ouverte et modulaire pour faciliter l&rsquo;int\u00e9gration dans les cockpits existants et futurs.<\/li>\n\n\n\n<li>Ses performances \u00e9lev\u00e9es et son faible co\u00fbt en font une solution d&rsquo;un excellent rapport qualit\u00e9-prix pour les nouveaux a\u00e9ronefs militaires ou pour les mises \u00e0 niveau d&rsquo;a\u00e9ronefs existants.<\/li>\n<\/ul>\n","protected":false},"excerpt":{"rendered":"<p>Voici les affichages t\u00eate haute num\u00e9riques de CMC, la nouvelle g\u00e9n\u00e9ration de HUD<\/p>\n","protected":false},"author":1,"featured_media":3105,"parent":1679,"menu_order":0,"comment_status":"closed","ping_status":"closed","template":"product","meta":{"_acf_changed":false,"_gspb_post_css":"","_crdt_document":"","content-type":"","inline_featured_image":false,"footnotes":""},"class_list":["post-1733","page","type-page","status-publish","has-post-thumbnail","hentry"],"acf":[],"yoast_head":"<!-- This site is optimized with the Yoast SEO plugin v27.4 - https:\/\/yoast.com\/product\/yoast-seo-wordpress\/ -->\n<title>Collimateurs t\u00eate haute - CMC \u00c9lectronique<\/title>\n<meta name=\"robots\" content=\"index, follow, max-snippet:-1, max-image-preview:large, max-video-preview:-1\" \/>\n<link rel=\"canonical\" href=\"https:\/\/staging.cmcelectronics.activ.is\/fr\/nos-produits\/affichages-et-panneaux-de-commande\/collimateurs-tete-haute\/\" \/>\n<meta property=\"og:locale\" content=\"fr_FR\" \/>\n<meta property=\"og:type\" content=\"article\" \/>\n<meta property=\"og:title\" content=\"Collimateurs t\u00eate haute - CMC \u00c9lectronique\" \/>\n<meta property=\"og:description\" content=\"Voici les affichages t\u00eate haute num\u00e9riques de CMC, la nouvelle g\u00e9n\u00e9ration de HUD\" \/>\n<meta property=\"og:url\" content=\"https:\/\/staging.cmcelectronics.activ.is\/fr\/nos-produits\/affichages-et-panneaux-de-commande\/collimateurs-tete-haute\/\" \/>\n<meta property=\"og:site_name\" content=\"CMC \u00c9lectronique\" \/>\n<meta property=\"article:publisher\" content=\"https:\/\/www.facebook.com\/CMC-lectronique-334109967145086\" \/>\n<meta property=\"article:modified_time\" content=\"2023-08-30T19:48:22+00:00\" \/>\n<meta property=\"og:image\" content=\"https:\/\/staging.cmcelectronics.activ.is\/wp-content\/uploads\/2023\/08\/DHUD-final-scaled.jpg\" \/>\n\t<meta property=\"og:image:width\" content=\"2560\" \/>\n\t<meta property=\"og:image:height\" content=\"2560\" \/>\n\t<meta property=\"og:image:type\" content=\"image\/jpeg\" \/>\n<meta name=\"twitter:card\" content=\"summary_large_image\" \/>\n<meta name=\"twitter:label1\" content=\"Dur\u00e9e de lecture estim\u00e9e\" \/>\n\t<meta name=\"twitter:data1\" content=\"2 minutes\" \/>\n<script type=\"application\/ld+json\" class=\"yoast-schema-graph\">{\"@context\":\"https:\\\/\\\/schema.org\",\"@graph\":[{\"@type\":\"WebPage\",\"@id\":\"https:\\\/\\\/staging.cmcelectronics.activ.is\\\/fr\\\/nos-produits\\\/affichages-et-panneaux-de-commande\\\/collimateurs-tete-haute\\\/\",\"url\":\"https:\\\/\\\/staging.cmcelectronics.activ.is\\\/fr\\\/nos-produits\\\/affichages-et-panneaux-de-commande\\\/collimateurs-tete-haute\\\/\",\"name\":\"Collimateurs t\u00eate haute - CMC \u00c9lectronique\",\"isPartOf\":{\"@id\":\"https:\\\/\\\/staging.cmcelectronics.activ.is\\\/fr\\\/#website\"},\"primaryImageOfPage\":{\"@id\":\"https:\\\/\\\/staging.cmcelectronics.activ.is\\\/fr\\\/nos-produits\\\/affichages-et-panneaux-de-commande\\\/collimateurs-tete-haute\\\/#primaryimage\"},\"image\":{\"@id\":\"https:\\\/\\\/staging.cmcelectronics.activ.is\\\/fr\\\/nos-produits\\\/affichages-et-panneaux-de-commande\\\/collimateurs-tete-haute\\\/#primaryimage\"},\"thumbnailUrl\":\"https:\\\/\\\/staging.cmcelectronics.activ.is\\\/wp-content\\\/uploads\\\/2023\\\/08\\\/DHUD-final-scaled.jpg\",\"datePublished\":\"2022-08-23T23:23:31+00:00\",\"dateModified\":\"2023-08-30T19:48:22+00:00\",\"breadcrumb\":{\"@id\":\"https:\\\/\\\/staging.cmcelectronics.activ.is\\\/fr\\\/nos-produits\\\/affichages-et-panneaux-de-commande\\\/collimateurs-tete-haute\\\/#breadcrumb\"},\"inLanguage\":\"fr-FR\",\"potentialAction\":[{\"@type\":\"ReadAction\",\"target\":[\"https:\\\/\\\/staging.cmcelectronics.activ.is\\\/fr\\\/nos-produits\\\/affichages-et-panneaux-de-commande\\\/collimateurs-tete-haute\\\/\"]}]},{\"@type\":\"ImageObject\",\"inLanguage\":\"fr-FR\",\"@id\":\"https:\\\/\\\/staging.cmcelectronics.activ.is\\\/fr\\\/nos-produits\\\/affichages-et-panneaux-de-commande\\\/collimateurs-tete-haute\\\/#primaryimage\",\"url\":\"https:\\\/\\\/staging.cmcelectronics.activ.is\\\/wp-content\\\/uploads\\\/2023\\\/08\\\/DHUD-final-scaled.jpg\",\"contentUrl\":\"https:\\\/\\\/staging.cmcelectronics.activ.is\\\/wp-content\\\/uploads\\\/2023\\\/08\\\/DHUD-final-scaled.jpg\",\"width\":2560,\"height\":2560},{\"@type\":\"BreadcrumbList\",\"@id\":\"https:\\\/\\\/staging.cmcelectronics.activ.is\\\/fr\\\/nos-produits\\\/affichages-et-panneaux-de-commande\\\/collimateurs-tete-haute\\\/#breadcrumb\",\"itemListElement\":[{\"@type\":\"ListItem\",\"position\":1,\"name\":\"Accueil\",\"item\":\"https:\\\/\\\/staging.cmcelectronics.activ.is\\\/fr\\\/\"},{\"@type\":\"ListItem\",\"position\":2,\"name\":\"Nos produits\",\"item\":\"https:\\\/\\\/staging.cmcelectronics.activ.is\\\/fr\\\/nos-produits\\\/\"},{\"@type\":\"ListItem\",\"position\":3,\"name\":\"Affichages et panneaux de commande\",\"item\":\"https:\\\/\\\/staging.cmcelectronics.activ.is\\\/fr\\\/nos-produits\\\/affichages-et-panneaux-de-commande\\\/\"},{\"@type\":\"ListItem\",\"position\":4,\"name\":\"Collimateurs t\u00eate haute\"}]},{\"@type\":\"WebSite\",\"@id\":\"https:\\\/\\\/staging.cmcelectronics.activ.is\\\/fr\\\/#website\",\"url\":\"https:\\\/\\\/staging.cmcelectronics.activ.is\\\/fr\\\/\",\"name\":\"CMC \u00c9lectronique\",\"description\":\"\",\"publisher\":{\"@id\":\"https:\\\/\\\/staging.cmcelectronics.activ.is\\\/fr\\\/#organization\"},\"potentialAction\":[{\"@type\":\"SearchAction\",\"target\":{\"@type\":\"EntryPoint\",\"urlTemplate\":\"https:\\\/\\\/staging.cmcelectronics.activ.is\\\/fr\\\/?s={search_term_string}\"},\"query-input\":{\"@type\":\"PropertyValueSpecification\",\"valueRequired\":true,\"valueName\":\"search_term_string\"}}],\"inLanguage\":\"fr-FR\"},{\"@type\":\"Organization\",\"@id\":\"https:\\\/\\\/staging.cmcelectronics.activ.is\\\/fr\\\/#organization\",\"name\":\"CMC \u00c9lectronique\",\"url\":\"https:\\\/\\\/staging.cmcelectronics.activ.is\\\/fr\\\/\",\"logo\":{\"@type\":\"ImageObject\",\"inLanguage\":\"fr-FR\",\"@id\":\"https:\\\/\\\/staging.cmcelectronics.activ.is\\\/fr\\\/#\\\/schema\\\/logo\\\/image\\\/\",\"url\":\"https:\\\/\\\/staging.cmcelectronics.activ.is\\\/wp-content\\\/uploads\\\/2022\\\/08\\\/logo-CMC_black.svg\",\"contentUrl\":\"https:\\\/\\\/staging.cmcelectronics.activ.is\\\/wp-content\\\/uploads\\\/2022\\\/08\\\/logo-CMC_black.svg\",\"width\":180,\"height\":57,\"caption\":\"CMC \u00c9lectronique\"},\"image\":{\"@id\":\"https:\\\/\\\/staging.cmcelectronics.activ.is\\\/fr\\\/#\\\/schema\\\/logo\\\/image\\\/\"},\"sameAs\":[\"https:\\\/\\\/www.facebook.com\\\/CMC-lectronique-334109967145086\",\"https:\\\/\\\/www.linkedin.com\\\/company\\\/cmc-electronics\"]}]}<\/script>\n<!-- \/ Yoast SEO plugin. -->","yoast_head_json":{"title":"Collimateurs t\u00eate haute - CMC \u00c9lectronique","robots":{"index":"index","follow":"follow","max-snippet":"max-snippet:-1","max-image-preview":"max-image-preview:large","max-video-preview":"max-video-preview:-1"},"canonical":"https:\/\/staging.cmcelectronics.activ.is\/fr\/nos-produits\/affichages-et-panneaux-de-commande\/collimateurs-tete-haute\/","og_locale":"fr_FR","og_type":"article","og_title":"Collimateurs t\u00eate haute - CMC \u00c9lectronique","og_description":"Voici les affichages t\u00eate haute num\u00e9riques de CMC, la nouvelle g\u00e9n\u00e9ration de HUD","og_url":"https:\/\/staging.cmcelectronics.activ.is\/fr\/nos-produits\/affichages-et-panneaux-de-commande\/collimateurs-tete-haute\/","og_site_name":"CMC \u00c9lectronique","article_publisher":"https:\/\/www.facebook.com\/CMC-lectronique-334109967145086","article_modified_time":"2023-08-30T19:48:22+00:00","og_image":[{"width":2560,"height":2560,"url":"https:\/\/staging.cmcelectronics.activ.is\/wp-content\/uploads\/2023\/08\/DHUD-final-scaled.jpg","type":"image\/jpeg"}],"twitter_card":"summary_large_image","twitter_misc":{"Dur\u00e9e de lecture estim\u00e9e":"2 minutes"},"schema":{"@context":"https:\/\/schema.org","@graph":[{"@type":"WebPage","@id":"https:\/\/staging.cmcelectronics.activ.is\/fr\/nos-produits\/affichages-et-panneaux-de-commande\/collimateurs-tete-haute\/","url":"https:\/\/staging.cmcelectronics.activ.is\/fr\/nos-produits\/affichages-et-panneaux-de-commande\/collimateurs-tete-haute\/","name":"Collimateurs t\u00eate haute - CMC \u00c9lectronique","isPartOf":{"@id":"https:\/\/staging.cmcelectronics.activ.is\/fr\/#website"},"primaryImageOfPage":{"@id":"https:\/\/staging.cmcelectronics.activ.is\/fr\/nos-produits\/affichages-et-panneaux-de-commande\/collimateurs-tete-haute\/#primaryimage"},"image":{"@id":"https:\/\/staging.cmcelectronics.activ.is\/fr\/nos-produits\/affichages-et-panneaux-de-commande\/collimateurs-tete-haute\/#primaryimage"},"thumbnailUrl":"https:\/\/staging.cmcelectronics.activ.is\/wp-content\/uploads\/2023\/08\/DHUD-final-scaled.jpg","datePublished":"2022-08-23T23:23:31+00:00","dateModified":"2023-08-30T19:48:22+00:00","breadcrumb":{"@id":"https:\/\/staging.cmcelectronics.activ.is\/fr\/nos-produits\/affichages-et-panneaux-de-commande\/collimateurs-tete-haute\/#breadcrumb"},"inLanguage":"fr-FR","potentialAction":[{"@type":"ReadAction","target":["https:\/\/staging.cmcelectronics.activ.is\/fr\/nos-produits\/affichages-et-panneaux-de-commande\/collimateurs-tete-haute\/"]}]},{"@type":"ImageObject","inLanguage":"fr-FR","@id":"https:\/\/staging.cmcelectronics.activ.is\/fr\/nos-produits\/affichages-et-panneaux-de-commande\/collimateurs-tete-haute\/#primaryimage","url":"https:\/\/staging.cmcelectronics.activ.is\/wp-content\/uploads\/2023\/08\/DHUD-final-scaled.jpg","contentUrl":"https:\/\/staging.cmcelectronics.activ.is\/wp-content\/uploads\/2023\/08\/DHUD-final-scaled.jpg","width":2560,"height":2560},{"@type":"BreadcrumbList","@id":"https:\/\/staging.cmcelectronics.activ.is\/fr\/nos-produits\/affichages-et-panneaux-de-commande\/collimateurs-tete-haute\/#breadcrumb","itemListElement":[{"@type":"ListItem","position":1,"name":"Accueil","item":"https:\/\/staging.cmcelectronics.activ.is\/fr\/"},{"@type":"ListItem","position":2,"name":"Nos produits","item":"https:\/\/staging.cmcelectronics.activ.is\/fr\/nos-produits\/"},{"@type":"ListItem","position":3,"name":"Affichages et panneaux de commande","item":"https:\/\/staging.cmcelectronics.activ.is\/fr\/nos-produits\/affichages-et-panneaux-de-commande\/"},{"@type":"ListItem","position":4,"name":"Collimateurs t\u00eate haute"}]},{"@type":"WebSite","@id":"https:\/\/staging.cmcelectronics.activ.is\/fr\/#website","url":"https:\/\/staging.cmcelectronics.activ.is\/fr\/","name":"CMC \u00c9lectronique","description":"","publisher":{"@id":"https:\/\/staging.cmcelectronics.activ.is\/fr\/#organization"},"potentialAction":[{"@type":"SearchAction","target":{"@type":"EntryPoint","urlTemplate":"https:\/\/staging.cmcelectronics.activ.is\/fr\/?s={search_term_string}"},"query-input":{"@type":"PropertyValueSpecification","valueRequired":true,"valueName":"search_term_string"}}],"inLanguage":"fr-FR"},{"@type":"Organization","@id":"https:\/\/staging.cmcelectronics.activ.is\/fr\/#organization","name":"CMC \u00c9lectronique","url":"https:\/\/staging.cmcelectronics.activ.is\/fr\/","logo":{"@type":"ImageObject","inLanguage":"fr-FR","@id":"https:\/\/staging.cmcelectronics.activ.is\/fr\/#\/schema\/logo\/image\/","url":"https:\/\/staging.cmcelectronics.activ.is\/wp-content\/uploads\/2022\/08\/logo-CMC_black.svg","contentUrl":"https:\/\/staging.cmcelectronics.activ.is\/wp-content\/uploads\/2022\/08\/logo-CMC_black.svg","width":180,"height":57,"caption":"CMC \u00c9lectronique"},"image":{"@id":"https:\/\/staging.cmcelectronics.activ.is\/fr\/#\/schema\/logo\/image\/"},"sameAs":["https:\/\/www.facebook.com\/CMC-lectronique-334109967145086","https:\/\/www.linkedin.com\/company\/cmc-electronics"]}]}},"_links":{"self":[{"href":"https:\/\/staging.cmcelectronics.activ.is\/fr\/wp-json\/wp\/v2\/pages\/1733","targetHints":{"allow":["GET"]}}],"collection":[{"href":"https:\/\/staging.cmcelectronics.activ.is\/fr\/wp-json\/wp\/v2\/pages"}],"about":[{"href":"https:\/\/staging.cmcelectronics.activ.is\/fr\/wp-json\/wp\/v2\/types\/page"}],"author":[{"embeddable":true,"href":"https:\/\/staging.cmcelectronics.activ.is\/fr\/wp-json\/wp\/v2\/users\/1"}],"replies":[{"embeddable":true,"href":"https:\/\/staging.cmcelectronics.activ.is\/fr\/wp-json\/wp\/v2\/comments?post=1733"}],"version-history":[{"count":4,"href":"https:\/\/staging.cmcelectronics.activ.is\/fr\/wp-json\/wp\/v2\/pages\/1733\/revisions"}],"predecessor-version":[{"id":3107,"href":"https:\/\/staging.cmcelectronics.activ.is\/fr\/wp-json\/wp\/v2\/pages\/1733\/revisions\/3107"}],"up":[{"embeddable":true,"href":"https:\/\/staging.cmcelectronics.activ.is\/fr\/wp-json\/wp\/v2\/pages\/1679"}],"wp:featuredmedia":[{"embeddable":true,"href":"https:\/\/staging.cmcelectronics.activ.is\/fr\/wp-json\/wp\/v2\/media\/3105"}],"wp:attachment":[{"href":"https:\/\/staging.cmcelectronics.activ.is\/fr\/wp-json\/wp\/v2\/media?parent=1733"}],"curies":[{"name":"wp","href":"https:\/\/api.w.org\/{rel}","templated":true}]}}