{"id":1702,"date":"2022-08-23T19:23:30","date_gmt":"2022-08-23T23:23:30","guid":{"rendered":"https:\/\/staging.cmcelectronics.activ.is\/nos-produits\/navigation\/gnnss-receivers\/"},"modified":"2023-07-11T14:25:38","modified_gmt":"2023-07-11T18:25:38","slug":"recepteurs-gnss","status":"publish","type":"page","link":"https:\/\/staging.cmcelectronics.activ.is\/fr\/nos-produits\/navigation\/recepteurs-gnss\/","title":{"rendered":"R\u00e9cepteurs GNSS"},"content":{"rendered":"\n<p class=\"wp-block-paragraph\">CMC est reconnue mondialement comme un fournisseur de pointe de GNSS. Nos produits sont reconnus pour leur temps moyen extr\u00eamement \u00e9lev\u00e9 entre les d\u00e9faillances. Le GNSS de CMC a \u00e9t\u00e9 le premier r\u00e9cepteur \u00e0 offrir les capacit\u00e9s d\u2019atterrissage GPS (LPV) et GBAS SBAS dans le segment du transport a\u00e9rien, ouvrant la voie \u00e0 une approche plus pr\u00e9cise et plus simple.<\/p>\n\n\n\n<ul class=\"wp-block-list\">\n<li>Moyenne de 221 ans de fonctionnement continu avant la d\u00e9faillance de l\u2019aile fixe.<\/li>\n\n\n\n<li>Moyenne de 94 ans de fonctionnement continu avant la d\u00e9faillance de l\u2019aile rotative.<\/li>\n\n\n\n<li>Capacit\u00e9s d\u2019approche LRN, LPV (\u00e9quivalent CAT-2) et GBAS de CAT-1 dans une unit\u00e9 autonome et facile \u00e0 installer.<\/li>\n\n\n\n<li>Technologie de corr\u00e9lation \u00e9troite pour une performance in\u00e9gal\u00e9e.<\/li>\n\n\n\n<li>Fonction Have Quick pour synchroniser les radios militaires.<\/li>\n\n\n\n<li>\u00c9metteur-r\u00e9cepteur VHF int\u00e9gr\u00e9 pour la prise en charge du GBAS.<\/li>\n\n\n\n<li>Fonction de maintien du curseur GPS.<\/li>\n\n\n\n<li>Satisfait au mandat d\u2019ADS-B et\/ou ajoute des capacit\u00e9s d\u2019atterrissage GPS CAT-1 \u00e0 l\u2019a\u00e9ronef, r\u00e9duisant ainsi les co\u00fbts, les temps d\u2019arr\u00eat et les perturbations pour les op\u00e9rateurs.<\/li>\n<\/ul>\n","protected":false},"excerpt":{"rendered":"<p>CMC est reconnue mondialement comme un fournisseur de pointe de GNSS. Nos produits sont reconnus pour leur temps moyen extr\u00eamement \u00e9lev\u00e9 entre les d\u00e9faillances. Le GNSS de CMC a \u00e9t\u00e9 le premier r\u00e9cepteur \u00e0 offrir les capacit\u00e9s d\u2019atterrissage GPS (LPV) et GBAS SBAS dans le segment du transport a\u00e9rien, ouvrant la voie \u00e0 une approche [&hellip;]<\/p>\n","protected":false},"author":1,"featured_media":1391,"parent":1670,"menu_order":40,"comment_status":"closed","ping_status":"closed","template":"product","meta":{"_acf_changed":false,"_gspb_post_css":"","_crdt_document":"","content-type":"","inline_featured_image":false,"footnotes":""},"class_list":["post-1702","page","type-page","status-publish","has-post-thumbnail","hentry"],"acf":[],"yoast_head":"<!-- This site is optimized with the Yoast SEO plugin v27.4 - https:\/\/yoast.com\/product\/yoast-seo-wordpress\/ -->\n<title>R\u00e9cepteurs GNSS - CMC \u00c9lectronique<\/title>\n<meta name=\"robots\" content=\"index, follow, max-snippet:-1, max-image-preview:large, max-video-preview:-1\" \/>\n<link rel=\"canonical\" href=\"https:\/\/staging.cmcelectronics.activ.is\/fr\/nos-produits\/navigation\/recepteurs-gnss\/\" \/>\n<meta property=\"og:locale\" content=\"fr_FR\" \/>\n<meta property=\"og:type\" content=\"article\" \/>\n<meta property=\"og:title\" content=\"R\u00e9cepteurs GNSS - CMC \u00c9lectronique\" \/>\n<meta property=\"og:description\" content=\"CMC est reconnue mondialement comme un fournisseur de pointe de GNSS. Nos produits sont reconnus pour leur temps moyen extr\u00eamement \u00e9lev\u00e9 entre les d\u00e9faillances. Le GNSS de CMC a \u00e9t\u00e9 le premier r\u00e9cepteur \u00e0 offrir les capacit\u00e9s d\u2019atterrissage GPS (LPV) et GBAS SBAS dans le segment du transport a\u00e9rien, ouvrant la voie \u00e0 une approche [&hellip;]\" \/>\n<meta property=\"og:url\" content=\"https:\/\/staging.cmcelectronics.activ.is\/fr\/nos-produits\/navigation\/recepteurs-gnss\/\" \/>\n<meta property=\"og:site_name\" content=\"CMC \u00c9lectronique\" \/>\n<meta property=\"article:publisher\" content=\"https:\/\/www.facebook.com\/CMC-lectronique-334109967145086\" \/>\n<meta property=\"article:modified_time\" content=\"2023-07-11T18:25:38+00:00\" \/>\n<meta property=\"og:image\" content=\"https:\/\/staging.cmcelectronics.activ.is\/wp-content\/uploads\/2022\/11\/4.1.3-CMC_pageProduit_519x389_CMA-5024.jpg\" \/>\n\t<meta property=\"og:image:width\" content=\"519\" \/>\n\t<meta property=\"og:image:height\" content=\"389\" \/>\n\t<meta property=\"og:image:type\" content=\"image\/jpeg\" \/>\n<meta name=\"twitter:card\" content=\"summary_large_image\" \/>\n<meta name=\"twitter:label1\" content=\"Dur\u00e9e de lecture estim\u00e9e\" \/>\n\t<meta name=\"twitter:data1\" content=\"1 minute\" \/>\n<script type=\"application\/ld+json\" class=\"yoast-schema-graph\">{\"@context\":\"https:\\\/\\\/schema.org\",\"@graph\":[{\"@type\":\"WebPage\",\"@id\":\"https:\\\/\\\/staging.cmcelectronics.activ.is\\\/fr\\\/nos-produits\\\/navigation\\\/recepteurs-gnss\\\/\",\"url\":\"https:\\\/\\\/staging.cmcelectronics.activ.is\\\/fr\\\/nos-produits\\\/navigation\\\/recepteurs-gnss\\\/\",\"name\":\"R\u00e9cepteurs GNSS - CMC \u00c9lectronique\",\"isPartOf\":{\"@id\":\"https:\\\/\\\/staging.cmcelectronics.activ.is\\\/fr\\\/#website\"},\"primaryImageOfPage\":{\"@id\":\"https:\\\/\\\/staging.cmcelectronics.activ.is\\\/fr\\\/nos-produits\\\/navigation\\\/recepteurs-gnss\\\/#primaryimage\"},\"image\":{\"@id\":\"https:\\\/\\\/staging.cmcelectronics.activ.is\\\/fr\\\/nos-produits\\\/navigation\\\/recepteurs-gnss\\\/#primaryimage\"},\"thumbnailUrl\":\"https:\\\/\\\/staging.cmcelectronics.activ.is\\\/wp-content\\\/uploads\\\/2022\\\/11\\\/4.1.3-CMC_pageProduit_519x389_CMA-5024.jpg\",\"datePublished\":\"2022-08-23T23:23:30+00:00\",\"dateModified\":\"2023-07-11T18:25:38+00:00\",\"breadcrumb\":{\"@id\":\"https:\\\/\\\/staging.cmcelectronics.activ.is\\\/fr\\\/nos-produits\\\/navigation\\\/recepteurs-gnss\\\/#breadcrumb\"},\"inLanguage\":\"fr-FR\",\"potentialAction\":[{\"@type\":\"ReadAction\",\"target\":[\"https:\\\/\\\/staging.cmcelectronics.activ.is\\\/fr\\\/nos-produits\\\/navigation\\\/recepteurs-gnss\\\/\"]}]},{\"@type\":\"ImageObject\",\"inLanguage\":\"fr-FR\",\"@id\":\"https:\\\/\\\/staging.cmcelectronics.activ.is\\\/fr\\\/nos-produits\\\/navigation\\\/recepteurs-gnss\\\/#primaryimage\",\"url\":\"https:\\\/\\\/staging.cmcelectronics.activ.is\\\/wp-content\\\/uploads\\\/2022\\\/11\\\/4.1.3-CMC_pageProduit_519x389_CMA-5024.jpg\",\"contentUrl\":\"https:\\\/\\\/staging.cmcelectronics.activ.is\\\/wp-content\\\/uploads\\\/2022\\\/11\\\/4.1.3-CMC_pageProduit_519x389_CMA-5024.jpg\",\"width\":519,\"height\":389},{\"@type\":\"BreadcrumbList\",\"@id\":\"https:\\\/\\\/staging.cmcelectronics.activ.is\\\/fr\\\/nos-produits\\\/navigation\\\/recepteurs-gnss\\\/#breadcrumb\",\"itemListElement\":[{\"@type\":\"ListItem\",\"position\":1,\"name\":\"Accueil\",\"item\":\"https:\\\/\\\/staging.cmcelectronics.activ.is\\\/fr\\\/\"},{\"@type\":\"ListItem\",\"position\":2,\"name\":\"Nos produits\",\"item\":\"https:\\\/\\\/staging.cmcelectronics.activ.is\\\/fr\\\/nos-produits\\\/\"},{\"@type\":\"ListItem\",\"position\":3,\"name\":\"Navigation\",\"item\":\"https:\\\/\\\/staging.cmcelectronics.activ.is\\\/fr\\\/nos-produits\\\/navigation\\\/\"},{\"@type\":\"ListItem\",\"position\":4,\"name\":\"R\u00e9cepteurs GNSS\"}]},{\"@type\":\"WebSite\",\"@id\":\"https:\\\/\\\/staging.cmcelectronics.activ.is\\\/fr\\\/#website\",\"url\":\"https:\\\/\\\/staging.cmcelectronics.activ.is\\\/fr\\\/\",\"name\":\"CMC \u00c9lectronique\",\"description\":\"\",\"publisher\":{\"@id\":\"https:\\\/\\\/staging.cmcelectronics.activ.is\\\/fr\\\/#organization\"},\"potentialAction\":[{\"@type\":\"SearchAction\",\"target\":{\"@type\":\"EntryPoint\",\"urlTemplate\":\"https:\\\/\\\/staging.cmcelectronics.activ.is\\\/fr\\\/?s={search_term_string}\"},\"query-input\":{\"@type\":\"PropertyValueSpecification\",\"valueRequired\":true,\"valueName\":\"search_term_string\"}}],\"inLanguage\":\"fr-FR\"},{\"@type\":\"Organization\",\"@id\":\"https:\\\/\\\/staging.cmcelectronics.activ.is\\\/fr\\\/#organization\",\"name\":\"CMC \u00c9lectronique\",\"url\":\"https:\\\/\\\/staging.cmcelectronics.activ.is\\\/fr\\\/\",\"logo\":{\"@type\":\"ImageObject\",\"inLanguage\":\"fr-FR\",\"@id\":\"https:\\\/\\\/staging.cmcelectronics.activ.is\\\/fr\\\/#\\\/schema\\\/logo\\\/image\\\/\",\"url\":\"https:\\\/\\\/staging.cmcelectronics.activ.is\\\/wp-content\\\/uploads\\\/2022\\\/08\\\/logo-CMC_black.svg\",\"contentUrl\":\"https:\\\/\\\/staging.cmcelectronics.activ.is\\\/wp-content\\\/uploads\\\/2022\\\/08\\\/logo-CMC_black.svg\",\"width\":180,\"height\":57,\"caption\":\"CMC \u00c9lectronique\"},\"image\":{\"@id\":\"https:\\\/\\\/staging.cmcelectronics.activ.is\\\/fr\\\/#\\\/schema\\\/logo\\\/image\\\/\"},\"sameAs\":[\"https:\\\/\\\/www.facebook.com\\\/CMC-lectronique-334109967145086\",\"https:\\\/\\\/www.linkedin.com\\\/company\\\/cmc-electronics\"]}]}<\/script>\n<!-- \/ Yoast SEO plugin. -->","yoast_head_json":{"title":"R\u00e9cepteurs GNSS - CMC \u00c9lectronique","robots":{"index":"index","follow":"follow","max-snippet":"max-snippet:-1","max-image-preview":"max-image-preview:large","max-video-preview":"max-video-preview:-1"},"canonical":"https:\/\/staging.cmcelectronics.activ.is\/fr\/nos-produits\/navigation\/recepteurs-gnss\/","og_locale":"fr_FR","og_type":"article","og_title":"R\u00e9cepteurs GNSS - CMC \u00c9lectronique","og_description":"CMC est reconnue mondialement comme un fournisseur de pointe de GNSS. Nos produits sont reconnus pour leur temps moyen extr\u00eamement \u00e9lev\u00e9 entre les d\u00e9faillances. Le GNSS de CMC a \u00e9t\u00e9 le premier r\u00e9cepteur \u00e0 offrir les capacit\u00e9s d\u2019atterrissage GPS (LPV) et GBAS SBAS dans le segment du transport a\u00e9rien, ouvrant la voie \u00e0 une approche [&hellip;]","og_url":"https:\/\/staging.cmcelectronics.activ.is\/fr\/nos-produits\/navigation\/recepteurs-gnss\/","og_site_name":"CMC \u00c9lectronique","article_publisher":"https:\/\/www.facebook.com\/CMC-lectronique-334109967145086","article_modified_time":"2023-07-11T18:25:38+00:00","og_image":[{"width":519,"height":389,"url":"https:\/\/staging.cmcelectronics.activ.is\/wp-content\/uploads\/2022\/11\/4.1.3-CMC_pageProduit_519x389_CMA-5024.jpg","type":"image\/jpeg"}],"twitter_card":"summary_large_image","twitter_misc":{"Dur\u00e9e de lecture estim\u00e9e":"1 minute"},"schema":{"@context":"https:\/\/schema.org","@graph":[{"@type":"WebPage","@id":"https:\/\/staging.cmcelectronics.activ.is\/fr\/nos-produits\/navigation\/recepteurs-gnss\/","url":"https:\/\/staging.cmcelectronics.activ.is\/fr\/nos-produits\/navigation\/recepteurs-gnss\/","name":"R\u00e9cepteurs GNSS - CMC \u00c9lectronique","isPartOf":{"@id":"https:\/\/staging.cmcelectronics.activ.is\/fr\/#website"},"primaryImageOfPage":{"@id":"https:\/\/staging.cmcelectronics.activ.is\/fr\/nos-produits\/navigation\/recepteurs-gnss\/#primaryimage"},"image":{"@id":"https:\/\/staging.cmcelectronics.activ.is\/fr\/nos-produits\/navigation\/recepteurs-gnss\/#primaryimage"},"thumbnailUrl":"https:\/\/staging.cmcelectronics.activ.is\/wp-content\/uploads\/2022\/11\/4.1.3-CMC_pageProduit_519x389_CMA-5024.jpg","datePublished":"2022-08-23T23:23:30+00:00","dateModified":"2023-07-11T18:25:38+00:00","breadcrumb":{"@id":"https:\/\/staging.cmcelectronics.activ.is\/fr\/nos-produits\/navigation\/recepteurs-gnss\/#breadcrumb"},"inLanguage":"fr-FR","potentialAction":[{"@type":"ReadAction","target":["https:\/\/staging.cmcelectronics.activ.is\/fr\/nos-produits\/navigation\/recepteurs-gnss\/"]}]},{"@type":"ImageObject","inLanguage":"fr-FR","@id":"https:\/\/staging.cmcelectronics.activ.is\/fr\/nos-produits\/navigation\/recepteurs-gnss\/#primaryimage","url":"https:\/\/staging.cmcelectronics.activ.is\/wp-content\/uploads\/2022\/11\/4.1.3-CMC_pageProduit_519x389_CMA-5024.jpg","contentUrl":"https:\/\/staging.cmcelectronics.activ.is\/wp-content\/uploads\/2022\/11\/4.1.3-CMC_pageProduit_519x389_CMA-5024.jpg","width":519,"height":389},{"@type":"BreadcrumbList","@id":"https:\/\/staging.cmcelectronics.activ.is\/fr\/nos-produits\/navigation\/recepteurs-gnss\/#breadcrumb","itemListElement":[{"@type":"ListItem","position":1,"name":"Accueil","item":"https:\/\/staging.cmcelectronics.activ.is\/fr\/"},{"@type":"ListItem","position":2,"name":"Nos produits","item":"https:\/\/staging.cmcelectronics.activ.is\/fr\/nos-produits\/"},{"@type":"ListItem","position":3,"name":"Navigation","item":"https:\/\/staging.cmcelectronics.activ.is\/fr\/nos-produits\/navigation\/"},{"@type":"ListItem","position":4,"name":"R\u00e9cepteurs GNSS"}]},{"@type":"WebSite","@id":"https:\/\/staging.cmcelectronics.activ.is\/fr\/#website","url":"https:\/\/staging.cmcelectronics.activ.is\/fr\/","name":"CMC \u00c9lectronique","description":"","publisher":{"@id":"https:\/\/staging.cmcelectronics.activ.is\/fr\/#organization"},"potentialAction":[{"@type":"SearchAction","target":{"@type":"EntryPoint","urlTemplate":"https:\/\/staging.cmcelectronics.activ.is\/fr\/?s={search_term_string}"},"query-input":{"@type":"PropertyValueSpecification","valueRequired":true,"valueName":"search_term_string"}}],"inLanguage":"fr-FR"},{"@type":"Organization","@id":"https:\/\/staging.cmcelectronics.activ.is\/fr\/#organization","name":"CMC \u00c9lectronique","url":"https:\/\/staging.cmcelectronics.activ.is\/fr\/","logo":{"@type":"ImageObject","inLanguage":"fr-FR","@id":"https:\/\/staging.cmcelectronics.activ.is\/fr\/#\/schema\/logo\/image\/","url":"https:\/\/staging.cmcelectronics.activ.is\/wp-content\/uploads\/2022\/08\/logo-CMC_black.svg","contentUrl":"https:\/\/staging.cmcelectronics.activ.is\/wp-content\/uploads\/2022\/08\/logo-CMC_black.svg","width":180,"height":57,"caption":"CMC \u00c9lectronique"},"image":{"@id":"https:\/\/staging.cmcelectronics.activ.is\/fr\/#\/schema\/logo\/image\/"},"sameAs":["https:\/\/www.facebook.com\/CMC-lectronique-334109967145086","https:\/\/www.linkedin.com\/company\/cmc-electronics"]}]}},"_links":{"self":[{"href":"https:\/\/staging.cmcelectronics.activ.is\/fr\/wp-json\/wp\/v2\/pages\/1702","targetHints":{"allow":["GET"]}}],"collection":[{"href":"https:\/\/staging.cmcelectronics.activ.is\/fr\/wp-json\/wp\/v2\/pages"}],"about":[{"href":"https:\/\/staging.cmcelectronics.activ.is\/fr\/wp-json\/wp\/v2\/types\/page"}],"author":[{"embeddable":true,"href":"https:\/\/staging.cmcelectronics.activ.is\/fr\/wp-json\/wp\/v2\/users\/1"}],"replies":[{"embeddable":true,"href":"https:\/\/staging.cmcelectronics.activ.is\/fr\/wp-json\/wp\/v2\/comments?post=1702"}],"version-history":[{"count":4,"href":"https:\/\/staging.cmcelectronics.activ.is\/fr\/wp-json\/wp\/v2\/pages\/1702\/revisions"}],"predecessor-version":[{"id":3054,"href":"https:\/\/staging.cmcelectronics.activ.is\/fr\/wp-json\/wp\/v2\/pages\/1702\/revisions\/3054"}],"up":[{"embeddable":true,"href":"https:\/\/staging.cmcelectronics.activ.is\/fr\/wp-json\/wp\/v2\/pages\/1670"}],"wp:featuredmedia":[{"embeddable":true,"href":"https:\/\/staging.cmcelectronics.activ.is\/fr\/wp-json\/wp\/v2\/media\/1391"}],"wp:attachment":[{"href":"https:\/\/staging.cmcelectronics.activ.is\/fr\/wp-json\/wp\/v2\/media?parent=1702"}],"curies":[{"name":"wp","href":"https:\/\/api.w.org\/{rel}","templated":true}]}}