{"id":1697,"date":"2022-08-23T19:23:30","date_gmt":"2022-08-23T23:23:30","guid":{"rendered":"https:\/\/staging.cmcelectronics.activ.is\/nos-produits\/navigation\/software-fms\/"},"modified":"2023-08-30T12:21:25","modified_gmt":"2023-08-30T16:21:25","slug":"systeme-de-gestion-des-logiciels-de-vols-sw-fms","status":"publish","type":"page","link":"https:\/\/staging.cmcelectronics.activ.is\/fr\/nos-produits\/navigation\/systeme-de-gestion-des-logiciels-de-vols-sw-fms\/","title":{"rendered":"Logiciel pour syst\u00e8me de gestion de vols (SW FMS)"},"content":{"rendered":"\n\n<p class=\"act-lead wp-block-paragraph\">Pr\u00eat \u00e0 \u00eatre mis en service d\u00e8s aujourd&rsquo;hui, le nouveau logiciel \u00e0 architecture ouverte de CMC pour les syst\u00e8mes de gestion de vol s&rsquo;adapte \u00e0 une vaste gamme d&rsquo;a\u00e9ronefs \u00e0 voilure fixe et tournante, ce qui en fait une solution polyvalente pour les march\u00e9s civils et militaires. Travaillant en \u00e9troite collaboration avec ses clients, CMC peut \u00e9galement adapter sa solution pour qu&rsquo;elle fonctionne sur presque n&rsquo;importe quel mat\u00e9riel afin d&rsquo;assurer l&rsquo;efficacit\u00e9 accrue des a\u00e9ronefs et le succ\u00e8s des missions.<\/p>\n\n\n\n\n<ul class=\"wp-block-list\">\n<li>S&rsquo;int\u00e8gre facilement aux architectures MOSA et FACE.<\/li>\n\n\n\n<li>Peut \u00eatre h\u00e9berg\u00e9e sur de l&rsquo;\u00e9quipement de tiers.<\/li>\n\n\n\n<li>Combine des fonctions de gestion de vol certifi\u00e9es au niveau civil avec des fonctions tactiques sp\u00e9cialis\u00e9es.<\/li>\n\n\n\n<li>Apporte la certification RNP\/RNAV aux plates-formes militaires.<\/li>\n\n\n\n<li>Est conforme aux normes civiles les plus r\u00e9centes pour permettre aux a\u00e9ronefs de voler dans l&rsquo;espace a\u00e9rien civil.<\/li>\n\n\n\n<li>Peut servir de solution de navigation autonome pour les architectures de cockpit o\u00f9 SWaP-C est essentiel.<\/li>\n\n\n\n<li>R\u00e9duit les co\u00fbts d&rsquo;exploitation en permettant aux a\u00e9ronefs d&#8217;emprunter des itin\u00e9raires pr\u00e9cis et en minimisant les approches manqu\u00e9es.<\/li>\n\n\n\n<li>Tire parti de plus de 30 ans d&rsquo;exp\u00e9rience et d&rsquo;un historique en service \u00e9prouv\u00e9.<\/li>\n<\/ul>\n","protected":false},"excerpt":{"rendered":"","protected":false},"author":1,"featured_media":1348,"parent":1670,"menu_order":30,"comment_status":"closed","ping_status":"closed","template":"product","meta":{"_acf_changed":false,"_gspb_post_css":"","_crdt_document":"","content-type":"","inline_featured_image":false,"footnotes":""},"class_list":["post-1697","page","type-page","status-publish","has-post-thumbnail","hentry"],"acf":[],"yoast_head":"<!-- This site is optimized with the Yoast SEO plugin v27.4 - https:\/\/yoast.com\/product\/yoast-seo-wordpress\/ -->\n<title>Logiciel pour syst\u00e8me de gestion de vols (SW FMS) - CMC \u00c9lectronique<\/title>\n<meta name=\"robots\" content=\"index, follow, max-snippet:-1, max-image-preview:large, max-video-preview:-1\" \/>\n<link rel=\"canonical\" href=\"https:\/\/staging.cmcelectronics.activ.is\/fr\/nos-produits\/navigation\/systeme-de-gestion-des-logiciels-de-vols-sw-fms\/\" \/>\n<meta property=\"og:locale\" content=\"fr_FR\" \/>\n<meta property=\"og:type\" content=\"article\" \/>\n<meta property=\"og:title\" content=\"Logiciel pour syst\u00e8me de gestion de vols (SW FMS) - CMC \u00c9lectronique\" \/>\n<meta property=\"og:url\" content=\"https:\/\/staging.cmcelectronics.activ.is\/fr\/nos-produits\/navigation\/systeme-de-gestion-des-logiciels-de-vols-sw-fms\/\" \/>\n<meta property=\"og:site_name\" content=\"CMC \u00c9lectronique\" \/>\n<meta property=\"article:publisher\" content=\"https:\/\/www.facebook.com\/CMC-lectronique-334109967145086\" \/>\n<meta property=\"article:modified_time\" content=\"2023-08-30T16:21:25+00:00\" \/>\n<meta property=\"og:image\" content=\"https:\/\/staging.cmcelectronics.activ.is\/wp-content\/uploads\/2022\/11\/4.1.1.b-CMC_page-produit_519x389-Software-FMS.jpg\" \/>\n\t<meta property=\"og:image:width\" content=\"519\" \/>\n\t<meta property=\"og:image:height\" content=\"389\" \/>\n\t<meta property=\"og:image:type\" content=\"image\/jpeg\" \/>\n<meta name=\"twitter:card\" content=\"summary_large_image\" \/>\n<meta name=\"twitter:label1\" content=\"Dur\u00e9e de lecture estim\u00e9e\" \/>\n\t<meta name=\"twitter:data1\" content=\"1 minute\" \/>\n<script type=\"application\/ld+json\" class=\"yoast-schema-graph\">{\"@context\":\"https:\\\/\\\/schema.org\",\"@graph\":[{\"@type\":\"WebPage\",\"@id\":\"https:\\\/\\\/staging.cmcelectronics.activ.is\\\/fr\\\/nos-produits\\\/navigation\\\/systeme-de-gestion-des-logiciels-de-vols-sw-fms\\\/\",\"url\":\"https:\\\/\\\/staging.cmcelectronics.activ.is\\\/fr\\\/nos-produits\\\/navigation\\\/systeme-de-gestion-des-logiciels-de-vols-sw-fms\\\/\",\"name\":\"Logiciel pour syst\u00e8me de gestion de vols (SW FMS) - CMC \u00c9lectronique\",\"isPartOf\":{\"@id\":\"https:\\\/\\\/staging.cmcelectronics.activ.is\\\/fr\\\/#website\"},\"primaryImageOfPage\":{\"@id\":\"https:\\\/\\\/staging.cmcelectronics.activ.is\\\/fr\\\/nos-produits\\\/navigation\\\/systeme-de-gestion-des-logiciels-de-vols-sw-fms\\\/#primaryimage\"},\"image\":{\"@id\":\"https:\\\/\\\/staging.cmcelectronics.activ.is\\\/fr\\\/nos-produits\\\/navigation\\\/systeme-de-gestion-des-logiciels-de-vols-sw-fms\\\/#primaryimage\"},\"thumbnailUrl\":\"https:\\\/\\\/staging.cmcelectronics.activ.is\\\/wp-content\\\/uploads\\\/2022\\\/11\\\/4.1.1.b-CMC_page-produit_519x389-Software-FMS.jpg\",\"datePublished\":\"2022-08-23T23:23:30+00:00\",\"dateModified\":\"2023-08-30T16:21:25+00:00\",\"breadcrumb\":{\"@id\":\"https:\\\/\\\/staging.cmcelectronics.activ.is\\\/fr\\\/nos-produits\\\/navigation\\\/systeme-de-gestion-des-logiciels-de-vols-sw-fms\\\/#breadcrumb\"},\"inLanguage\":\"fr-FR\",\"potentialAction\":[{\"@type\":\"ReadAction\",\"target\":[\"https:\\\/\\\/staging.cmcelectronics.activ.is\\\/fr\\\/nos-produits\\\/navigation\\\/systeme-de-gestion-des-logiciels-de-vols-sw-fms\\\/\"]}]},{\"@type\":\"ImageObject\",\"inLanguage\":\"fr-FR\",\"@id\":\"https:\\\/\\\/staging.cmcelectronics.activ.is\\\/fr\\\/nos-produits\\\/navigation\\\/systeme-de-gestion-des-logiciels-de-vols-sw-fms\\\/#primaryimage\",\"url\":\"https:\\\/\\\/staging.cmcelectronics.activ.is\\\/wp-content\\\/uploads\\\/2022\\\/11\\\/4.1.1.b-CMC_page-produit_519x389-Software-FMS.jpg\",\"contentUrl\":\"https:\\\/\\\/staging.cmcelectronics.activ.is\\\/wp-content\\\/uploads\\\/2022\\\/11\\\/4.1.1.b-CMC_page-produit_519x389-Software-FMS.jpg\",\"width\":519,\"height\":389},{\"@type\":\"BreadcrumbList\",\"@id\":\"https:\\\/\\\/staging.cmcelectronics.activ.is\\\/fr\\\/nos-produits\\\/navigation\\\/systeme-de-gestion-des-logiciels-de-vols-sw-fms\\\/#breadcrumb\",\"itemListElement\":[{\"@type\":\"ListItem\",\"position\":1,\"name\":\"Accueil\",\"item\":\"https:\\\/\\\/staging.cmcelectronics.activ.is\\\/fr\\\/\"},{\"@type\":\"ListItem\",\"position\":2,\"name\":\"Nos produits\",\"item\":\"https:\\\/\\\/staging.cmcelectronics.activ.is\\\/fr\\\/nos-produits\\\/\"},{\"@type\":\"ListItem\",\"position\":3,\"name\":\"Navigation\",\"item\":\"https:\\\/\\\/staging.cmcelectronics.activ.is\\\/fr\\\/nos-produits\\\/navigation\\\/\"},{\"@type\":\"ListItem\",\"position\":4,\"name\":\"Logiciel pour syst\u00e8me de gestion de vols (SW FMS)\"}]},{\"@type\":\"WebSite\",\"@id\":\"https:\\\/\\\/staging.cmcelectronics.activ.is\\\/fr\\\/#website\",\"url\":\"https:\\\/\\\/staging.cmcelectronics.activ.is\\\/fr\\\/\",\"name\":\"CMC \u00c9lectronique\",\"description\":\"\",\"publisher\":{\"@id\":\"https:\\\/\\\/staging.cmcelectronics.activ.is\\\/fr\\\/#organization\"},\"potentialAction\":[{\"@type\":\"SearchAction\",\"target\":{\"@type\":\"EntryPoint\",\"urlTemplate\":\"https:\\\/\\\/staging.cmcelectronics.activ.is\\\/fr\\\/?s={search_term_string}\"},\"query-input\":{\"@type\":\"PropertyValueSpecification\",\"valueRequired\":true,\"valueName\":\"search_term_string\"}}],\"inLanguage\":\"fr-FR\"},{\"@type\":\"Organization\",\"@id\":\"https:\\\/\\\/staging.cmcelectronics.activ.is\\\/fr\\\/#organization\",\"name\":\"CMC \u00c9lectronique\",\"url\":\"https:\\\/\\\/staging.cmcelectronics.activ.is\\\/fr\\\/\",\"logo\":{\"@type\":\"ImageObject\",\"inLanguage\":\"fr-FR\",\"@id\":\"https:\\\/\\\/staging.cmcelectronics.activ.is\\\/fr\\\/#\\\/schema\\\/logo\\\/image\\\/\",\"url\":\"https:\\\/\\\/staging.cmcelectronics.activ.is\\\/wp-content\\\/uploads\\\/2022\\\/08\\\/logo-CMC_black.svg\",\"contentUrl\":\"https:\\\/\\\/staging.cmcelectronics.activ.is\\\/wp-content\\\/uploads\\\/2022\\\/08\\\/logo-CMC_black.svg\",\"width\":180,\"height\":57,\"caption\":\"CMC \u00c9lectronique\"},\"image\":{\"@id\":\"https:\\\/\\\/staging.cmcelectronics.activ.is\\\/fr\\\/#\\\/schema\\\/logo\\\/image\\\/\"},\"sameAs\":[\"https:\\\/\\\/www.facebook.com\\\/CMC-lectronique-334109967145086\",\"https:\\\/\\\/www.linkedin.com\\\/company\\\/cmc-electronics\"]}]}<\/script>\n<!-- \/ Yoast SEO plugin. -->","yoast_head_json":{"title":"Logiciel pour syst\u00e8me de gestion de vols (SW FMS) - CMC \u00c9lectronique","robots":{"index":"index","follow":"follow","max-snippet":"max-snippet:-1","max-image-preview":"max-image-preview:large","max-video-preview":"max-video-preview:-1"},"canonical":"https:\/\/staging.cmcelectronics.activ.is\/fr\/nos-produits\/navigation\/systeme-de-gestion-des-logiciels-de-vols-sw-fms\/","og_locale":"fr_FR","og_type":"article","og_title":"Logiciel pour syst\u00e8me de gestion de vols (SW FMS) - CMC \u00c9lectronique","og_url":"https:\/\/staging.cmcelectronics.activ.is\/fr\/nos-produits\/navigation\/systeme-de-gestion-des-logiciels-de-vols-sw-fms\/","og_site_name":"CMC \u00c9lectronique","article_publisher":"https:\/\/www.facebook.com\/CMC-lectronique-334109967145086","article_modified_time":"2023-08-30T16:21:25+00:00","og_image":[{"width":519,"height":389,"url":"https:\/\/staging.cmcelectronics.activ.is\/wp-content\/uploads\/2022\/11\/4.1.1.b-CMC_page-produit_519x389-Software-FMS.jpg","type":"image\/jpeg"}],"twitter_card":"summary_large_image","twitter_misc":{"Dur\u00e9e de lecture estim\u00e9e":"1 minute"},"schema":{"@context":"https:\/\/schema.org","@graph":[{"@type":"WebPage","@id":"https:\/\/staging.cmcelectronics.activ.is\/fr\/nos-produits\/navigation\/systeme-de-gestion-des-logiciels-de-vols-sw-fms\/","url":"https:\/\/staging.cmcelectronics.activ.is\/fr\/nos-produits\/navigation\/systeme-de-gestion-des-logiciels-de-vols-sw-fms\/","name":"Logiciel pour syst\u00e8me de gestion de vols (SW FMS) - CMC \u00c9lectronique","isPartOf":{"@id":"https:\/\/staging.cmcelectronics.activ.is\/fr\/#website"},"primaryImageOfPage":{"@id":"https:\/\/staging.cmcelectronics.activ.is\/fr\/nos-produits\/navigation\/systeme-de-gestion-des-logiciels-de-vols-sw-fms\/#primaryimage"},"image":{"@id":"https:\/\/staging.cmcelectronics.activ.is\/fr\/nos-produits\/navigation\/systeme-de-gestion-des-logiciels-de-vols-sw-fms\/#primaryimage"},"thumbnailUrl":"https:\/\/staging.cmcelectronics.activ.is\/wp-content\/uploads\/2022\/11\/4.1.1.b-CMC_page-produit_519x389-Software-FMS.jpg","datePublished":"2022-08-23T23:23:30+00:00","dateModified":"2023-08-30T16:21:25+00:00","breadcrumb":{"@id":"https:\/\/staging.cmcelectronics.activ.is\/fr\/nos-produits\/navigation\/systeme-de-gestion-des-logiciels-de-vols-sw-fms\/#breadcrumb"},"inLanguage":"fr-FR","potentialAction":[{"@type":"ReadAction","target":["https:\/\/staging.cmcelectronics.activ.is\/fr\/nos-produits\/navigation\/systeme-de-gestion-des-logiciels-de-vols-sw-fms\/"]}]},{"@type":"ImageObject","inLanguage":"fr-FR","@id":"https:\/\/staging.cmcelectronics.activ.is\/fr\/nos-produits\/navigation\/systeme-de-gestion-des-logiciels-de-vols-sw-fms\/#primaryimage","url":"https:\/\/staging.cmcelectronics.activ.is\/wp-content\/uploads\/2022\/11\/4.1.1.b-CMC_page-produit_519x389-Software-FMS.jpg","contentUrl":"https:\/\/staging.cmcelectronics.activ.is\/wp-content\/uploads\/2022\/11\/4.1.1.b-CMC_page-produit_519x389-Software-FMS.jpg","width":519,"height":389},{"@type":"BreadcrumbList","@id":"https:\/\/staging.cmcelectronics.activ.is\/fr\/nos-produits\/navigation\/systeme-de-gestion-des-logiciels-de-vols-sw-fms\/#breadcrumb","itemListElement":[{"@type":"ListItem","position":1,"name":"Accueil","item":"https:\/\/staging.cmcelectronics.activ.is\/fr\/"},{"@type":"ListItem","position":2,"name":"Nos produits","item":"https:\/\/staging.cmcelectronics.activ.is\/fr\/nos-produits\/"},{"@type":"ListItem","position":3,"name":"Navigation","item":"https:\/\/staging.cmcelectronics.activ.is\/fr\/nos-produits\/navigation\/"},{"@type":"ListItem","position":4,"name":"Logiciel pour syst\u00e8me de gestion de vols (SW FMS)"}]},{"@type":"WebSite","@id":"https:\/\/staging.cmcelectronics.activ.is\/fr\/#website","url":"https:\/\/staging.cmcelectronics.activ.is\/fr\/","name":"CMC \u00c9lectronique","description":"","publisher":{"@id":"https:\/\/staging.cmcelectronics.activ.is\/fr\/#organization"},"potentialAction":[{"@type":"SearchAction","target":{"@type":"EntryPoint","urlTemplate":"https:\/\/staging.cmcelectronics.activ.is\/fr\/?s={search_term_string}"},"query-input":{"@type":"PropertyValueSpecification","valueRequired":true,"valueName":"search_term_string"}}],"inLanguage":"fr-FR"},{"@type":"Organization","@id":"https:\/\/staging.cmcelectronics.activ.is\/fr\/#organization","name":"CMC \u00c9lectronique","url":"https:\/\/staging.cmcelectronics.activ.is\/fr\/","logo":{"@type":"ImageObject","inLanguage":"fr-FR","@id":"https:\/\/staging.cmcelectronics.activ.is\/fr\/#\/schema\/logo\/image\/","url":"https:\/\/staging.cmcelectronics.activ.is\/wp-content\/uploads\/2022\/08\/logo-CMC_black.svg","contentUrl":"https:\/\/staging.cmcelectronics.activ.is\/wp-content\/uploads\/2022\/08\/logo-CMC_black.svg","width":180,"height":57,"caption":"CMC \u00c9lectronique"},"image":{"@id":"https:\/\/staging.cmcelectronics.activ.is\/fr\/#\/schema\/logo\/image\/"},"sameAs":["https:\/\/www.facebook.com\/CMC-lectronique-334109967145086","https:\/\/www.linkedin.com\/company\/cmc-electronics"]}]}},"_links":{"self":[{"href":"https:\/\/staging.cmcelectronics.activ.is\/fr\/wp-json\/wp\/v2\/pages\/1697","targetHints":{"allow":["GET"]}}],"collection":[{"href":"https:\/\/staging.cmcelectronics.activ.is\/fr\/wp-json\/wp\/v2\/pages"}],"about":[{"href":"https:\/\/staging.cmcelectronics.activ.is\/fr\/wp-json\/wp\/v2\/types\/page"}],"author":[{"embeddable":true,"href":"https:\/\/staging.cmcelectronics.activ.is\/fr\/wp-json\/wp\/v2\/users\/1"}],"replies":[{"embeddable":true,"href":"https:\/\/staging.cmcelectronics.activ.is\/fr\/wp-json\/wp\/v2\/comments?post=1697"}],"version-history":[{"count":3,"href":"https:\/\/staging.cmcelectronics.activ.is\/fr\/wp-json\/wp\/v2\/pages\/1697\/revisions"}],"predecessor-version":[{"id":3094,"href":"https:\/\/staging.cmcelectronics.activ.is\/fr\/wp-json\/wp\/v2\/pages\/1697\/revisions\/3094"}],"up":[{"embeddable":true,"href":"https:\/\/staging.cmcelectronics.activ.is\/fr\/wp-json\/wp\/v2\/pages\/1670"}],"wp:featuredmedia":[{"embeddable":true,"href":"https:\/\/staging.cmcelectronics.activ.is\/fr\/wp-json\/wp\/v2\/media\/1348"}],"wp:attachment":[{"href":"https:\/\/staging.cmcelectronics.activ.is\/fr\/wp-json\/wp\/v2\/media?parent=1697"}],"curies":[{"name":"wp","href":"https:\/\/api.w.org\/{rel}","templated":true}]}}