{"id":1679,"date":"2022-08-23T19:23:31","date_gmt":"2022-08-23T23:23:31","guid":{"rendered":"https:\/\/staging.cmcelectronics.activ.is\/nos-produits\/displays\/"},"modified":"2022-12-02T14:39:19","modified_gmt":"2022-12-02T19:39:19","slug":"affichages-et-panneaux-de-commande","status":"publish","type":"page","link":"https:\/\/staging.cmcelectronics.activ.is\/fr\/nos-produits\/affichages-et-panneaux-de-commande\/","title":{"rendered":"Affichages et panneaux de commande"},"content":{"rendered":"\n<div class=\"wp-block-cover alignfull is-light is-style-title-banner\"><span aria-hidden=\"true\" class=\"wp-block-cover__background has-background-dim\"><\/span><img decoding=\"async\" width=\"1930\" height=\"360\" class=\"wp-block-cover__image-background wp-image-1300\" alt=\"\" src=\"https:\/\/staging.cmcelectronics.activ.is\/wp-content\/uploads\/2022\/11\/4.3-CMC_WEB_Top-banners_1920X360_bandeau-products-displays-and-control-panels-1.jpg\" data-object-fit=\"cover\" srcset=\"https:\/\/staging.cmcelectronics.activ.is\/wp-content\/uploads\/2022\/11\/4.3-CMC_WEB_Top-banners_1920X360_bandeau-products-displays-and-control-panels-1.jpg 1930w, https:\/\/staging.cmcelectronics.activ.is\/wp-content\/uploads\/2022\/11\/4.3-CMC_WEB_Top-banners_1920X360_bandeau-products-displays-and-control-panels-1-300x56.jpg 300w, https:\/\/staging.cmcelectronics.activ.is\/wp-content\/uploads\/2022\/11\/4.3-CMC_WEB_Top-banners_1920X360_bandeau-products-displays-and-control-panels-1-1024x191.jpg 1024w, https:\/\/staging.cmcelectronics.activ.is\/wp-content\/uploads\/2022\/11\/4.3-CMC_WEB_Top-banners_1920X360_bandeau-products-displays-and-control-panels-1-768x143.jpg 768w, https:\/\/staging.cmcelectronics.activ.is\/wp-content\/uploads\/2022\/11\/4.3-CMC_WEB_Top-banners_1920X360_bandeau-products-displays-and-control-panels-1-1536x287.jpg 1536w\" sizes=\"(max-width: 1930px) 100vw, 1930px\" \/><div class=\"wp-block-cover__inner-container\">\n<h3 class=\"wp-block-post-title wp-block-heading\">Affichages et panneaux de commande<\/h3>\n<\/div><\/div>\n\n\n\n<div class=\"wp-block-group alignfull has-padding-y-large has-accent-background-color has-background\"><div class=\"yoast-breadcrumbs alignwide \"><span class=\"breadcrumbs\"><a href=\"https:\/\/staging.cmcelectronics.activ.is\/fr\/\" class=\"breadcrumbs__element\">Accueil<\/a> <span class=\"breadcrumbs__separator\">\n        <svg class=\"icon icon-breadcrumb__separator\"><use xlink:href=\"#icon-breadcrumb__separator\"><\/use><\/svg>\n    <\/span> <a href=\"https:\/\/staging.cmcelectronics.activ.is\/fr\/nos-produits\/\" class=\"breadcrumbs__element\">Nos produits<\/a> <span class=\"breadcrumbs__separator\">\n        <svg class=\"icon icon-breadcrumb__separator\"><use xlink:href=\"#icon-breadcrumb__separator\"><\/use><\/svg>\n    <\/span> <span class=\"breadcrumbs__element breadcrumbs__element-current\">Affichages et panneaux de commande<\/span><\/span><\/div><\/div>\n\n\n\n<h1 class=\"wp-block-heading\">Affichages et panneaux de commande<\/h1>\n\n\n\n\n<p class=\"act-lead wp-block-paragraph\">Les \u00e9crans de CMC sont construits sur une vaste gamme de blocs de construction optiques, m\u00e9caniques et de traitement \u00e9prouv\u00e9s sur le terrain, pr\u00eats \u00e0 \u00eatre personnalis\u00e9s en solutions qui r\u00e9pondent aux exigences d\u2019affichage les plus exigeantes.<\/p>\n\n\n\n\n<div class=\"wp-block-media-text alignwide is-stacked-on-mobile is-style-square-image\"><figure class=\"wp-block-media-text__media\"><img decoding=\"async\" width=\"300\" height=\"300\" src=\"https:\/\/staging.cmcelectronics.activ.is\/wp-content\/uploads\/2022\/09\/4.3-CMC_pageHub_300x300_MFD-3068-SMFD.jpg\" alt=\"\" class=\"wp-image-865 size-full\" srcset=\"https:\/\/staging.cmcelectronics.activ.is\/wp-content\/uploads\/2022\/09\/4.3-CMC_pageHub_300x300_MFD-3068-SMFD.jpg 300w, https:\/\/staging.cmcelectronics.activ.is\/wp-content\/uploads\/2022\/09\/4.3-CMC_pageHub_300x300_MFD-3068-SMFD-150x150.jpg 150w\" sizes=\"(max-width: 300px) 100vw, 300px\" \/><\/figure><div class=\"wp-block-media-text__content\">\n<h2 class=\"wp-block-heading\"><strong>Affichages multifonctions intelligents<\/strong><\/h2>\n\n\n\n<p class=\"wp-block-paragraph\">Les affichages multifonctions intelligents (SMFD) \u00e0 architecture ouverte offrent une capacit\u00e9 de traitement multic\u0153ur de haute performance pour les march\u00e9s du r\u00e9am\u00e9nagement et de l\u2019ajustement de ligne sur l\u2019ensemble du spectre de la plateforme \u00e0 voilure fixe et tournante.<\/p>\n\n\n\n<div class=\"wp-block-buttons\">\n<div class=\"wp-block-button\"><a class=\"wp-block-button__link wp-element-button\" href=\"https:\/\/staging.cmcelectronics.activ.is\/fr\/nos-produits\/affichages-et-panneaux-de-commande\/affichages-multifonctions-intelligents\/\">En savoir plus<\/a><\/div>\n<\/div>\n<\/div><\/div>\n\n\n\n<div class=\"wp-block-media-text alignwide has-media-on-the-right is-stacked-on-mobile is-style-square-image\"><div class=\"wp-block-media-text__content\">\n<h2 class=\"wp-block-heading\">Affichages personnalis\u00e9s et panneaux de contr\u00f4le<\/h2>\n\n\n\n<p class=\"wp-block-paragraph\">Des affichages personnalis\u00e9s et des panneaux de contr\u00f4le offrant un rapport co\u00fbt-efficacit\u00e9, une fiabilit\u00e9 et une meilleure connaissance de la situation, le tout dans une solution compacte et l\u00e9g\u00e8re.<\/p>\n\n\n\n<div class=\"wp-block-buttons\">\n<div class=\"wp-block-button\"><a class=\"wp-block-button__link wp-element-button\" href=\"https:\/\/staging.cmcelectronics.activ.is\/fr\/nos-produits\/affichages-et-panneaux-de-commande\/custom-displays\/\">En savoir plus<\/a><\/div>\n<\/div>\n<\/div><figure class=\"wp-block-media-text__media\"><img decoding=\"async\" width=\"300\" height=\"300\" src=\"https:\/\/staging.cmcelectronics.activ.is\/wp-content\/uploads\/2022\/10\/4.3-CMC_pageHub_300x300_custom-display-L3-TSCP.jpg\" alt=\"\" class=\"wp-image-1170 size-full\" srcset=\"https:\/\/staging.cmcelectronics.activ.is\/wp-content\/uploads\/2022\/10\/4.3-CMC_pageHub_300x300_custom-display-L3-TSCP.jpg 300w, https:\/\/staging.cmcelectronics.activ.is\/wp-content\/uploads\/2022\/10\/4.3-CMC_pageHub_300x300_custom-display-L3-TSCP-150x150.jpg 150w\" sizes=\"(max-width: 300px) 100vw, 300px\" \/><\/figure><\/div>\n\n\n\n<div class=\"wp-block-media-text alignwide is-stacked-on-mobile is-style-square-image\"><figure class=\"wp-block-media-text__media\"><img decoding=\"async\" width=\"300\" height=\"300\" src=\"https:\/\/staging.cmcelectronics.activ.is\/wp-content\/uploads\/2022\/09\/4.3-CMC_pageHub_300x300_PortableMissionDisplay_TACVIEW.jpg\" alt=\"\" class=\"wp-image-666 size-full\" srcset=\"https:\/\/staging.cmcelectronics.activ.is\/wp-content\/uploads\/2022\/09\/4.3-CMC_pageHub_300x300_PortableMissionDisplay_TACVIEW.jpg 300w, https:\/\/staging.cmcelectronics.activ.is\/wp-content\/uploads\/2022\/09\/4.3-CMC_pageHub_300x300_PortableMissionDisplay_TACVIEW-150x150.jpg 150w\" sizes=\"(max-width: 300px) 100vw, 300px\" \/><\/figure><div class=\"wp-block-media-text__content\">\n<h2 class=\"wp-block-heading\">\u00c9crans de mission portatifs<\/h2>\n\n\n\n<p class=\"wp-block-paragraph\">Un ordinateur de mission compact et autonome et un syst\u00e8me d\u2019affichage intelligent con\u00e7us pour am\u00e9liorer la connaissance situationnelle des \u00e9quipages militaires, paramilitaires, policiers et civils.<\/p>\n\n\n\n<div class=\"wp-block-buttons\">\n<div class=\"wp-block-button\"><a class=\"wp-block-button__link wp-element-button\" href=\"https:\/\/staging.cmcelectronics.activ.is\/fr\/nos-produits\/affichages-et-panneaux-de-commande\/ecrans-de-mission-portatifs\/\">En savoir plus<\/a><\/div>\n<\/div>\n<\/div><\/div>\n\n\n\n<div class=\"wp-block-media-text alignwide has-media-on-the-right is-stacked-on-mobile is-style-square-image\"><div class=\"wp-block-media-text__content\">\n<h2 class=\"wp-block-heading\"><strong>Affichages t\u00eate haute num\u00e9riques (HUD)<\/strong><\/h2>\n\n\n\n<p class=\"wp-block-paragraph\">Des HUD l\u00e9gers reconnus pour leur moteur num\u00e9rique l\u00e9ger de pointe offrant une fiabilit\u00e9 sup\u00e9rieure, un champ de vision total (TFOV) exceptionnel par unit\u00e9 de poids\/volume\/prix et une performance in\u00e9gal\u00e9e.<\/p>\n\n\n\n<div class=\"wp-block-buttons\">\n<div class=\"wp-block-button\"><a class=\"wp-block-button__link wp-element-button\" href=\"https:\/\/staging.cmcelectronics.activ.is\/fr\/nos-produits\/affichages-et-panneaux-de-commande\/collimateurs-tete-haute\/\">En savoir plus<\/a><\/div>\n<\/div>\n<\/div><figure class=\"wp-block-media-text__media\"><img decoding=\"async\" width=\"300\" height=\"300\" src=\"https:\/\/staging.cmcelectronics.activ.is\/wp-content\/uploads\/2022\/10\/4.3-CMC_pageHub_300x300_CMA-7100-Digital-SparrowHawk-HUD.jpg\" alt=\"\" class=\"wp-image-1043 size-full\" srcset=\"https:\/\/staging.cmcelectronics.activ.is\/wp-content\/uploads\/2022\/10\/4.3-CMC_pageHub_300x300_CMA-7100-Digital-SparrowHawk-HUD.jpg 300w, https:\/\/staging.cmcelectronics.activ.is\/wp-content\/uploads\/2022\/10\/4.3-CMC_pageHub_300x300_CMA-7100-Digital-SparrowHawk-HUD-150x150.jpg 150w\" sizes=\"(max-width: 300px) 100vw, 300px\" \/><\/figure><\/div>\n","protected":false},"excerpt":{"rendered":"<p>Affichages et panneaux de commande<\/p>\n","protected":false},"author":1,"featured_media":0,"parent":1666,"menu_order":0,"comment_status":"closed","ping_status":"closed","template":"","meta":{"_acf_changed":false,"_gspb_post_css":"","_crdt_document":"","content-type":"","inline_featured_image":false,"footnotes":""},"class_list":["post-1679","page","type-page","status-publish","hentry"],"acf":[],"yoast_head":"<!-- This site is optimized with the Yoast SEO plugin v27.4 - https:\/\/yoast.com\/product\/yoast-seo-wordpress\/ -->\n<title>Affichages et panneaux de commande - CMC \u00c9lectronique<\/title>\n<meta name=\"robots\" content=\"index, follow, max-snippet:-1, max-image-preview:large, max-video-preview:-1\" \/>\n<link rel=\"canonical\" href=\"https:\/\/staging.cmcelectronics.activ.is\/fr\/nos-produits\/affichages-et-panneaux-de-commande\/\" \/>\n<meta property=\"og:locale\" content=\"fr_FR\" \/>\n<meta property=\"og:type\" content=\"article\" \/>\n<meta property=\"og:title\" content=\"Affichages et panneaux de commande - CMC \u00c9lectronique\" \/>\n<meta property=\"og:description\" content=\"Affichages et panneaux de commande\" \/>\n<meta property=\"og:url\" content=\"https:\/\/staging.cmcelectronics.activ.is\/fr\/nos-produits\/affichages-et-panneaux-de-commande\/\" \/>\n<meta property=\"og:site_name\" content=\"CMC \u00c9lectronique\" \/>\n<meta property=\"article:publisher\" content=\"https:\/\/www.facebook.com\/CMC-lectronique-334109967145086\" \/>\n<meta property=\"article:modified_time\" content=\"2022-12-02T19:39:19+00:00\" \/>\n<meta property=\"og:image\" content=\"https:\/\/staging.cmcelectronics.activ.is\/wp-content\/uploads\/2022\/11\/4.3-CMC_WEB_Top-banners_1920X360_bandeau-products-displays-and-control-panels-1.jpg\" \/>\n<meta name=\"twitter:card\" content=\"summary_large_image\" \/>\n<meta name=\"twitter:label1\" content=\"Dur\u00e9e de lecture estim\u00e9e\" \/>\n\t<meta name=\"twitter:data1\" content=\"3 minutes\" \/>\n<script type=\"application\/ld+json\" class=\"yoast-schema-graph\">{\"@context\":\"https:\\\/\\\/schema.org\",\"@graph\":[{\"@type\":\"WebPage\",\"@id\":\"https:\\\/\\\/staging.cmcelectronics.activ.is\\\/fr\\\/nos-produits\\\/affichages-et-panneaux-de-commande\\\/\",\"url\":\"https:\\\/\\\/staging.cmcelectronics.activ.is\\\/fr\\\/nos-produits\\\/affichages-et-panneaux-de-commande\\\/\",\"name\":\"Affichages et panneaux de commande - CMC \u00c9lectronique\",\"isPartOf\":{\"@id\":\"https:\\\/\\\/staging.cmcelectronics.activ.is\\\/fr\\\/#website\"},\"primaryImageOfPage\":{\"@id\":\"https:\\\/\\\/staging.cmcelectronics.activ.is\\\/fr\\\/nos-produits\\\/affichages-et-panneaux-de-commande\\\/#primaryimage\"},\"image\":{\"@id\":\"https:\\\/\\\/staging.cmcelectronics.activ.is\\\/fr\\\/nos-produits\\\/affichages-et-panneaux-de-commande\\\/#primaryimage\"},\"thumbnailUrl\":\"https:\\\/\\\/staging.cmcelectronics.activ.is\\\/wp-content\\\/uploads\\\/2022\\\/11\\\/4.3-CMC_WEB_Top-banners_1920X360_bandeau-products-displays-and-control-panels-1.jpg\",\"datePublished\":\"2022-08-23T23:23:31+00:00\",\"dateModified\":\"2022-12-02T19:39:19+00:00\",\"breadcrumb\":{\"@id\":\"https:\\\/\\\/staging.cmcelectronics.activ.is\\\/fr\\\/nos-produits\\\/affichages-et-panneaux-de-commande\\\/#breadcrumb\"},\"inLanguage\":\"fr-FR\",\"potentialAction\":[{\"@type\":\"ReadAction\",\"target\":[\"https:\\\/\\\/staging.cmcelectronics.activ.is\\\/fr\\\/nos-produits\\\/affichages-et-panneaux-de-commande\\\/\"]}]},{\"@type\":\"ImageObject\",\"inLanguage\":\"fr-FR\",\"@id\":\"https:\\\/\\\/staging.cmcelectronics.activ.is\\\/fr\\\/nos-produits\\\/affichages-et-panneaux-de-commande\\\/#primaryimage\",\"url\":\"https:\\\/\\\/staging.cmcelectronics.activ.is\\\/wp-content\\\/uploads\\\/2022\\\/11\\\/4.3-CMC_WEB_Top-banners_1920X360_bandeau-products-displays-and-control-panels-1.jpg\",\"contentUrl\":\"https:\\\/\\\/staging.cmcelectronics.activ.is\\\/wp-content\\\/uploads\\\/2022\\\/11\\\/4.3-CMC_WEB_Top-banners_1920X360_bandeau-products-displays-and-control-panels-1.jpg\"},{\"@type\":\"BreadcrumbList\",\"@id\":\"https:\\\/\\\/staging.cmcelectronics.activ.is\\\/fr\\\/nos-produits\\\/affichages-et-panneaux-de-commande\\\/#breadcrumb\",\"itemListElement\":[{\"@type\":\"ListItem\",\"position\":1,\"name\":\"Accueil\",\"item\":\"https:\\\/\\\/staging.cmcelectronics.activ.is\\\/fr\\\/\"},{\"@type\":\"ListItem\",\"position\":2,\"name\":\"Nos produits\",\"item\":\"https:\\\/\\\/staging.cmcelectronics.activ.is\\\/fr\\\/nos-produits\\\/\"},{\"@type\":\"ListItem\",\"position\":3,\"name\":\"Affichages et panneaux de commande\"}]},{\"@type\":\"WebSite\",\"@id\":\"https:\\\/\\\/staging.cmcelectronics.activ.is\\\/fr\\\/#website\",\"url\":\"https:\\\/\\\/staging.cmcelectronics.activ.is\\\/fr\\\/\",\"name\":\"CMC \u00c9lectronique\",\"description\":\"\",\"publisher\":{\"@id\":\"https:\\\/\\\/staging.cmcelectronics.activ.is\\\/fr\\\/#organization\"},\"potentialAction\":[{\"@type\":\"SearchAction\",\"target\":{\"@type\":\"EntryPoint\",\"urlTemplate\":\"https:\\\/\\\/staging.cmcelectronics.activ.is\\\/fr\\\/?s={search_term_string}\"},\"query-input\":{\"@type\":\"PropertyValueSpecification\",\"valueRequired\":true,\"valueName\":\"search_term_string\"}}],\"inLanguage\":\"fr-FR\"},{\"@type\":\"Organization\",\"@id\":\"https:\\\/\\\/staging.cmcelectronics.activ.is\\\/fr\\\/#organization\",\"name\":\"CMC \u00c9lectronique\",\"url\":\"https:\\\/\\\/staging.cmcelectronics.activ.is\\\/fr\\\/\",\"logo\":{\"@type\":\"ImageObject\",\"inLanguage\":\"fr-FR\",\"@id\":\"https:\\\/\\\/staging.cmcelectronics.activ.is\\\/fr\\\/#\\\/schema\\\/logo\\\/image\\\/\",\"url\":\"https:\\\/\\\/staging.cmcelectronics.activ.is\\\/wp-content\\\/uploads\\\/2022\\\/08\\\/logo-CMC_black.svg\",\"contentUrl\":\"https:\\\/\\\/staging.cmcelectronics.activ.is\\\/wp-content\\\/uploads\\\/2022\\\/08\\\/logo-CMC_black.svg\",\"width\":180,\"height\":57,\"caption\":\"CMC \u00c9lectronique\"},\"image\":{\"@id\":\"https:\\\/\\\/staging.cmcelectronics.activ.is\\\/fr\\\/#\\\/schema\\\/logo\\\/image\\\/\"},\"sameAs\":[\"https:\\\/\\\/www.facebook.com\\\/CMC-lectronique-334109967145086\",\"https:\\\/\\\/www.linkedin.com\\\/company\\\/cmc-electronics\"]}]}<\/script>\n<!-- \/ Yoast SEO plugin. -->","yoast_head_json":{"title":"Affichages et panneaux de commande - CMC \u00c9lectronique","robots":{"index":"index","follow":"follow","max-snippet":"max-snippet:-1","max-image-preview":"max-image-preview:large","max-video-preview":"max-video-preview:-1"},"canonical":"https:\/\/staging.cmcelectronics.activ.is\/fr\/nos-produits\/affichages-et-panneaux-de-commande\/","og_locale":"fr_FR","og_type":"article","og_title":"Affichages et panneaux de commande - CMC \u00c9lectronique","og_description":"Affichages et panneaux de commande","og_url":"https:\/\/staging.cmcelectronics.activ.is\/fr\/nos-produits\/affichages-et-panneaux-de-commande\/","og_site_name":"CMC \u00c9lectronique","article_publisher":"https:\/\/www.facebook.com\/CMC-lectronique-334109967145086","article_modified_time":"2022-12-02T19:39:19+00:00","og_image":[{"url":"https:\/\/staging.cmcelectronics.activ.is\/wp-content\/uploads\/2022\/11\/4.3-CMC_WEB_Top-banners_1920X360_bandeau-products-displays-and-control-panels-1.jpg","type":"","width":"","height":""}],"twitter_card":"summary_large_image","twitter_misc":{"Dur\u00e9e de lecture estim\u00e9e":"3 minutes"},"schema":{"@context":"https:\/\/schema.org","@graph":[{"@type":"WebPage","@id":"https:\/\/staging.cmcelectronics.activ.is\/fr\/nos-produits\/affichages-et-panneaux-de-commande\/","url":"https:\/\/staging.cmcelectronics.activ.is\/fr\/nos-produits\/affichages-et-panneaux-de-commande\/","name":"Affichages et panneaux de commande - CMC \u00c9lectronique","isPartOf":{"@id":"https:\/\/staging.cmcelectronics.activ.is\/fr\/#website"},"primaryImageOfPage":{"@id":"https:\/\/staging.cmcelectronics.activ.is\/fr\/nos-produits\/affichages-et-panneaux-de-commande\/#primaryimage"},"image":{"@id":"https:\/\/staging.cmcelectronics.activ.is\/fr\/nos-produits\/affichages-et-panneaux-de-commande\/#primaryimage"},"thumbnailUrl":"https:\/\/staging.cmcelectronics.activ.is\/wp-content\/uploads\/2022\/11\/4.3-CMC_WEB_Top-banners_1920X360_bandeau-products-displays-and-control-panels-1.jpg","datePublished":"2022-08-23T23:23:31+00:00","dateModified":"2022-12-02T19:39:19+00:00","breadcrumb":{"@id":"https:\/\/staging.cmcelectronics.activ.is\/fr\/nos-produits\/affichages-et-panneaux-de-commande\/#breadcrumb"},"inLanguage":"fr-FR","potentialAction":[{"@type":"ReadAction","target":["https:\/\/staging.cmcelectronics.activ.is\/fr\/nos-produits\/affichages-et-panneaux-de-commande\/"]}]},{"@type":"ImageObject","inLanguage":"fr-FR","@id":"https:\/\/staging.cmcelectronics.activ.is\/fr\/nos-produits\/affichages-et-panneaux-de-commande\/#primaryimage","url":"https:\/\/staging.cmcelectronics.activ.is\/wp-content\/uploads\/2022\/11\/4.3-CMC_WEB_Top-banners_1920X360_bandeau-products-displays-and-control-panels-1.jpg","contentUrl":"https:\/\/staging.cmcelectronics.activ.is\/wp-content\/uploads\/2022\/11\/4.3-CMC_WEB_Top-banners_1920X360_bandeau-products-displays-and-control-panels-1.jpg"},{"@type":"BreadcrumbList","@id":"https:\/\/staging.cmcelectronics.activ.is\/fr\/nos-produits\/affichages-et-panneaux-de-commande\/#breadcrumb","itemListElement":[{"@type":"ListItem","position":1,"name":"Accueil","item":"https:\/\/staging.cmcelectronics.activ.is\/fr\/"},{"@type":"ListItem","position":2,"name":"Nos produits","item":"https:\/\/staging.cmcelectronics.activ.is\/fr\/nos-produits\/"},{"@type":"ListItem","position":3,"name":"Affichages et panneaux de commande"}]},{"@type":"WebSite","@id":"https:\/\/staging.cmcelectronics.activ.is\/fr\/#website","url":"https:\/\/staging.cmcelectronics.activ.is\/fr\/","name":"CMC \u00c9lectronique","description":"","publisher":{"@id":"https:\/\/staging.cmcelectronics.activ.is\/fr\/#organization"},"potentialAction":[{"@type":"SearchAction","target":{"@type":"EntryPoint","urlTemplate":"https:\/\/staging.cmcelectronics.activ.is\/fr\/?s={search_term_string}"},"query-input":{"@type":"PropertyValueSpecification","valueRequired":true,"valueName":"search_term_string"}}],"inLanguage":"fr-FR"},{"@type":"Organization","@id":"https:\/\/staging.cmcelectronics.activ.is\/fr\/#organization","name":"CMC \u00c9lectronique","url":"https:\/\/staging.cmcelectronics.activ.is\/fr\/","logo":{"@type":"ImageObject","inLanguage":"fr-FR","@id":"https:\/\/staging.cmcelectronics.activ.is\/fr\/#\/schema\/logo\/image\/","url":"https:\/\/staging.cmcelectronics.activ.is\/wp-content\/uploads\/2022\/08\/logo-CMC_black.svg","contentUrl":"https:\/\/staging.cmcelectronics.activ.is\/wp-content\/uploads\/2022\/08\/logo-CMC_black.svg","width":180,"height":57,"caption":"CMC \u00c9lectronique"},"image":{"@id":"https:\/\/staging.cmcelectronics.activ.is\/fr\/#\/schema\/logo\/image\/"},"sameAs":["https:\/\/www.facebook.com\/CMC-lectronique-334109967145086","https:\/\/www.linkedin.com\/company\/cmc-electronics"]}]}},"_links":{"self":[{"href":"https:\/\/staging.cmcelectronics.activ.is\/fr\/wp-json\/wp\/v2\/pages\/1679","targetHints":{"allow":["GET"]}}],"collection":[{"href":"https:\/\/staging.cmcelectronics.activ.is\/fr\/wp-json\/wp\/v2\/pages"}],"about":[{"href":"https:\/\/staging.cmcelectronics.activ.is\/fr\/wp-json\/wp\/v2\/types\/page"}],"author":[{"embeddable":true,"href":"https:\/\/staging.cmcelectronics.activ.is\/fr\/wp-json\/wp\/v2\/users\/1"}],"replies":[{"embeddable":true,"href":"https:\/\/staging.cmcelectronics.activ.is\/fr\/wp-json\/wp\/v2\/comments?post=1679"}],"version-history":[{"count":0,"href":"https:\/\/staging.cmcelectronics.activ.is\/fr\/wp-json\/wp\/v2\/pages\/1679\/revisions"}],"up":[{"embeddable":true,"href":"https:\/\/staging.cmcelectronics.activ.is\/fr\/wp-json\/wp\/v2\/pages\/1666"}],"wp:attachment":[{"href":"https:\/\/staging.cmcelectronics.activ.is\/fr\/wp-json\/wp\/v2\/media?parent=1679"}],"curies":[{"name":"wp","href":"https:\/\/api.w.org\/{rel}","templated":true}]}}