{"id":1627,"date":"2022-11-11T09:40:22","date_gmt":"2022-11-11T14:40:22","guid":{"rendered":"https:\/\/staging.cmcelectronics.activ.is\/our-approach\/"},"modified":"2024-08-23T10:41:56","modified_gmt":"2024-08-23T14:41:56","slug":"notre-approche","status":"publish","type":"page","link":"https:\/\/staging.cmcelectronics.activ.is\/fr\/a-propos-de-nous\/notre-approche\/","title":{"rendered":"Notre approche"},"content":{"rendered":"\n<div class=\"wp-block-cover alignfull is-light is-style-title-banner\"><span aria-hidden=\"true\" class=\"wp-block-cover__background has-background-dim\"><\/span><img decoding=\"async\" width=\"1930\" height=\"360\" class=\"wp-block-cover__image-background wp-image-1394\" alt=\"\" src=\"https:\/\/staging.cmcelectronics.activ.is\/wp-content\/uploads\/2022\/11\/3.0-CMC_WEB_Top-banners_1920X360_bandeau-page-about-us_1.jpg\" data-object-fit=\"cover\" srcset=\"https:\/\/staging.cmcelectronics.activ.is\/wp-content\/uploads\/2022\/11\/3.0-CMC_WEB_Top-banners_1920X360_bandeau-page-about-us_1.jpg 1930w, https:\/\/staging.cmcelectronics.activ.is\/wp-content\/uploads\/2022\/11\/3.0-CMC_WEB_Top-banners_1920X360_bandeau-page-about-us_1-300x56.jpg 300w, https:\/\/staging.cmcelectronics.activ.is\/wp-content\/uploads\/2022\/11\/3.0-CMC_WEB_Top-banners_1920X360_bandeau-page-about-us_1-1024x191.jpg 1024w, https:\/\/staging.cmcelectronics.activ.is\/wp-content\/uploads\/2022\/11\/3.0-CMC_WEB_Top-banners_1920X360_bandeau-page-about-us_1-768x143.jpg 768w, https:\/\/staging.cmcelectronics.activ.is\/wp-content\/uploads\/2022\/11\/3.0-CMC_WEB_Top-banners_1920X360_bandeau-page-about-us_1-1536x287.jpg 1536w\" sizes=\"(max-width: 1930px) 100vw, 1930px\" \/><div class=\"wp-block-cover__inner-container\"><h3 class=\"wp-block-post-title\">Notre approche<\/h3><\/div><\/div>\n\n\n\n<div class=\"wp-block-group alignfull has-padding-y-large has-accent-background-color has-background\"><div class=\"yoast-breadcrumbs alignwide \"><span class=\"breadcrumbs\"><a href=\"https:\/\/staging.cmcelectronics.activ.is\/fr\/\" class=\"breadcrumbs__element\">Accueil<\/a> <span class=\"breadcrumbs__separator\">\n        <svg class=\"icon icon-breadcrumb__separator\"><use xlink:href=\"#icon-breadcrumb__separator\"><\/use><\/svg>\n    <\/span> <a href=\"https:\/\/staging.cmcelectronics.activ.is\/fr\/a-propos-de-nous\/\" class=\"breadcrumbs__element\">\u00c0 propos de nous<\/a> <span class=\"breadcrumbs__separator\">\n        <svg class=\"icon icon-breadcrumb__separator\"><use xlink:href=\"#icon-breadcrumb__separator\"><\/use><\/svg>\n    <\/span> <span class=\"breadcrumbs__element breadcrumbs__element-current\">Notre approche<\/span><\/span><\/div><\/div>\n\n\n\n<h1 class=\"wp-block-heading\"><strong>Nous construisons des syst\u00e8mes et des services d\u2019avionique qui r\u00e9pondent exactement aux besoins du client<\/strong><\/h1>\n\n\n\n<figure class=\"wp-block-image aligncenter size-full is-resized\"><img decoding=\"async\" width=\"884\" height=\"629\" src=\"https:\/\/staging.cmcelectronics.activ.is\/wp-content\/uploads\/2024\/08\/Website-Our-Approach.jpg\" alt=\"\" class=\"wp-image-3404\" style=\"width:720px;height:auto\" srcset=\"https:\/\/staging.cmcelectronics.activ.is\/wp-content\/uploads\/2024\/08\/Website-Our-Approach.jpg 884w, https:\/\/staging.cmcelectronics.activ.is\/wp-content\/uploads\/2024\/08\/Website-Our-Approach-300x213.jpg 300w, https:\/\/staging.cmcelectronics.activ.is\/wp-content\/uploads\/2024\/08\/Website-Our-Approach-768x546.jpg 768w\" sizes=\"(max-width: 884px) 100vw, 884px\" \/><\/figure>\n\n\n\n\n<p class=\"act-lead wp-block-paragraph\">Notre \u00e9quipe est constamment en mesure de r\u00e9pondre aux exigences les plus strictes des plus grands fabricants du secteur a\u00e9rospatial au monde.<\/p>\n\n\n\n\n<h2 class=\"wp-block-heading\"><strong>Mettre l\u2019accent sur l\u2019intimit\u00e9 et la collaboration avec les clients<\/strong><\/h2>\n\n\n\n<p class=\"wp-block-paragraph\">Nous travaillons en \u00e9troite collaboration avec nos clients pour adapter nos syst\u00e8mes et services d\u2019avionique \u00e0 leurs besoins exacts. Nos syst\u00e8mes logiciels et mat\u00e9riels minimisent les co\u00fbts de maintien et peuvent \u00eatre int\u00e9gr\u00e9s de fa\u00e7on transparente aux syst\u00e8mes tiers et s\u2019adapter rapidement aux changements d\u2019architecture. Nous pouvons vous aider dans toutes les phases du projet, de l\u2019\u00e9valuation des besoins \u00e0 la formation et aux r\u00e9parations.<\/p>\n\n\n\n<p class=\"wp-block-paragraph\"><a href=\"https:\/\/staging.cmcelectronics.activ.is\/cmc-electronics-wins-contract-with-kai\/\">D\u00e9couvrez pourquoi Korea Aerospace Industries (KAI) a choisi CMC pour moderniser sa flotte d\u2019a\u00e9ronefs d\u2019entra\u00eenement A-1 utilis\u00e9s pour les missions d\u2019entra\u00eenement de mission avanc\u00e9e et les missions d\u2019attaque de faible intensit\u00e9<\/a><\/p>\n\n\n\n<h2 class=\"wp-block-heading\"><strong>Offrir les produits les plus fiables<\/strong><\/h2>\n\n\n\n<p class=\"wp-block-paragraph\">Nos syst\u00e8mes avioniques ont certaines des dur\u00e9es de vie les plus longues et le temps moyen entre les d\u00e9faillances (MTBF) le plus \u00e9lev\u00e9 de l\u2019industrie. Gr\u00e2ce \u00e0 nos d\u00e9cennies d\u2019expertise en ing\u00e9nierie et en fabrication, nos clients commerciaux et militaires peuvent soutenir, prot\u00e9ger, sauver et transporter des vies en toute s\u00e9curit\u00e9 et en toute tranquillit\u00e9 d\u2019esprit.<\/p>\n\n\n\n<h2 class=\"wp-block-heading\"><strong>Concevoir des solutions de poste de pilotage \u00e0 architecture ouverte<\/strong><\/h2>\n\n\n\n<p class=\"wp-block-paragraph\">Nos syst\u00e8mes logiciels et mat\u00e9riels peuvent \u00eatre int\u00e9gr\u00e9s de fa\u00e7on transparente aux syst\u00e8mes tiers et s\u2019adapter rapidement aux changements d\u2019architecture pour maximiser la flexibilit\u00e9 et minimiser les co\u00fbts de maintien.<\/p>\n\n\n\n<p class=\"wp-block-paragraph\"><a href=\"https:\/\/staging.cmcelectronics.activ.is\/tso-certification-for-the-worlds-first-multicore-smart-multi-function-display\/\">D\u00e9couvrez comment nous aidons nos clients \u00e0 conserver leur propri\u00e9t\u00e9 intellectuelle<\/a><\/p>\n\n\n\n<h2 class=\"wp-block-heading\"><strong><strong>Livraison de syst\u00e8mes SWaP-C optimis\u00e9s<\/strong><\/strong><\/h2>\n\n\n\n<p class=\"wp-block-paragraph\">Nous concevons nos syst\u00e8mes avioniques pour optimiser la taille, le poids, la puissance et les co\u00fbts afin d\u2019offrir \u00e0 nos clients la solution la plus rentable. Nos processus bien \u00e9tablis nous permettent de garantir constamment des solutions durables qui sont pr\u00eates \u00e0 \u00eatre d\u00e9ploy\u00e9es rapidement.<\/p>\n\n\n\n<h2 class=\"wp-block-heading\"><strong><strong>Tirer parti de notre gamme compl\u00e8te de produits<\/strong><\/strong><\/h2>\n\n\n\n<p class=\"wp-block-paragraph\">Notre gamme de produits comprend des ordinateurs avioniques multic\u0153urs certifi\u00e9s et des logiciels FMS certifi\u00e9s pour des applications civiles, des r\u00e9cepteurs GNSS hautement fiables, des \u00e9crans personnalis\u00e9s et de la micro\u00e9lectronique. Notre vaste portefeuille comprend \u00e9galement des produits commerciaux en vente libre.<\/p>\n\n\n\n<p class=\"wp-block-paragraph\"><a href=\"https:\/\/staging.cmcelectronics.activ.is\/fr\/nos-produits\/\">Voir tous nos produits<\/a><\/p>\n\n\n\n<h2 class=\"wp-block-heading\"><strong>R\u00e9pondre avec agilit\u00e9<\/strong><\/h2>\n\n\n\n<p class=\"wp-block-paragraph\">Nous sommes une \u00e9quipe hautement r\u00e9active et tr\u00e8s concentr\u00e9e avec une empreinte internationale en mati\u00e8re d\u2019ing\u00e9nierie et de fabrication. Nous sommes assez grands pour soutenir continuellement de grands programmes a\u00e9rospatiaux, mais assez petits pour rester agiles et adaptables \u00e0 vos exigences en \u00e9volution rapide. Nous sommes fiers d\u2019\u00eatre le seul fabricant d\u2019avionique de l\u2019industrie avec son si\u00e8ge social au Canada.<\/p>\n","protected":false},"excerpt":{"rendered":"<p>Nous construisons des syst\u00e8mes et des services d\u2019avionique qui r\u00e9pondent exactement aux besoins du client Mettre l\u2019accent sur l\u2019intimit\u00e9 et la collaboration avec les clients Nous travaillons en \u00e9troite collaboration avec nos clients pour adapter nos syst\u00e8mes et services d\u2019avionique \u00e0 leurs besoins exacts. Nos syst\u00e8mes logiciels et mat\u00e9riels minimisent les co\u00fbts de maintien et [&hellip;]<\/p>\n","protected":false},"author":1,"featured_media":0,"parent":1648,"menu_order":20,"comment_status":"closed","ping_status":"closed","template":"","meta":{"_acf_changed":false,"_gspb_post_css":"","_crdt_document":"","content-type":"","inline_featured_image":false,"footnotes":""},"class_list":["post-1627","page","type-page","status-publish","hentry"],"acf":[],"yoast_head":"<!-- This site is optimized with the Yoast SEO plugin v27.4 - https:\/\/yoast.com\/product\/yoast-seo-wordpress\/ -->\n<title>Notre approche - CMC \u00c9lectronique<\/title>\n<meta name=\"robots\" content=\"index, follow, max-snippet:-1, max-image-preview:large, max-video-preview:-1\" \/>\n<link rel=\"canonical\" href=\"https:\/\/staging.cmcelectronics.activ.is\/fr\/a-propos-de-nous\/notre-approche\/\" \/>\n<meta property=\"og:locale\" content=\"fr_FR\" \/>\n<meta property=\"og:type\" content=\"article\" \/>\n<meta property=\"og:title\" content=\"Notre approche - CMC \u00c9lectronique\" \/>\n<meta property=\"og:description\" content=\"Nous construisons des syst\u00e8mes et des services d\u2019avionique qui r\u00e9pondent exactement aux besoins du client Mettre l\u2019accent sur l\u2019intimit\u00e9 et la collaboration avec les clients Nous travaillons en \u00e9troite collaboration avec nos clients pour adapter nos syst\u00e8mes et services d\u2019avionique \u00e0 leurs besoins exacts. Nos syst\u00e8mes logiciels et mat\u00e9riels minimisent les co\u00fbts de maintien et [&hellip;]\" \/>\n<meta property=\"og:url\" content=\"https:\/\/staging.cmcelectronics.activ.is\/fr\/a-propos-de-nous\/notre-approche\/\" \/>\n<meta property=\"og:site_name\" content=\"CMC \u00c9lectronique\" \/>\n<meta property=\"article:publisher\" content=\"https:\/\/www.facebook.com\/CMC-lectronique-334109967145086\" \/>\n<meta property=\"article:modified_time\" content=\"2024-08-23T14:41:56+00:00\" \/>\n<meta property=\"og:image\" content=\"https:\/\/staging.cmcelectronics.activ.is\/wp-content\/uploads\/2022\/11\/3.0-CMC_WEB_Top-banners_1920X360_bandeau-page-about-us_1.jpg\" \/>\n<meta name=\"twitter:card\" content=\"summary_large_image\" \/>\n<meta name=\"twitter:label1\" content=\"Dur\u00e9e de lecture estim\u00e9e\" \/>\n\t<meta name=\"twitter:data1\" content=\"3 minutes\" \/>\n<script type=\"application\/ld+json\" class=\"yoast-schema-graph\">{\"@context\":\"https:\\\/\\\/schema.org\",\"@graph\":[{\"@type\":\"WebPage\",\"@id\":\"https:\\\/\\\/staging.cmcelectronics.activ.is\\\/fr\\\/a-propos-de-nous\\\/notre-approche\\\/\",\"url\":\"https:\\\/\\\/staging.cmcelectronics.activ.is\\\/fr\\\/a-propos-de-nous\\\/notre-approche\\\/\",\"name\":\"Notre approche - CMC \u00c9lectronique\",\"isPartOf\":{\"@id\":\"https:\\\/\\\/staging.cmcelectronics.activ.is\\\/fr\\\/#website\"},\"primaryImageOfPage\":{\"@id\":\"https:\\\/\\\/staging.cmcelectronics.activ.is\\\/fr\\\/a-propos-de-nous\\\/notre-approche\\\/#primaryimage\"},\"image\":{\"@id\":\"https:\\\/\\\/staging.cmcelectronics.activ.is\\\/fr\\\/a-propos-de-nous\\\/notre-approche\\\/#primaryimage\"},\"thumbnailUrl\":\"https:\\\/\\\/staging.cmcelectronics.activ.is\\\/wp-content\\\/uploads\\\/2022\\\/11\\\/3.0-CMC_WEB_Top-banners_1920X360_bandeau-page-about-us_1.jpg\",\"datePublished\":\"2022-11-11T14:40:22+00:00\",\"dateModified\":\"2024-08-23T14:41:56+00:00\",\"breadcrumb\":{\"@id\":\"https:\\\/\\\/staging.cmcelectronics.activ.is\\\/fr\\\/a-propos-de-nous\\\/notre-approche\\\/#breadcrumb\"},\"inLanguage\":\"fr-FR\",\"potentialAction\":[{\"@type\":\"ReadAction\",\"target\":[\"https:\\\/\\\/staging.cmcelectronics.activ.is\\\/fr\\\/a-propos-de-nous\\\/notre-approche\\\/\"]}]},{\"@type\":\"ImageObject\",\"inLanguage\":\"fr-FR\",\"@id\":\"https:\\\/\\\/staging.cmcelectronics.activ.is\\\/fr\\\/a-propos-de-nous\\\/notre-approche\\\/#primaryimage\",\"url\":\"https:\\\/\\\/staging.cmcelectronics.activ.is\\\/wp-content\\\/uploads\\\/2022\\\/11\\\/3.0-CMC_WEB_Top-banners_1920X360_bandeau-page-about-us_1.jpg\",\"contentUrl\":\"https:\\\/\\\/staging.cmcelectronics.activ.is\\\/wp-content\\\/uploads\\\/2022\\\/11\\\/3.0-CMC_WEB_Top-banners_1920X360_bandeau-page-about-us_1.jpg\"},{\"@type\":\"BreadcrumbList\",\"@id\":\"https:\\\/\\\/staging.cmcelectronics.activ.is\\\/fr\\\/a-propos-de-nous\\\/notre-approche\\\/#breadcrumb\",\"itemListElement\":[{\"@type\":\"ListItem\",\"position\":1,\"name\":\"Accueil\",\"item\":\"https:\\\/\\\/staging.cmcelectronics.activ.is\\\/fr\\\/\"},{\"@type\":\"ListItem\",\"position\":2,\"name\":\"\u00c0 propos de nous\",\"item\":\"https:\\\/\\\/staging.cmcelectronics.activ.is\\\/fr\\\/a-propos-de-nous\\\/\"},{\"@type\":\"ListItem\",\"position\":3,\"name\":\"Notre approche\"}]},{\"@type\":\"WebSite\",\"@id\":\"https:\\\/\\\/staging.cmcelectronics.activ.is\\\/fr\\\/#website\",\"url\":\"https:\\\/\\\/staging.cmcelectronics.activ.is\\\/fr\\\/\",\"name\":\"CMC \u00c9lectronique\",\"description\":\"\",\"publisher\":{\"@id\":\"https:\\\/\\\/staging.cmcelectronics.activ.is\\\/fr\\\/#organization\"},\"potentialAction\":[{\"@type\":\"SearchAction\",\"target\":{\"@type\":\"EntryPoint\",\"urlTemplate\":\"https:\\\/\\\/staging.cmcelectronics.activ.is\\\/fr\\\/?s={search_term_string}\"},\"query-input\":{\"@type\":\"PropertyValueSpecification\",\"valueRequired\":true,\"valueName\":\"search_term_string\"}}],\"inLanguage\":\"fr-FR\"},{\"@type\":\"Organization\",\"@id\":\"https:\\\/\\\/staging.cmcelectronics.activ.is\\\/fr\\\/#organization\",\"name\":\"CMC \u00c9lectronique\",\"url\":\"https:\\\/\\\/staging.cmcelectronics.activ.is\\\/fr\\\/\",\"logo\":{\"@type\":\"ImageObject\",\"inLanguage\":\"fr-FR\",\"@id\":\"https:\\\/\\\/staging.cmcelectronics.activ.is\\\/fr\\\/#\\\/schema\\\/logo\\\/image\\\/\",\"url\":\"https:\\\/\\\/staging.cmcelectronics.activ.is\\\/wp-content\\\/uploads\\\/2022\\\/08\\\/logo-CMC_black.svg\",\"contentUrl\":\"https:\\\/\\\/staging.cmcelectronics.activ.is\\\/wp-content\\\/uploads\\\/2022\\\/08\\\/logo-CMC_black.svg\",\"width\":180,\"height\":57,\"caption\":\"CMC \u00c9lectronique\"},\"image\":{\"@id\":\"https:\\\/\\\/staging.cmcelectronics.activ.is\\\/fr\\\/#\\\/schema\\\/logo\\\/image\\\/\"},\"sameAs\":[\"https:\\\/\\\/www.facebook.com\\\/CMC-lectronique-334109967145086\",\"https:\\\/\\\/www.linkedin.com\\\/company\\\/cmc-electronics\"]}]}<\/script>\n<!-- \/ Yoast SEO plugin. -->","yoast_head_json":{"title":"Notre approche - CMC \u00c9lectronique","robots":{"index":"index","follow":"follow","max-snippet":"max-snippet:-1","max-image-preview":"max-image-preview:large","max-video-preview":"max-video-preview:-1"},"canonical":"https:\/\/staging.cmcelectronics.activ.is\/fr\/a-propos-de-nous\/notre-approche\/","og_locale":"fr_FR","og_type":"article","og_title":"Notre approche - CMC \u00c9lectronique","og_description":"Nous construisons des syst\u00e8mes et des services d\u2019avionique qui r\u00e9pondent exactement aux besoins du client Mettre l\u2019accent sur l\u2019intimit\u00e9 et la collaboration avec les clients Nous travaillons en \u00e9troite collaboration avec nos clients pour adapter nos syst\u00e8mes et services d\u2019avionique \u00e0 leurs besoins exacts. Nos syst\u00e8mes logiciels et mat\u00e9riels minimisent les co\u00fbts de maintien et [&hellip;]","og_url":"https:\/\/staging.cmcelectronics.activ.is\/fr\/a-propos-de-nous\/notre-approche\/","og_site_name":"CMC \u00c9lectronique","article_publisher":"https:\/\/www.facebook.com\/CMC-lectronique-334109967145086","article_modified_time":"2024-08-23T14:41:56+00:00","og_image":[{"url":"https:\/\/staging.cmcelectronics.activ.is\/wp-content\/uploads\/2022\/11\/3.0-CMC_WEB_Top-banners_1920X360_bandeau-page-about-us_1.jpg","type":"","width":"","height":""}],"twitter_card":"summary_large_image","twitter_misc":{"Dur\u00e9e de lecture estim\u00e9e":"3 minutes"},"schema":{"@context":"https:\/\/schema.org","@graph":[{"@type":"WebPage","@id":"https:\/\/staging.cmcelectronics.activ.is\/fr\/a-propos-de-nous\/notre-approche\/","url":"https:\/\/staging.cmcelectronics.activ.is\/fr\/a-propos-de-nous\/notre-approche\/","name":"Notre approche - CMC \u00c9lectronique","isPartOf":{"@id":"https:\/\/staging.cmcelectronics.activ.is\/fr\/#website"},"primaryImageOfPage":{"@id":"https:\/\/staging.cmcelectronics.activ.is\/fr\/a-propos-de-nous\/notre-approche\/#primaryimage"},"image":{"@id":"https:\/\/staging.cmcelectronics.activ.is\/fr\/a-propos-de-nous\/notre-approche\/#primaryimage"},"thumbnailUrl":"https:\/\/staging.cmcelectronics.activ.is\/wp-content\/uploads\/2022\/11\/3.0-CMC_WEB_Top-banners_1920X360_bandeau-page-about-us_1.jpg","datePublished":"2022-11-11T14:40:22+00:00","dateModified":"2024-08-23T14:41:56+00:00","breadcrumb":{"@id":"https:\/\/staging.cmcelectronics.activ.is\/fr\/a-propos-de-nous\/notre-approche\/#breadcrumb"},"inLanguage":"fr-FR","potentialAction":[{"@type":"ReadAction","target":["https:\/\/staging.cmcelectronics.activ.is\/fr\/a-propos-de-nous\/notre-approche\/"]}]},{"@type":"ImageObject","inLanguage":"fr-FR","@id":"https:\/\/staging.cmcelectronics.activ.is\/fr\/a-propos-de-nous\/notre-approche\/#primaryimage","url":"https:\/\/staging.cmcelectronics.activ.is\/wp-content\/uploads\/2022\/11\/3.0-CMC_WEB_Top-banners_1920X360_bandeau-page-about-us_1.jpg","contentUrl":"https:\/\/staging.cmcelectronics.activ.is\/wp-content\/uploads\/2022\/11\/3.0-CMC_WEB_Top-banners_1920X360_bandeau-page-about-us_1.jpg"},{"@type":"BreadcrumbList","@id":"https:\/\/staging.cmcelectronics.activ.is\/fr\/a-propos-de-nous\/notre-approche\/#breadcrumb","itemListElement":[{"@type":"ListItem","position":1,"name":"Accueil","item":"https:\/\/staging.cmcelectronics.activ.is\/fr\/"},{"@type":"ListItem","position":2,"name":"\u00c0 propos de nous","item":"https:\/\/staging.cmcelectronics.activ.is\/fr\/a-propos-de-nous\/"},{"@type":"ListItem","position":3,"name":"Notre approche"}]},{"@type":"WebSite","@id":"https:\/\/staging.cmcelectronics.activ.is\/fr\/#website","url":"https:\/\/staging.cmcelectronics.activ.is\/fr\/","name":"CMC \u00c9lectronique","description":"","publisher":{"@id":"https:\/\/staging.cmcelectronics.activ.is\/fr\/#organization"},"potentialAction":[{"@type":"SearchAction","target":{"@type":"EntryPoint","urlTemplate":"https:\/\/staging.cmcelectronics.activ.is\/fr\/?s={search_term_string}"},"query-input":{"@type":"PropertyValueSpecification","valueRequired":true,"valueName":"search_term_string"}}],"inLanguage":"fr-FR"},{"@type":"Organization","@id":"https:\/\/staging.cmcelectronics.activ.is\/fr\/#organization","name":"CMC \u00c9lectronique","url":"https:\/\/staging.cmcelectronics.activ.is\/fr\/","logo":{"@type":"ImageObject","inLanguage":"fr-FR","@id":"https:\/\/staging.cmcelectronics.activ.is\/fr\/#\/schema\/logo\/image\/","url":"https:\/\/staging.cmcelectronics.activ.is\/wp-content\/uploads\/2022\/08\/logo-CMC_black.svg","contentUrl":"https:\/\/staging.cmcelectronics.activ.is\/wp-content\/uploads\/2022\/08\/logo-CMC_black.svg","width":180,"height":57,"caption":"CMC \u00c9lectronique"},"image":{"@id":"https:\/\/staging.cmcelectronics.activ.is\/fr\/#\/schema\/logo\/image\/"},"sameAs":["https:\/\/www.facebook.com\/CMC-lectronique-334109967145086","https:\/\/www.linkedin.com\/company\/cmc-electronics"]}]}},"_links":{"self":[{"href":"https:\/\/staging.cmcelectronics.activ.is\/fr\/wp-json\/wp\/v2\/pages\/1627","targetHints":{"allow":["GET"]}}],"collection":[{"href":"https:\/\/staging.cmcelectronics.activ.is\/fr\/wp-json\/wp\/v2\/pages"}],"about":[{"href":"https:\/\/staging.cmcelectronics.activ.is\/fr\/wp-json\/wp\/v2\/types\/page"}],"author":[{"embeddable":true,"href":"https:\/\/staging.cmcelectronics.activ.is\/fr\/wp-json\/wp\/v2\/users\/1"}],"replies":[{"embeddable":true,"href":"https:\/\/staging.cmcelectronics.activ.is\/fr\/wp-json\/wp\/v2\/comments?post=1627"}],"version-history":[{"count":1,"href":"https:\/\/staging.cmcelectronics.activ.is\/fr\/wp-json\/wp\/v2\/pages\/1627\/revisions"}],"predecessor-version":[{"id":3407,"href":"https:\/\/staging.cmcelectronics.activ.is\/fr\/wp-json\/wp\/v2\/pages\/1627\/revisions\/3407"}],"up":[{"embeddable":true,"href":"https:\/\/staging.cmcelectronics.activ.is\/fr\/wp-json\/wp\/v2\/pages\/1648"}],"wp:attachment":[{"href":"https:\/\/staging.cmcelectronics.activ.is\/fr\/wp-json\/wp\/v2\/media?parent=1627"}],"curies":[{"name":"wp","href":"https:\/\/api.w.org\/{rel}","templated":true}]}}